{"id":4241,"date":"2022-06-03T10:41:06","date_gmt":"2022-06-03T10:41:06","guid":{"rendered":"https:\/\/hermesgloballojistik.com.tr\/?page_id=4241"},"modified":"2022-06-03T10:41:06","modified_gmt":"2022-06-03T10:41:06","slug":"etik-degerlerimiz","status":"publish","type":"page","link":"https:\/\/hermesgloballojistik.com.tr\/en\/etik-degerlerimiz\/","title":{"rendered":"Our Ethical Values"},"content":{"rendered":"<p>As Hermes Global Lojistik A.S., we strictly adhere to our ethical values.<\/p>\n<p>Because;<\/p>\n<ul>\n<li>We behave in the frame of fairness, goodwill, honesty and objectivity.<\/li>\n<li>We absolutely do the work we undertake.<\/li>\n<li>We protect the commercial and private information of the organizations we collaborate with.<\/li>\n<li>We are always reliable and honest in our professional relationships with our customers.<\/li>\n<li>We respect the privacy of personal information.<\/li>\n<li>We respect the local and international ethic, professional standards.<\/li>\n<li>We abide by our responsibilities related to health and safety.<\/li>\n<li>We show others attention and respect they deserve.<\/li>\n<li>We avoid splurge and waste.<\/li>\n<li>We provide professional and unprejudiced service.<\/li>\n<\/ul>","protected":false},"excerpt":{"rendered":"<p>Hermes Global Lojistik Ailesi olarak biz etik de\u011ferlerimize s\u0131k\u0131 s\u0131k\u0131ya ba\u011fl\u0131y\u0131zd\u0131r. \u00c7\u00fcnk\u00fc biz; Adil, \u0130yi niyet, d\u00fcr\u00fcstl\u00fck ve tarafs\u0131zl\u0131k \u00e7er\u00e7evesi i\u00e7erisinde davran\u0131r\u0131z. Taahh\u00fct etti\u011fimiz i\u015fi mutlaka yapar\u0131z. \u0130\u015f birli\u011fi yapt\u0131\u011f\u0131m\u0131z kurulu\u015flar\u0131n ticari ve \u00f6zel bilgilerini koruruz. M\u00fc\u015fterilerimizle olan mesleki ili\u015fkilerimizde daima g\u00fcvenilir olur ve d\u00fcr\u00fcst davran\u0131r\u0131z. Ki\u015fisel bilgilerin gizlili\u011fine sayg\u0131 g\u00f6steririz. Yerel ve uluslararas\u0131 ahlaka, profesyonel standartlara sayg\u0131 g\u00f6steririz. Sa\u011fl\u0131k ve g\u00fcvenlikle ilgili g\u00f6rev ve sorumluluklar\u0131m\u0131za uyar\u0131z. Ba\u015fkalar\u0131na lay\u0131k olduklar\u0131 ilgiyi ve sayg\u0131y\u0131 g\u00f6steririz. Savurganl\u0131ktan ve israftan ka\u00e7\u0131n\u0131r\u0131z. Profesyonel ve \u00f6n yarg\u0131s\u0131z hizmet sa\u011flar\u0131z.<\/p>","protected":false},"author":2,"featured_media":0,"parent":0,"menu_order":0,"comment_status":"closed","ping_status":"closed","template":"","meta":{"footnotes":""},"class_list":["post-4241","page","type-page","status-publish","hentry"],"_links":{"self":[{"href":"https:\/\/hermesgloballojistik.com.tr\/en\/wp-json\/wp\/v2\/pages\/4241","targetHints":{"allow":["GET"]}}],"collection":[{"href":"https:\/\/hermesgloballojistik.com.tr\/en\/wp-json\/wp\/v2\/pages"}],"about":[{"href":"https:\/\/hermesgloballojistik.com.tr\/en\/wp-json\/wp\/v2\/types\/page"}],"author":[{"embeddable":true,"href":"https:\/\/hermesgloballojistik.com.tr\/en\/wp-json\/wp\/v2\/users\/2"}],"replies":[{"embeddable":true,"href":"https:\/\/hermesgloballojistik.com.tr\/en\/wp-json\/wp\/v2\/comments?post=4241"}],"version-history":[{"count":0,"href":"https:\/\/hermesgloballojistik.com.tr\/en\/wp-json\/wp\/v2\/pages\/4241\/revisions"}],"wp:attachment":[{"href":"https:\/\/hermesgloballojistik.com.tr\/en\/wp-json\/wp\/v2\/media?parent=4241"}],"curies":[{"name":"wp","href":"https:\/\/api.w.org\/{rel}","templated":true}]}}