{"id":4235,"date":"2022-06-03T10:33:10","date_gmt":"2022-06-03T10:33:10","guid":{"rendered":"https:\/\/hermesgloballojistik.com.tr\/?page_id=4235"},"modified":"2023-03-08T20:06:50","modified_gmt":"2023-03-08T20:06:50","slug":"entegre-yonetim-sistemleri-politikasi","status":"publish","type":"page","link":"https:\/\/hermesgloballojistik.com.tr\/en\/entegre-yonetim-sistemleri-politikasi\/","title":{"rendered":"Policy of Integrated Management Systems"},"content":{"rendered":"<!-- CWS Row --><div class=\"cws-content clearfix\"><div class=\"vc_row wpb_row vc_row-fluid\"><div class=\"wpb_column vc_column_container vc_col-sm-12 cws-column\"><div class=\"cws_vc_column-inner\"><div class=\"wpb_column vc_column_container vc_col-sm-12\"><div class=\"vc_column-inner\"><div class=\"wpb_wrapper\">\n\t<div class=\"wpb_text_column wpb_content_element\" >\n\t\t<div class=\"wpb_wrapper\">\n\t\t\t<p>Our purpose as HERMES GLOBAL LOJISTIK A.S. is to be one of the Leader teams in the Sector, in conformity with legal legislation, standard and specifications in National and International platforms, providing quality and economic service on time, innovative, constantly developing its system with participation of its employees, all activities are transparent and open to the public; with the Integrated Management System we created in the direction of our vision, mission, ethical principles and values.<\/p>\n<p>In line with this purpose, we undertake;<\/p>\n<ul>\n<li>To meet customer satisfaction in the highest level and provide continuity,<\/li>\n<li>To follow technological developments, do improvement works of product\/design in our processes and increase productivity,<\/li>\n<li>To reduce environmental effects that may arise from production and service activities of our facilities,<\/li>\n<li>To be respectful to living beings and environment by focusing on protecting our natural environment,<\/li>\n<li>To use natural resources and energy efficiently,<\/li>\n<li>To increase the part of the renewable energy resources in the use of energy,<\/li>\n<li>To provide reliability of information and do activities in this regard<\/li>\n<li>To raise awareness of our employees working in our facilities, suppliers and other shareholders on implementing our policies, reaching our purposes and aims, ensuring our product\/service compliance and environmental protection philosophy,<\/li>\n<li>To increase company performance and efficiency of production,<\/li>\n<li>To constantly improve all the processes by managing the risks efficiently,<\/li>\n<li>To work with the principle of zero accident on occupational health and safety,<\/li>\n<li>To detect the possible risks on Information Assets and create a risk management by using methods such as risk acceptance, risk avoidance, risk reduction, risk control and risk transfer,<\/li>\n<li>To implement, manage and measure process performances by constantly improving in line with the Confidentiality, Integrity and Accessibility Principles of Information Assets,<\/li>\n<li>To identify possible risk points that may be caused by situations that will disrupt Information Security Incidents, Information Security Violation Incidents and Work Continuity and to ensure that corrective actions are carried out in order to prevent them,<\/li>\n<li>To follow the Law of Cyber Crimes (5651) and Personal Data Protection Law (KVKK) in force,<\/li>\n<li>To support and develop its suppliers<\/li>\n<li>To carry out the relationships with the partners with transparency and with common mind,<\/li>\n<\/ul>\n<p>and to implement and constantly improve the requirements of the standards with our Integrated Management System.<\/p>\n\n\t\t<\/div>\n\t<\/div>\n<\/div><\/div><\/div><!-- CWS Column --> <\/div><\/div><\/div><\/div>","protected":false},"excerpt":{"rendered":"HERMES GLOBAL LOJ\u0130ST\u0130K A.\u015e. olarak amac\u0131m\u0131z, vizyon, misyon, etik ilkelerimiz ve de\u011ferlerimiz do\u011frultusunda olu\u015fturdu\u011fumuz Entegre Y\u00f6netim Sistemi ile Ulusal ve Uluslararas\u0131 platformlarda yasal mevzuat, standart ve \u015fartnamelere uyumlu, kaliteli, ekonomik hizmeti zaman\u0131nda sunan, yenilik\u00e7i, \u00e7al\u0131\u015fanlar\u0131n\u0131n kat\u0131l\u0131m\u0131 ile sistemini s\u00fcrekli iyile\u015ftiren, t\u00fcm faaliyetleri \u015feffaf ve kamuoyuna a\u00e7\u0131k, Sekt\u00f6r\u00fcnde Lider tak\u0131mlardan biri olmakt\u0131r. Bu ama\u00e7 do\u011frultusunda; M\u00fc\u015fteri memnuniyetini en \u00fcst d\u00fczeyde kar\u015f\u0131lamay\u0131 ve s\u00fcreklili\u011fi sa\u011flamay\u0131, Teknolojik geli\u015fmeleri takip etmeyi, \u00fcr\u00fcn\/proseslerimizde tasar\u0131m\/geli\u015ftirme \u00e7al\u0131\u015fmalar\u0131 yapmay\u0131 ve verimliliklerimizi artt\u0131rmay\u0131, Tesislerimizin \u00fcretim ve hizmet faaliyetlerinden kaynaklanabilecek \u00e7evresel etkileri azaltmay\u0131, Do\u011fal \u00e7evremizi korumaya odaklanarak canl\u0131lara ve \u00e7evreye sayg\u0131l\u0131 olmay\u0131, Do\u011fal kaynaklar\u0131 ve enerjiyi verimli kullanmay\u0131, Yenilenebilir enerji kaynaklar\u0131n\u0131n enerji kullan\u0131m\u0131ndaki pay\u0131n\u0131 artt\u0131rmay\u0131, Bilginin g\u00fcvenli\u011fini sa\u011flamay\u0131 ve bu kapsamdaki faaliyetleri yapmay\u0131, Tesislerimizde g\u00f6rev yapan \u00e7al\u0131\u015fanlar\u0131m\u0131z\u0131n, tedarik\u00e7ilerimizin ve di\u011fer payda\u015flar\u0131m\u0131z\u0131n; politikalar\u0131m\u0131z\u0131n uygulanmas\u0131, ama\u00e7 ve hedeflerimize ula\u015f\u0131lmas\u0131, \u00fcr\u00fcn\/hizmet uygunlu\u011fumuzun sa\u011flanmas\u0131 ve \u00e7evre koruma felsefesi \u00fczerine fark\u0131ndal\u0131\u011f\u0131n\u0131 artt\u0131rmay\u0131, \u015eirket performans\u0131 ve \u00fcretimin verimlili\u011fini art\u0131rmay\u0131, Riskleri etkin bir bi\u00e7imde y\u00f6neterek t\u00fcm s\u00fcre\u00e7lerini s\u00fcrekli iyile\u015ftirmeyi, \u0130\u015f sa\u011fl\u0131\u011f\u0131 ve g\u00fcvenli\u011fi konusunda s\u0131f\u0131r kaza ilkesiyle \u00e7al\u0131\u015fmay\u0131, Bilgi Varl\u0131klar\u0131 \u00fczerindeki muhtemel riskleri tespit etmek ve risk kabul\u00fc, riskten ka\u00e7\u0131nma, risk azaltma, riski kontrol etme ve riskin transferi gibi y\u00f6ntemler kullanarak bir risk y\u00f6netimi olu\u015fturmay\u0131, Al\u0131nacak \u00f6nlemleri, Bilgi Varl\u0131klar\u0131\u2019 n\u0131n Gizlilik, B\u00fct\u00fcnl\u00fck ve Eri\u015filebilirlik \u0130lkeleri do\u011frultusunda s\u00fcrekli iyile\u015ftirerek, uygulamak, y\u00f6netmek ve s\u00fcre\u00e7 performanslar\u0131n\u0131 \u00f6l\u00e7meyi. Bilgi G\u00fcvenli\u011fi Olaylar\u0131, Bilgi G\u00fcvenli\u011fi \u0130hlal olaylar\u0131 ve i\u015f s\u00fcreklili\u011fini aksatacak durumlar\u0131 yol a\u00e7abilece\u011fi muhtemel risk noktalar\u0131n\u0131n tespit edilerek bunlar\u0131n \u00f6n\u00fcne ge\u00e7ebilmek i\u00e7in d\u00fczeltici faaliyetlerin yerine getirilmesini sa\u011flamay\u0131. Y\u00fcr\u00fcrl\u00fckteki Bili\u015fim Su\u00e7lar\u0131 Kanunu (5651) ve KVKK\u2019 na uymay\u0131, Tedarik\u00e7ilerini desteklemeyi ve geli\u015ftirmeyi, Payda\u015flar\u0131yla ili\u015fkileri \u015feffaf bir bi\u00e7imde ve ortak ak\u0131l ile y\u00f6netmeyi, ve Entegre Y\u00f6netim Sistemimiz ile standartlar\u0131n gereklerini uygulamay\u0131 ve s\u00fcrekli geli\u015ftirmeyi taahh\u00fct ederiz.","protected":false},"author":2,"featured_media":0,"parent":0,"menu_order":0,"comment_status":"closed","ping_status":"closed","template":"","meta":{"footnotes":""},"class_list":["post-4235","page","type-page","status-publish","hentry"],"_links":{"self":[{"href":"https:\/\/hermesgloballojistik.com.tr\/en\/wp-json\/wp\/v2\/pages\/4235","targetHints":{"allow":["GET"]}}],"collection":[{"href":"https:\/\/hermesgloballojistik.com.tr\/en\/wp-json\/wp\/v2\/pages"}],"about":[{"href":"https:\/\/hermesgloballojistik.com.tr\/en\/wp-json\/wp\/v2\/types\/page"}],"author":[{"embeddable":true,"href":"https:\/\/hermesgloballojistik.com.tr\/en\/wp-json\/wp\/v2\/users\/2"}],"replies":[{"embeddable":true,"href":"https:\/\/hermesgloballojistik.com.tr\/en\/wp-json\/wp\/v2\/comments?post=4235"}],"version-history":[{"count":1,"href":"https:\/\/hermesgloballojistik.com.tr\/en\/wp-json\/wp\/v2\/pages\/4235\/revisions"}],"predecessor-version":[{"id":4345,"href":"https:\/\/hermesgloballojistik.com.tr\/en\/wp-json\/wp\/v2\/pages\/4235\/revisions\/4345"}],"wp:attachment":[{"href":"https:\/\/hermesgloballojistik.com.tr\/en\/wp-json\/wp\/v2\/media?parent=4235"}],"curies":[{"name":"wp","href":"https:\/\/api.w.org\/{rel}","templated":true}]}}