{"id":4227,"date":"2022-06-03T09:53:52","date_gmt":"2022-06-03T09:53:52","guid":{"rendered":"https:\/\/hermesgloballojistik.com.tr\/?page_id=4227"},"modified":"2022-06-03T12:20:28","modified_gmt":"2022-06-03T12:20:28","slug":"kvkk-internet-sitesi-aydinlatma-metni","status":"publish","type":"page","link":"https:\/\/hermesgloballojistik.com.tr\/en\/kvkk-internet-sitesi-aydinlatma-metni\/","title":{"rendered":"Personal Data Protection Law (KVKK) Website Clarification Text"},"content":{"rendered":"<p style=\"text-align: center;\"><strong>6698<\/strong><strong> IN ACCORDANCE WITH THE PERSONAL DATA PROTECTION LAW NUMBERED 6698<\/strong><\/p>\n<p style=\"text-align: center;\"><strong>IN ACCORDANCE<\/strong><strong>.<\/strong><\/p>\n<p style=\"text-align: center;\"><strong>WITH PERSONAL DATA PROTECTION <\/strong><strong>LAW NUMBERED<\/strong> <strong>6698<\/strong><\/p>\n<p>&nbsp;<\/p>\n<p><strong>APPLICATION FORM REGARDING THE USE OF RIGHTS GRANTED TO PERSONAL DATA HOLDER<\/strong><strong> .<\/strong><\/p>\n<p>As, Hermes Global Lojistik Anonim Sirketi, we appreciate your visits to our website and the interest you show to our company and services. You may be sharing your data with us due to your visits to our website and transactions you do on our website. Your personal data you transferred to us by your visits to our website and saved by us are protected with maximum care and attention and are processed in accordance with the data security rules applicable in the country where our responsible unit is located. Our website may contain links to websites of other servers that do not have a data security statement.<\/p>\n<p>&nbsp;<\/p>\n<p><strong>APPLICATION FORM REGARDING THE USE OF RIGHTS GRANTED TO PERSONAL DATA HOLDER<\/strong><strong> VER\u0130LER\u0130N \u0130\u015eLENMES\u0130 AYDINLATMA METN\u0130<\/strong><\/p>\n<p>According to article 10 titled \u2018Data Supervisor\u2019s Clarification Liability\u2019 of Personal Data Protection Law (\u201cKVKK\u201d) numbered 6698, our data supervisor company Hermes Global Lojistik Anonim Sirketi (\u201cHermes Global Lojistik\u201d) has liability of informing the data holders on identity, purposes of processing personal data, persons to whom personal data is transferred and the purposes of transfer, legal reasons and methods of collecting personal data, regarding the rights listed in Article 11 of the Personal Data Protection Law (KVKK), which the personal data owner will direct to the data controller.<\/p>\n<p>In accordance with this article, this Clarification Text has been issued in order to inform you, the data holders, according to article 10 of Personal Data Protection Law (KVKK).<\/p>\n<ol>\n<li><strong> Identity of Data Supervisor:<\/strong><\/li>\n<\/ol>\n<p>KVKK\u2019n\u0131n 3\/1 (\u0131) maddesinde de veri sorumlusu, \u2018<em>Ki\u015fisel<\/em> <em>verilerin<\/em> <em>i\u015fleme<\/em> <em>ama\u00e7lar\u0131n\u0131<\/em> <em>ve<\/em><em> vas\u0131talar\u0131n\u0131 belirleyen, veri kay\u0131t sisteminin kurulmas\u0131ndan ve y\u00f6netilmesinden sorumlu olan ger\u00e7ek veya t\u00fczel ki\u015filer<\/em>\u2019 olarak tan\u0131mlanm\u0131\u015ft\u0131r. KVKK\u2019n\u0131n \u2018Veri Sorumlusunun Ayd\u0131nlatma Y\u00fck\u00fcml\u00fcl\u00fc\u011f\u00fc\u2019 ba\u015fl\u0131kl\u0131 10\/1 (a) maddesinde de veri sahibine,\u00a0\u00a0 veri sorumlusunun kimli\u011fi konusunda bilgi verilmesi y\u00fck\u00fcml\u00fcl\u00fc\u011f\u00fcn\u00fc getirmi\u015ftir.<\/p>\n<p>Hermes Global Lojistik may have the capacity of \u2018data supervisor\u2019 in the scope of Personal Data Protection Law (KVKK) due to the personal data you share with us both on this website and in other areas. In this frame, \u2018identity of data supervisor\u2019 has been established as joint stock company in accordance with the laws of Republic of Turkey and registered to Istanbul Trade Registry Directorate with registration number 300381, with Mersis Number 0179064041600020, with company address at Fulya Mah. Prof. Dr. Bulent Tarcan Cad. No: 16 Sisli \/ Istanbul, titled as Hermes Global Lojistik Anonim Sirketi.<\/p>\n<ol>\n<li><strong> Purposes of processing personal data:<\/strong><\/li>\n<\/ol>\n<p>Your personal data are processed according to the provisions of processing personal data indicated in article 4 of Personal Data Protection Law (KVKK), based on one of more than one conditions of processing personal data indicated in article 5 of Personal Data Protection Law (KVKK). In all the activities of processing personal data carried out by Hermes Global Lojistik, we act in accordance with the liabilities required in all relevant legislation, especially the KVKK.<\/p>\n<p>Within the conditions and purposes of processing personal data indicated in article 5 and 6 of Personal Data Protection Law (KVKK), purposes of processing your personal data are; carrying out the necessary work by our business units in order to benefit you from the products and services offered by our company; suggesting the products and services offered by our company to you by customizing them according to your tastes, usage habits and needs; ensuring the legal and commercial security of our company and those who have a business relationship with our company and determining and implementing our company's commercial and business strategies.<\/p>\n<ol>\n<li><strong> . To Whom and For What Purpose the Processed Personal Data Can Be Transferred:<\/strong><\/li>\n<\/ol>\n<p>Your collected personal data can be transferred to our business partners, suppliers, shareholders, authorized public institutions and organizations and private persons in order for; carrying out the necessary work by our business units in order to benefit you from the products and services offered by our company; suggesting the products and services offered by our company to you by customizing them according to your tastes, usage habits and needs; ensuring the legal and commercial security of our company and those who have a business relationship with our company and determining and implementing our company's commercial and business strategies; in the frame of the conditions and purposes of processing personal data indicated in article 8 and 9 of Personal Data Protection Law (KVKK), limited to the purposes indicated in the Personal Data Processing and Protection Policy of Hermes Global Lojistik ve Ticaret Anonim Sirketi, which you can access from the internet address www.bogazicigumruk.com.tr.<\/p>\n<ol>\n<li><strong> Method and Legal Reason of Collecting Your Personal Data:<\/strong><\/li>\n<\/ol>\n<p>Your personal data are collected in accordance with the laws and by various ways including the registrations you make with the use of this website in order to carry out commercial activities, the forms you fill in our sales stores and the agreements you make with our company. Your personal data can also be processed and transferred in the scope of the conditions and purposes of processing personal data indicated in article 5 and 6 of Personal Data Protection Law (KVKK).<\/p>\n<ol>\n<li><strong> Rights of Personal Data Holder:<\/strong><\/li>\n<\/ol>\n<p>As personal data holders, you can send your requests to us regarding your rights through website www.bogazicigumruk.com.tr. Hermes Global Lojistik Anonim Sirketi, according to the nature of the request, will conclude your request as soon as possible and within at the latest 30 (thirty) days for free.<\/p>\n<p>If the information you request from our company regarding your personal data require extra cost, these information will be covered on condition that the fee in the tariff determined by the Board of Personal Data Protection is paid. Rights of natural persons whose personal data are processed according to article 11 of Personal Data Protection Law (KVKK) are as below:<\/p>\n<ul>\n<li>To find out whether their personal data are processed or not,<\/li>\n<li>To request information if their personal data are processed,<\/li>\n<li>To find out the purpose of processing the personal data and whether these are used according to its purpose or not,<\/li>\n<li>To know the third persons to whom the personal data is transferred in domestic or abroad,<\/li>\n<li>if the personal data is processed incompletely or incorrect, to request these to be corrected and to request the notification of the transaction made in this regard to the third parties to whom the personal data has been transferred,<\/li>\n<li>To request the deletion or destroying of personal data if the reasons requiring processing disappear, although it has been processed in accordance with the provisions of Personal Data Protection Law (KVKK) and the other related law and to request the notification of the transaction made in this regard to the third parties to whom the personal data has been transferred,<\/li>\n<li>To object to the emergence of a result against them by means of analyzing the processed data through exclusively automatic systems,<\/li>\n<li>Ki\u015fisel verilerin kanuna ayk\u0131r\u0131 olarak i\u015flenmesi sebebiyle zarara u\u011framas\u0131 h\u00e2linde zarar\u0131n giderilmesini talep etme.<\/li>\n<\/ul>\n<p>&nbsp;<\/p>\n<p><strong>CHOOSING<\/strong> <strong>OPPORTUNITIES<\/strong><\/p>\n<p>Yasal zorunluluk ve s\u00f6zle\u015fmesel ili\u015fkilerimiz sebebiyle kaydettiklerimiz sakl\u0131 kalmak kayd\u0131yla, ki\u015fisel verilerinizden, sizi \u00fcr\u00fcnlerimiz ve hizmetlerimiz konusunda bilgilendirebilmek amac\u0131 ile yararlanmak istiyoruz. Ki\u015fisel Verilerinizi bu ama\u00e7la kullanmam\u0131za izin vermek sizin inisiyatifinizde olup, onay vermemeniz veya daha \u00f6nce vermi\u015f oldu\u011funu onaylar\u0131 geri almak istemeniz halinde bilgileriniz eri\u015fime kapat\u0131larak bu ama\u00e7larla kullan\u0131mlar\u0131na son verilecektir.<\/p>\n<p>&nbsp;<\/p>\n<p><strong>COOKIES<\/strong> <strong>.<\/strong><\/p>\n<p>We use cookies on our website in order to follow preferences of the users. Cookies are small files left to your computer\u2019s hard disk. This facilitates navigation and provides a much more comfortable use of the website. Cookies also help us determine the most popular fields on our website. Therefore, we can create the contents of our website to meet your needs better and improve the service we offer you. Cookies may also be used to determine whether there has been an access to our website from your computer before.<\/p>\n<p>You can also use our website without cookies. You can prevent cookies from being saved on your computer's hard disk by selecting the *block cookies* setting in your browser settings. However, we would like to draw your attention to that many browsers automatically accepts cookies and in case you do not accept cookies, your use of our website may be limited.<\/p>\n<p>&nbsp;<\/p>\n<p class=\" translation-block\">SECURITY<\/p>\n<p>We protect your personal data that you allow to be collected by our company in order to prevent loss, damage and unauthorized access and for this purpose, we apply some security measures. Our security measures are in constant development with technological progress.<\/p>\n<p>&nbsp;<\/p>\n<p><strong>RIGHT<\/strong><strong> TO INFORMATION<\/strong><\/p>\n<p>In the scope of Personal Data Protection Law (KVKK), we have liability to give information to you whether there are personal data of you recorded by our company and if there are, to show you the data and when necessary, to delete or change them. If you want information regarding your personal data, please fill the attached application form and send it to our company. Your request will be responded within 30 days.<\/p>","protected":false},"excerpt":{"rendered":"<p>6698 SAYILI K\u0130\u015e\u0130SEL VER\u0130LER\u0130N KORUNMASI KANUNU UYARINCA \u0130NTERNET S\u0130TES\u0130 AYDINLATMA METN\u0130 &nbsp; K\u0130\u015e\u0130SEL VER\u0130LER\u0130N G\u0130ZL\u0130L\u0130\u011e\u0130 Hermes Global Lojistik Anonim \u015eirketi olarak web sitemizi ziyaret etmenizden, \u015firketimiz ve hizmetlerimize g\u00f6sterdi\u011finiz\u00a0 ilgiden memnuniyet duyuyoruz. Internet sitemizi ziyaretiniz ve site \u00fczerinden yapm\u0131\u015f oldu\u011funu i\u015flemler sebebiyle, bizimle ki\u015fisel verilerinizi payla\u015f\u0131yor\u00a0\u00a0 olabilirsiniz.\u00a0\u00a0 Internet\u00a0\u00a0 sitemizi\u00a0\u00a0 ziyaretiniz\u00a0\u00a0 s\u0131ras\u0131nda\u00a0\u00a0 bize\u00a0\u00a0 aktard\u0131\u011f\u0131n\u0131z\u00a0\u00a0 ve kaydetti\u011fimiz ki\u015fisel verileriniz azami dikkat ve \u00f6zen g\u00f6sterilerek korunmakta ve sorumlu birimimizin\u00a0 bulundu\u011fu\u00a0 \u00fclkede\u00a0\u00a0 y\u00fcr\u00fcrl\u00fckte\u00a0 olan\u00a0 veri\u00a0 g\u00fcvenli\u011fi\u00a0 kurallar\u0131\u00a0 do\u011frultusunda i\u015flenmektedir. Internet sitemiz, veri g\u00fcvenli\u011fi a\u00e7\u0131klamas\u0131 olmayan ba\u015fka sunucular\u0131n web sitelerine linkler de i\u00e7erebilir. &nbsp; K\u0130\u015e\u0130SEL VER\u0130LER\u0130N \u0130\u015eLENMES\u0130 AYDINLATMA METN\u0130 6698\u00a0 say\u0131l\u0131\u00a0 Ki\u015fisel\u00a0 Verilerin\u00a0 Korunmas\u0131\u00a0 Kanunu\u2019nun\u00a0 (\u201cKVKK\u201d)\u00a0 \u2018Veri\u00a0 Sorumlusunun Ayd\u0131nlatma Y\u00fck\u00fcml\u00fcl\u00fc\u011f\u00fc\u2019 ba\u015fl\u0131kl\u0131 10. Maddesi uyar\u0131nca veri sorumlusu olan \u015firketimiz Hermes Global Lojistik Anonim \u015eirketi (\u201cHermes Global \u00a0Lojistik\u201d) kimli\u011fi, ki\u015fisel veri i\u015fleme ama\u00e7lar\u0131, ki\u015fisel verilerin aktar\u0131ld\u0131\u011f\u0131 ki\u015filer ve aktarma ama\u00e7lar\u0131, ki\u015fisel verilerin toplanmas\u0131n\u0131n hukuki sebepleri ve y\u00f6ntemleri, ki\u015fisel veri sahibinin veri sorumlusuna y\u00f6neltece\u011fi KVKK\u2019n\u0131n 11\u2019inci maddesinde say\u0131lan haklar\u0131 konusunda veri sahiplerini bilgilendirme y\u00fck\u00fcml\u00fcl\u00fc\u011f\u00fc bulunmaktad\u0131r. Bu madde uyar\u0131nca i\u015fbu Ayd\u0131nlatma Metni,\u00a0 KVKK\u2019n\u0131n 10\u2019uncu maddesi h\u00fckm\u00fc uyar\u0131nca siz veri sahipleri ayd\u0131nlatma amac\u0131 ile haz\u0131rlanm\u0131\u015ft\u0131r. Veri Sorumlusunun Kimli\u011fi: KVKK\u2019n\u0131n 3\/1 (\u0131) maddesinde de veri sorumlusu, \u2018Ki\u015fisel verilerin i\u015fleme ama\u00e7lar\u0131n\u0131 ve vas\u0131talar\u0131n\u0131 belirleyen, veri kay\u0131t sisteminin kurulmas\u0131ndan ve y\u00f6netilmesinden sorumlu olan ger\u00e7ek veya t\u00fczel ki\u015filer\u2019 olarak tan\u0131mlanm\u0131\u015ft\u0131r. KVKK\u2019n\u0131n \u2018Veri Sorumlusunun Ayd\u0131nlatma Y\u00fck\u00fcml\u00fcl\u00fc\u011f\u00fc\u2019 ba\u015fl\u0131kl\u0131 10\/1 (a) maddesinde de veri sahibine,\u00a0\u00a0 veri sorumlusunun kimli\u011fi konusunda bilgi verilmesi y\u00fck\u00fcml\u00fcl\u00fc\u011f\u00fcn\u00fc getirmi\u015ftir. Hermes Global \u00a0Lojistik, gerek bu internet sitesi gerekse di\u011fer mecralarda bizimle payla\u015ft\u0131\u011f\u0131n\u0131z ki\u015fisel verileriniz\u00a0 sebebiyle\u00a0 KVKK\u2019nun\u00a0 kapsam\u0131nda,\u00a0 \u2018veri\u00a0 sorumlusu\u2019\u00a0 s\u0131fat\u0131na\u00a0 haiz\u00a0 olabilir.\u00a0 Bu \u00e7er\u00e7evede\u00a0 \u2018veri\u00a0 sorumlusunun\u00a0 kimli\u011fi\u2019,\u00a0 T\u00fcrkiye\u00a0 Cumhuriyeti\u00a0 kanunlar\u0131na\u00a0 uygun\u00a0 \u015fekilde anonim \u015firket olarak kurulmu\u015f olup, \u0130stanbul Ticaret Sicil Memurlu\u011fu nezdinde 300381 sicil numaras\u0131 ile kay\u0131tl\u0131, 0179064041600020 \u00a0Mersis Numaral\u0131, \u015firket merkezi Fulya Mah. Prof. Dr. B\u00fclent Tarcan Cad. No:16 \u015ei\u015fli \/ \u0130stanbul adresinde bulunan Hermes Global Lojistik Anonim \u015eirketi.\u2019dir. Ki\u015fisel Verilerin \u0130\u015flenme Ama\u00e7lar\u0131: Ki\u015fisel Verileriniz KVKK\u2019n\u0131n 5\u2019inci maddesinde belirtilen ki\u015fisel veri i\u015fleme \u015fartlar\u0131ndan bir veya birka\u00e7\u0131na dayal\u0131 olarak, KVKK\u2019n\u0131n 4\u2019\u00fcnc\u00fc maddesinde belirtilen ki\u015fisel veri i\u015fleme ilkelerine uygun \u015fekilde i\u015flenmektedir. Hermes Global \u00a0Lojistik\u2019in y\u00fcr\u00fctm\u00fc\u015f oldu\u011fu t\u00fcm ki\u015fisel veri i\u015fleme faaliyetlerinde KVKK ba\u015fta olmak \u00fczere ilgili t\u00fcm mevzuatta aranan y\u00fck\u00fcml\u00fcklere de uygun olarak hareket edilmektedir. Ki\u015fisel verilerinizin i\u015flenme ama\u00e7lar\u0131 KVKK\u2019n\u0131n 5. ve 6. maddelerinde belirtilen ki\u015fisel veri i\u015fleme \u015fartlar\u0131 ve ama\u00e7lar\u0131 dahilinde \u015eirketimiz taraf\u0131ndan sunulan \u00fcr\u00fcn ve hizmetlerden sizleri faydaland\u0131rmak\u00a0 i\u00e7in\u00a0 gerekli\u00a0 \u00e7al\u0131\u015fmalar\u0131n\u00a0 i\u015f\u00a0 birimlerimiz\u00a0 taraf\u0131ndan\u00a0 yap\u0131lmas\u0131;\u00a0 \u015eirketimiz taraf\u0131ndan sunulan \u00fcr\u00fcn ve hizmetlerin sizlerin be\u011feni, kullan\u0131m al\u0131\u015fkanl\u0131klar\u0131 ve ihtiya\u00e7lar\u0131na g\u00f6re \u00f6zelle\u015ftirilerek sizlere \u00f6nerilmesi; \u015eirketimizin ve \u015eirketimizle i\u015f ili\u015fkisi i\u00e7erisinde olan ki\u015filerin\u00a0 hukuki\u00a0 ve\u00a0 ticari\u00a0 g\u00fcvenli\u011finin\u00a0 temini\u00a0 ve\u00a0 \u015eirketimizin\u00a0 ticari\u00a0 ve\u00a0 i\u015f\u00a0 stratejilerinin belirlenmesi ve uygulanmas\u0131d\u0131r. Ki\u015fisel verilerinizin \u015eirket\u2019imiz taraf\u0131ndan i\u015flenme ama\u00e7lar\u0131 konusunda detayl\u0131 bilgilere, www.bogazicigumruk.com.tr internet adresinden ula\u015fabilece\u011finiz Hermes Global Lojistik Anonim\u00a0 \u015eirketi\u00a0 Ki\u015fisel\u00a0 Verilerin\u00a0 \u0130\u015flenmesi\u00a0 ve Korunmas\u0131 Politikas\u0131\u2019nda yer verilmi\u015ftir. \u0130\u015flenen Ki\u015fisel Verilerin Kimlere ve Hangi Ama\u00e7la Aktar\u0131labilece\u011fi: Toplanan\u00a0 ki\u015fisel\u00a0 verileriniz,\u00a0 \u015eirketimiz\u00a0 taraf\u0131ndan\u00a0 sunulan\u00a0 \u00fcr\u00fcn\u00a0 ve\u00a0 hizmetlerden\u00a0 sizleri faydaland\u0131rmak i\u00e7in gerekli \u00e7al\u0131\u015fmalar\u0131n i\u015f birimlerimiz taraf\u0131ndan yap\u0131lmas\u0131; bu site \u00fczerinden \u015eirketimiz \u00fcr\u00fcnlerinin sat\u0131\u015f ve pazarlamas\u0131n\u0131n yap\u0131lmas\u0131; \u015eirketimiz taraf\u0131ndan sunulan \u00fcr\u00fcn ve hizmetlerin sizlerin be\u011feni, kullan\u0131m al\u0131\u015fkanl\u0131klar\u0131 ve ihtiya\u00e7lar\u0131na g\u00f6re \u00f6zelle\u015ftirilerek sizlere \u00f6nerilmesi; \u015eirketimizin ve \u015eirketimizle i\u015f ili\u015fkisi i\u00e7erisinde olan ki\u015filerin hukuki ve ticari g\u00fcvenli\u011finin temini ve \u015eirketimizin ticari ve i\u015f stratejilerinin belirlenmesi ve uygulanmas\u0131 ama\u00e7lar\u0131yla\u00a0 i\u015f\u00a0 ortaklar\u0131m\u0131za,\u00a0 tedarik\u00e7ilerimize,\u00a0 hissedarlar\u0131m\u0131za,\u00a0 kanunen\u00a0 yetkili\u00a0 kamu kurumlar\u0131na ve \u00f6zel ki\u015filere, KVKK\u2019n\u0131n 8. ve 9. maddelerinde belirtilen ki\u015fisel veri i\u015fleme \u015fartlar\u0131 ve ama\u00e7lar\u0131 \u00e7er\u00e7evesinde www.bogazicigumruk.com.tr internet adresinden ula\u015fabilece\u011finiz Hermes Global Lojistik ve Ticaret Anonim \u015eirketi Ki\u015fisel Verilerin \u0130\u015flenmesi ve Korunmas\u0131 Politikas\u0131\u2019nda belirtilen ama\u00e7larla s\u0131n\u0131rl\u0131 olarak aktar\u0131labilecektir. Ki\u015fisel Verilerinizi Toplamam\u0131z\u0131n Y\u00f6ntemi ve Hukuki Sebebi: Ki\u015fisel verileriniz \u015firketimiz Hermes Global \u00a0Lojistik taraf\u0131ndan, ticari faaliyetlerimizi y\u00fcr\u00fctmek amac\u0131yla i\u015fbu internet sitesinin kullan\u0131m\u0131 ile yapt\u0131\u011f\u0131n\u0131z kay\u0131tlar, sat\u0131\u015f ma\u011fazalar\u0131m\u0131zda doldurdu\u011funuz formlar ve \u015eirketimiz ile akdetmi\u015f oldu\u011funuz s\u00f6zle\u015fmeler dahil farkl\u0131 kanallarla ve yasalara uygun olarak toplanmaktad\u0131r. Ki\u015fisel verileriniz KVKK\u2019n\u0131n 5. ve 6. maddelerinde belirtilen ki\u015fisel\u00a0 veri i\u015fleme \u015fartlar\u0131 ve ama\u00e7lar\u0131 kapsam\u0131nda i\u015fbu\u00a0 Ayd\u0131nlatma Metni\u2019nde belirtilen ama\u00e7larla da i\u015flenebilmekte ve aktar\u0131labilmektedir. Ki\u015fisel Veri Sahibinin Haklar\u0131: Ki\u015fisel veri sahipleri olarak, haklar\u0131n\u0131za ili\u015fkin taleplerinizi www.bogazicigumruk.com.tr internet adresinden kamuoyu ile payla\u015f\u0131lm\u0131\u015f olan Hermes Global Lojistik Anonim \u015eirketi Ki\u015fisel Verilerin \u0130\u015flenmesi ve Korunmas\u0131 Politikas\u0131\u2019nda d\u00fczenlenen y\u00f6ntemlerle taraf\u0131m\u0131za iletebilirsiniz. Hermes Global \u00a0Lojistik, talebin niteli\u011fine g\u00f6re talebi en k\u0131sa s\u00fcrede ve en ge\u00e7 otuz (30) g\u00fcn i\u00e7inde \u00fccretsiz olarak sonu\u00e7land\u0131racakt\u0131r. Ki\u015fisel Verileriniz ile ilgili olarak \u015firketimizden talep etti\u011finiz bilgilerin teminin ayr\u0131ca bir maliyeti\u00a0 gerektirmesi\u00a0 h\u00e2linde,\u00a0 bu\u00a0 bilgiler\u00a0 Ki\u015fisel\u00a0 Verileri\u00a0 Koruma\u00a0 Kurulunca\u00a0 belirlenen tarifedeki \u00fccretin \u00f6denmesi ko\u015fulu ile temin edilecektir. Ki\u015fisel verisi i\u015flenen ger\u00e7ek ki\u015filerin KVKK\u2019n\u0131n 11. maddesi uyar\u0131ca sahip oldu\u011fu haklar a\u015fa\u011f\u0131daki gibidir: Ki\u015fisel veri i\u015flenip i\u015flenmedi\u011fini \u00f6\u011frenme, Ki\u015fisel verileri i\u015flenmi\u015fse buna ili\u015fkin bilgi talep etme, Ki\u015fisel verilerin i\u015flenme amac\u0131n\u0131 ve bunlar\u0131n amac\u0131na uygun kullan\u0131l\u0131p kullan\u0131lmad\u0131\u011f\u0131n\u0131 \u00f6\u011frenme, Yurt i\u00e7inde veya yurt d\u0131\u015f\u0131nda ki\u015fisel verilerin aktar\u0131ld\u0131\u011f\u0131 \u00fc\u00e7\u00fcnc\u00fc ki\u015fileri bilme, Ki\u015fisel verilerin eksik veya yanl\u0131\u015f i\u015flenmi\u015f olmas\u0131 h\u00e2linde bunlar\u0131n d\u00fczeltilmesini isteme ve bu kapsamda yap\u0131lan i\u015flemin ki\u015fisel verilerin aktar\u0131ld\u0131\u011f\u0131 \u00fc\u00e7\u00fcnc\u00fc ki\u015filere bildirilmesini isteme, KVKK ve ilgili di\u011fer kanun h\u00fck\u00fcmlerine uygun olarak i\u015flenmi\u015f olmas\u0131na ra\u011fmen, i\u015flenmesini gerektiren sebeplerin ortadan kalkmas\u0131 h\u00e2linde ki\u015fisel verilerin silinmesini veya yok edilmesini isteme ve bu kapsamda yap\u0131lan i\u015flemin ki\u015fisel verilerin aktar\u0131ld\u0131\u011f\u0131 \u00fc\u00e7\u00fcnc\u00fc ki\u015filere bildirilmesini isteme, \u0130\u015flenen verilerin m\u00fcnhas\u0131ran otomatik sistemler vas\u0131tas\u0131yla analiz edilmesi suretiyle ki\u015finin kendisi aleyhine bir sonucun ortaya \u00e7\u0131kmas\u0131na itiraz etme, Ki\u015fisel verilerin kanuna ayk\u0131r\u0131 olarak i\u015flenmesi sebebiyle zarara u\u011framas\u0131 h\u00e2linde zarar\u0131n giderilmesini talep etme. &nbsp; SE\u00c7ME OLANAKLARI Yasal zorunluluk ve s\u00f6zle\u015fmesel ili\u015fkilerimiz sebebiyle kaydettiklerimiz sakl\u0131 kalmak kayd\u0131yla, ki\u015fisel verilerinizden, sizi \u00fcr\u00fcnlerimiz ve hizmetlerimiz konusunda bilgilendirebilmek amac\u0131 ile yararlanmak istiyoruz. Ki\u015fisel Verilerinizi bu ama\u00e7la kullanmam\u0131za izin vermek sizin inisiyatifinizde olup, onay vermemeniz veya daha \u00f6nce vermi\u015f oldu\u011funu onaylar\u0131 geri almak istemeniz halinde bilgileriniz eri\u015fime kapat\u0131larak bu ama\u00e7larla kullan\u0131mlar\u0131na son verilecektir. &nbsp; \u00c7EREZLER (COOK\u0130ELER) Kullan\u0131c\u0131lar\u0131n tercihlerinin izlenmesi amac\u0131yla internet sitemizde cookieler kullan\u0131lmaktad\u0131r. Cookieler,\u00a0 bilgisayar\u0131n\u0131z\u0131n\u00a0 sabit\u00a0 diskine\u00a0 b\u0131rak\u0131lan\u00a0 k\u00fc\u00e7\u00fck\u00a0 dosyalard\u0131r.\u00a0 Bu,\u00a0 navigasyonu kolayla\u015ft\u0131r\u0131r ve internet sitesinin \u00e7ok daha rahat kullan\u0131lmas\u0131n\u0131 sa\u011flar. Cookieler ayn\u0131 zamanda bizim internet sitemizde en pop\u00fcler olan alanlar\u0131 saptamam\u0131za yard\u0131mc\u0131 olmaktad\u0131r. B\u00f6ylelikle internet\u00a0 sitelerimizin\u00a0 i\u00e7eriklerini\u00a0 sizin\u00a0 gereksinimlerinizi\u00a0 daha\u00a0 iyi\u00a0 kar\u015f\u0131layacak\u00a0 bi\u00e7imde olu\u015fturabilir,\u00a0 dolay\u0131s\u0131yla\u00a0 size\u00a0 sundu\u011fumuz\u00a0 hizmeti\u00a0 de\u00a0 iyile\u015ftirebiliriz.\u00a0 Cookieler;\u00a0 sizin bilgisayar\u0131n\u0131zdan\u00a0 daha\u00a0 \u00f6nce\u00a0 internet\u00a0 sitemize\u00a0 eri\u015filip\u00a0 eri\u015filmedi\u011fini\u00a0 saptamak\u00a0 i\u00e7in\u00a0 de kullan\u0131labilir. Internet sitemizi cookieler olmaks\u0131z\u0131n da kullanabilirsiniz Cookielerin bilgisayar\u0131n\u0131z\u0131n sabit diskine kaydedilmesini, browser ayarlar\u0131nda *cookie\u00a0\u00a0\u00a0\u00a0 engelle* ayar\u0131n\u0131 se\u00e7erek engelleyebilirsiniz. Ancak bir\u00e7ok browser\u0131n cookieleri otomatik olarak kabul etti\u011fi ve cookie kabul\u00a0 etmemeniz\u00a0 halinde\u00a0 internet\u00a0 sitemizi\u00a0 kullan\u0131m\u0131n\u0131z\u0131n\u00a0 s\u0131n\u0131rlanabilece\u011fini\u00a0 hususunda dikkatinizi \u00e7ekmek isteriz. &nbsp; G\u00dcVENL\u0130K \u015eirketimizce toplanmas\u0131na izin verdi\u011finiz ki\u015fisel verilerinizi, kay\u0131p, hasar ve yetkisiz ki\u015filerin eri\u015fimine\u00a0 engel\u00a0 olmak\u00a0 amac\u0131yla\u00a0 koruyor\u00a0 ve\u00a0 bu\u00a0 ama\u00e7la\u00a0 bir\u00a0 k\u0131s\u0131m\u00a0 g\u00fcvenlik\u00a0 \u00f6nlemlerini uyguluyoruz.\u00a0 G\u00fcvenlik\u00a0 \u00f6nlemlerimiz\u00a0 teknolojik\u00a0 ilerlemeler\u00a0 ile\u00a0 birlikte\u00a0 s\u00fcrekli\u00a0 geli\u015fme i\u00e7erisindedir. &nbsp; B\u0130LG\u0130 ED\u0130NME HAKKI KVKK kapsam\u0131nda \u015eirketimiz taraf\u0131ndan kaydedilen ki\u015fisel verilerinizin var olup olmad\u0131\u011f\u0131n\u0131 hususunda size bilgi ve varsa, size verileri g\u00f6rme ve gerekti\u011finde silme ya da de\u011fi\u015ftirme y\u00fck\u00fcml\u00fcl\u00fc\u011f\u00fcm\u00fcz bulunmaktad\u0131r. Ki\u015fisel Verileriniz ile ilgili bilgi edinmek istemeniz halinde ekli ba\u015fvuru formunu doldurarak, \u015firketimize g\u00f6ndermenizi rica ediyoruz. Talebiniz 30 g\u00fcn i\u00e7inde cevaplanacakt\u0131r.<\/p>","protected":false},"author":2,"featured_media":0,"parent":0,"menu_order":0,"comment_status":"closed","ping_status":"closed","template":"","meta":{"footnotes":""},"class_list":["post-4227","page","type-page","status-publish","hentry"],"_links":{"self":[{"href":"https:\/\/hermesgloballojistik.com.tr\/en\/wp-json\/wp\/v2\/pages\/4227","targetHints":{"allow":["GET"]}}],"collection":[{"href":"https:\/\/hermesgloballojistik.com.tr\/en\/wp-json\/wp\/v2\/pages"}],"about":[{"href":"https:\/\/hermesgloballojistik.com.tr\/en\/wp-json\/wp\/v2\/types\/page"}],"author":[{"embeddable":true,"href":"https:\/\/hermesgloballojistik.com.tr\/en\/wp-json\/wp\/v2\/users\/2"}],"replies":[{"embeddable":true,"href":"https:\/\/hermesgloballojistik.com.tr\/en\/wp-json\/wp\/v2\/comments?post=4227"}],"version-history":[{"count":0,"href":"https:\/\/hermesgloballojistik.com.tr\/en\/wp-json\/wp\/v2\/pages\/4227\/revisions"}],"wp:attachment":[{"href":"https:\/\/hermesgloballojistik.com.tr\/en\/wp-json\/wp\/v2\/media?parent=4227"}],"curies":[{"name":"wp","href":"https:\/\/api.w.org\/{rel}","templated":true}]}}