{"id":4218,"date":"2022-06-03T09:44:15","date_gmt":"2022-06-03T09:44:15","guid":{"rendered":"https:\/\/hermesgloballojistik.com.tr\/?page_id=4218"},"modified":"2022-06-03T10:36:41","modified_gmt":"2022-06-03T10:36:41","slug":"kvkk-bilgi-edinme-formu","status":"publish","type":"page","link":"https:\/\/hermesgloballojistik.com.tr\/en\/kvkk-bilgi-edinme-formu\/","title":{"rendered":"Information Form on Personal Data Protection Law (KVKK)"},"content":{"rendered":"<p style=\"text-align: center;\"><strong>6698<\/strong><strong> IN ACCORDANCE WITH THE PERSONAL DATA PROTECTION LAW NUMBERED 6698<\/strong><\/p>\n<p style=\"text-align: center;\"><strong>IN ACCORDANCE<\/strong><strong>.<\/strong><\/p>\n<p style=\"text-align: center;\"><strong>APPLICATION FORM REGARDING THE USE OF RIGHTS GRANTED TO PERSONAL DATA HOLDER<\/strong><strong> .<\/strong><\/p>\n<p style=\"text-align: center;\"><strong>.<\/strong> <strong>FORMU<\/strong><\/p>\n<p>Certain rights are granted to the personal data holders in article 11 of Personal Data Protection Law numbered 6698, which entered into force by being published on 06 April 2016. We will respond to your request, within at the latest 30 (thirty) days, regarding your personal data processed by our company, Hermes Global Lojistik Anonim Sirketi, whose commercial center is located in Omerli Mahallesi Adnan Kahveci Caddesi No:2 Arnavutkoy \/ISTANBUL, as a data supervisor, after you fill out and sign this form completely and clearly, and send it to our address above, by hand or by certified mail.<\/p>\n<p>In case of missing information and document in your application you submit to our company or in case of the fulfillment of your request requires a cost other than the foreseen, we will contact you and request your approval to proceed.<\/p>\n<p>Right to apply to our company with this form prepared in accordance with article 11 of Personal Data Protection Law belongs to the personal data holder directly. For the applications to be made on behalf of third persons, a power of attorney in accordance with the representation of the related person is required<\/p>\n<p><strong>1-<\/strong><strong>\u00a0 <\/strong><strong>APPLICATION FORM REGARDING THE USE OF RIGHTS GRANTED TO PERSONAL DATA HOLDER<\/strong> <strong>.<\/strong> <strong>.<\/strong> <strong>.<\/strong> <strong>.<\/strong><\/p>\n<table border=\"1\">\n<tbody>\n<tr>\n<td width=\"193\">Name \u2013 Surname<\/td>\n<td width=\"388\"><\/td>\n<\/tr>\n<tr>\n<td width=\"193\">TR ID Number<\/td>\n<td width=\"388\"><\/td>\n<\/tr>\n<tr>\n<td width=\"193\">Telephone Number<\/td>\n<td width=\"388\"><\/td>\n<\/tr>\n<tr>\n<td width=\"193\">Address<\/td>\n<td width=\"388\"><\/td>\n<\/tr>\n<tr>\n<td width=\"193\">Electronic mail address<\/td>\n<td width=\"388\"><\/td>\n<\/tr>\n<tr>\n<td width=\"193\">Your relationship with our company and the beginning and ending date<\/td>\n<td width=\"388\"><\/td>\n<\/tr>\n<\/tbody>\n<\/table>\n<p><strong>2-<\/strong><strong>\u00a0 <\/strong><strong>APPLICATION FORM REGARDING THE USE OF RIGHTS GRANTED TO PERSONAL DATA HOLDER<\/strong> <strong>.<\/strong> <strong>.<\/strong> <strong>.<\/strong><\/p>\n<p>The rights you can request from our company, data supervisor in the scope of Personal Data Protection Law, in the scope of article 11 of the Law are listed below and it is enough to put \u2713mark to the part next to the statement that fits your request.<\/p>\n<table border=\"1\">\n<tbody>\n<tr>\n<td width=\"529\">Do I have personal data processed by your company, if so, what are they?<\/td>\n<td width=\"48\"><\/td>\n<\/tr>\n<tr>\n<td width=\"529\">What are your activities and methods to process my personal data?<\/td>\n<td width=\"48\"><\/td>\n<\/tr>\n<tr>\n<td width=\"529\">What is the purpose of processing my personal data by your company?<\/td>\n<td width=\"48\"><\/td>\n<\/tr>\n<tr>\n<td width=\"529\">Are my personal data processed in accordance with this purpose?<\/td>\n<td width=\"48\"><\/td>\n<\/tr>\n<tr>\n<td width=\"529\">Are my personal data transferred to third persons in domestic and abroad except from your company? Who are they?<\/td>\n<td width=\"48\"><\/td>\n<\/tr>\n<tr>\n<td width=\"529\">I request the deficiency in my personal data, processed by your company and\/or transferred to third persons, to be remedied and\/or updated.<\/td>\n<td width=\"48\"><\/td>\n<\/tr>\n<tr>\n<td width=\"529\">I request my personal data, processed by your company and\/or transferred to third persons, to be deleted, destroyed, anonymized.<\/td>\n<td width=\"48\"><\/td>\n<\/tr>\n<tr>\n<td width=\"529\">I think that my personal data, processed by your company are analyzed through exclusively automatic systems and that in consequence of this analysis, there is a result against me. I object this result.<\/td>\n<td width=\"48\"><\/td>\n<\/tr>\n<\/tbody>\n<\/table>\n<p class=\" translation-block\">PERSONAL DATA HOLDER\u2019S EXPLANATION REGARDING THE SUBJECT OF REQUEST<\/p>\n<p>Please specify short explanations in below section, regarding your request given in article 2 above.<\/p>\n<p class=\" translation-block\">DOCUMENTS ATTACHED TO APPLICATION FORM<\/p>\n<p>Please write the rank numbers and names of the documents you attached to your application to the below table. Please do not submit original document in the annex of the application form. Original documents will be requested by our company when necessary. Our company will not be held responsible for loss or damage of the original documents to be submitted by you in the annex of the application form.<\/p>\n<table border=\"1\">\n<tbody>\n<tr>\n<td width=\"43\">No<\/td>\n<td width=\"535\">Document Name<\/td>\n<\/tr>\n<tr>\n<td width=\"43\"><\/td>\n<td width=\"535\"><\/td>\n<\/tr>\n<tr>\n<td width=\"43\"><\/td>\n<td width=\"535\"><\/td>\n<\/tr>\n<tr>\n<td width=\"43\"><\/td>\n<td width=\"535\"><\/td>\n<\/tr>\n<tr>\n<td width=\"43\"><\/td>\n<td width=\"535\"><\/td>\n<\/tr>\n<tr>\n<td width=\"43\"><\/td>\n<td width=\"535\"><\/td>\n<\/tr>\n<tr>\n<td width=\"43\"><\/td>\n<td width=\"535\"><\/td>\n<\/tr>\n<\/tbody>\n<\/table>\n<p class=\" translation-block\">NOTIFICATION MANAGEMENT<\/p>\n<p>Please put \u2713 next to the relevant method below for the method of notification of the responds to be given by our company to your application.<\/p>\n<table border=\"1\">\n<tbody>\n<tr>\n<td width=\"496\">In written, to my postal address given in article 1 of this form<\/td>\n<td width=\"86\"><\/td>\n<\/tr>\n<tr>\n<td width=\"496\">In written, to my e-mail address given in article 1 of this form<\/td>\n<td width=\"86\"><\/td>\n<\/tr>\n<tr>\n<td width=\"496\">Verbally, by calling me on my telephone given in article 1 of this form<\/td>\n<td width=\"86\"><\/td>\n<\/tr>\n<\/tbody>\n<\/table>\n<p class=\" translation-block\">6- STATEMENT OF THE APPLICANT<\/p>\n<p>I hereby request all my requests I stated in this application to your company to be evaluated in accordance with article 13 of Personal Data Protection Law and I request to be informed. I accept and declare that all information I submitted to you in this application in this regard are true, current and belong to me, that I give permission this information to be processed by your company as limited to the purposes of evaluating my application, responding to it, and delivering the answer to me.<\/p>\n<p class=\" translation-block\">Personal Data holder\/Proxy<\/p>\n<p>Name\/Surname: Date: Signature:<\/p>\n<p>&nbsp;<\/p>\n<p>&nbsp;<\/p>\n<p>&nbsp;<\/p>\n<p>&nbsp;<\/p>\n<h4><a href=\"https:\/\/hermesgloballojistik.com.tr\/wp-content\/uploads\/2022\/06\/1.-KVKK-Bilgi-Edinme-Formu.docx\" target=\"_blank\" rel=\"noopener\">You can download the information form on Personal Data Protection Law (KVKK)<\/a><\/h4>\n<p>&nbsp;<\/p>","protected":false},"excerpt":{"rendered":"<p>6698 SAYILI K\u0130\u015e\u0130SEL VER\u0130LER\u0130N KORUNMASI KANUNU UYARINCA K\u0130\u015e\u0130SEL VER\u0130 SAH\u0130PLER\u0130NE TANINAN HAKLARIN KULLANIMINA \u0130L\u0130\u015eK\u0130N BA\u015eVURU FORMU 06 Nisan 2016 tarihinde yay\u0131nlanarak y\u00fcr\u00fcrl\u00fc\u011fe giren 6698\u00a0\u00a0 Say\u0131l\u0131\u00a0\u00a0 Ki\u015fisel\u00a0\u00a0 Verilerin Korunmas\u0131\u00a0 Kanunu\u2019nun\u00a0 (\u201cKVKK\u201d)\u00a0 11. Maddesinde ki\u015fisel veri sahiplerine belirli haklar tan\u0131nm\u0131\u015ft\u0131r. Veri sorumlusu s\u0131fat\u0131yla ticari merkezi \u00d6merli Mahallesi Adnan Kahveci Caddesi No:2 Arnavutk\u00f6y \/ \u0130STANBUL adresinde bulunan \u015firketimiz Hermes Global Lojistik Anonim \u015eirketi taraf\u0131ndan i\u015flenen ki\u015fisel verilerinize ili\u015fkin taleplerinizi, bu formu eksiksiz ve a\u00e7\u0131k bir \u015fekilde doldurup imzalad\u0131ktan sonra yukar\u0131da belirtilen adresimize elden veya iadeli taahh\u00fctl\u00fc posta yolu ile iletmenizin ard\u0131ndan en ge\u00e7 30 (otuz) g\u00fcn i\u00e7inde ba\u015fvurunuzu yan\u0131tland\u0131raca\u011f\u0131z. Ba\u015fvurunuzda \u015firketimize sundu\u011funuz bilgi ve belgelerin eksik olmas\u0131 veya talebinizin yerine getirilmesinin \u00f6ng\u00f6r\u00fclen d\u0131\u015f\u0131nda bir maliyet gerektirmesi halinde sizinle ileti\u015fime ge\u00e7ecek ve i\u015flemlerin devam\u0131 i\u00e7in onay\u0131n\u0131z\u0131 isteyece\u011fiz. KVKK\u2019n\u0131n 11. Maddesi uyar\u0131nca haz\u0131rlanan i\u015f bu form ile \u015firketimize ba\u015fvurma hakk\u0131, ki\u015fisel\u00a0 veri\u00a0 sahibinin\u00a0 do\u011frudan\u00a0 kendisine\u00a0 aittir.\u00a0 \u00dc\u00e7\u00fcnc\u00fc\u00a0 \u015fah\u0131slara\u00a0 ad\u0131na\u00a0 yap\u0131lacak ba\u015fvurularda, ilgili \u015fahs\u0131 temsile uygun bir vek\u00e2letnamenin bulunmas\u0131 gerekmektedir. 1-\u00a0 K\u0130\u015e\u0130SEL VER\u0130 SAH\u0130B\u0130NE \u0130L\u0130\u015eK\u0130N B\u0130LG\u0130LER Ad-Soyad T.C. Kimlik Numaras\u0131 Telefon Numaras\u0131 Adresi Elektronik posta adresi \u015eirketimiz ile olan ili\u015fkiniz ve ba\u015flama ve sona erme tarihi 2-\u00a0 K\u0130\u015e\u0130SEL VER\u0130 SAH\u0130B\u0130N\u0130N TALEPLER\u0130 KVKK\u00a0\u00a0 kapsam\u0131nda\u00a0\u00a0 veri\u00a0\u00a0 sorumlusu\u00a0\u00a0 olan\u00a0\u00a0 \u015firketimizden,\u00a0\u00a0 Kanun\u2019un\u00a0\u00a0 11.\u00a0\u00a0 maddesi kapsam\u0131nda talep edebilece\u011finiz haklar a\u015fa\u011f\u0131da s\u0131ralanm\u0131\u015f olup, talebinize uygun ifadenin yan\u0131nda yer alan b\u00f6l\u00fcme \u2713 i\u015faretini koyman\u0131z yeterlidir. \u015eirketinizce i\u015flenen ki\u015fisel verilerim var m\u0131, varsa bunlar nelerdir? Ki\u015fisel verilerimi i\u015fleme faaliyet ve y\u00f6ntemleriniz nelerdir? Ki\u015fisel verilerimin \u015firketinizce i\u015flenme amac\u0131n\u0131 nedir? Ki\u015fisel verilerim bu amaca uygun i\u015flenmekte midir? Ki\u015fisel verilerimin \u015firketiniz d\u0131\u015f\u0131nda yurti\u00e7inde veya yurtd\u0131\u015f\u0131nda \u00fc\u00e7\u00fcnc\u00fc ki\u015filere aktar\u0131l\u0131yor mu? Bu ki\u015filer kimlerdir. \u015eirketinizce i\u015flenen ve\/veya \u00fc\u00e7\u00fcnc\u00fc \u015fah\u0131slara aktar\u0131lan ki\u015fisel verilerimdeki eksikli\u011fin giderilmesi ve\/veya g\u00fcncellenmesini talep ediyorum. \u015eirketinizce i\u015flenen ve\/veya \u00fc\u00e7\u00fcnc\u00fc \u015fah\u0131slara aktar\u0131lan ki\u015fisel verilerimin silinmesini, yok edilmesi, anonimle\u015ftirilmesini talep ediyorum. \u015eirketiniz taraf\u0131ndan i\u015flenen ki\u015fisel verilerim m\u00fcnhas\u0131ran otomatik sistemler vas\u0131tas\u0131yla analiz edildi\u011fini ve bu analiz neticesinde \u015fahs\u0131m aleyhine bir sonu\u00e7 do\u011fdu\u011funu d\u00fc\u015f\u00fcn\u00fcyorum. Bu sonuca itiraz ediyorum. 3-\u00a0 TALEP KONUSUNA \u0130L\u0130\u015eK\u0130N VER\u0130 SAH\u0130B\u0130N\u0130N A\u00c7IKLAMALARI Yukar\u0131da\u00a0 2.\u00a0 Maddede\u00a0 belirtilen\u00a0 talebinize\u00a0 ili\u015fkin\u00a0 k\u0131sa\u00a0 a\u00e7\u0131klamalar\u0131n\u0131\u00a0 a\u015fa\u011f\u0131daki b\u00f6l\u00fcmde belirtiniz. 4-\u00a0 BA\u015eVURU FORMUNA EKLENEN BELGELER Ba\u015fvurunuza ekledi\u011finiz belgelerin s\u0131ra numaras\u0131 ve ad\u0131yla a\u015fa\u011f\u0131daki tabloya yaz\u0131n\u0131z. L\u00fctfen\u00a0 ba\u015fvuru\u00a0 formu\u00a0 ekinde\u00a0 orijinal\u00a0 belge\u00a0 ibraz\u00a0 etmeyiniz.\u00a0 Orijinal\u00a0\u00a0 belgeler gerekti\u011finde \u015firketimizce sizden istenecektir. Ba\u015fvuru formunun ekinde sunaca\u011f\u0131n\u0131z orijinal belgelerin kayb\u0131 veya zarar g\u00f6rmesinden \u015firketimiz sorumlu tutulamayacakt\u0131r. No Belge Ad\u0131 5-\u00a0 B\u0130LD\u0130R\u0130M Y\u00d6NTEM\u0130 \u0130\u015fbu ba\u015fvurunuza \u015firketimizce verilecek cevaplar\u0131n taraf\u0131n\u0131za iletim y\u00f6ntemini l\u00fctfen a\u015fa\u011f\u0131da ilgili y\u00f6ntemin yan\u0131na \u2713 koymak suretiyle i\u015faretleyiniz. Ba\u015fvuru\u00a0 formunun\u00a0 1.\u00a0 Maddesinde\u00a0 belirtilen\u00a0 posta\u00a0 adresime\u00a0 yaz\u0131l\u0131 olarak Ba\u015fvuru formunun 1. Maddesinde belirtilen elektronik posta adresime yaz\u0131l\u0131 olarak Ba\u015fvuru\u00a0\u00a0 formunun\u00a0\u00a0 1.\u00a0\u00a0 Maddesinde\u00a0\u00a0 belirtilen\u00a0\u00a0 telefonum\u00a0\u00a0 aranmak suretiyle s\u00f6zl\u00fc olarak 6-\u00a0 BA\u015eVURU SAH\u0130B\u0130N\u0130N BEYANI \u015eirketinize yapm\u0131\u015f oldu\u011fum i\u015fbu ba\u015fvuruda belirtti\u011fim t\u00fcm taleplerimin KVKK\u2019n\u0131n 13. maddesi\u00a0 uyar\u0131nca\u00a0 de\u011ferlendirilerek taraf\u0131ma\u00a0 bilgi\u00a0 verilmesini\u00a0 talep ediyorum.\u00a0 Bu ama\u00e7la ba\u015fvuruda taraf\u0131n\u0131za verdi\u011fim belge ve bilgilerimin do\u011fru, g\u00fcncel ve \u015fahs\u0131ma ait oldu\u011funu, bu bilgilerin ba\u015fvurumun de\u011ferlendirilmesi, cevapland\u0131r\u0131lmas\u0131, cevab\u0131n taraf\u0131ma ula\u015ft\u0131r\u0131lmas\u0131 ama\u00e7lar\u0131yla s\u0131n\u0131rl\u0131 olarak \u015eirketiniz taraf\u0131ndan i\u015flenmesine izin verdi\u011fimi kabul ve beyan ederim. Ki\u015fisel Veri Sahibi\/Vekili Ad\/Soyad: Tarih: \u0130mza: &nbsp; &nbsp; &nbsp; &nbsp; KVKK Bilgi Edinme Formunu \u0130ndirebilirsiniz &nbsp;<\/p>","protected":false},"author":2,"featured_media":0,"parent":0,"menu_order":0,"comment_status":"closed","ping_status":"closed","template":"","meta":{"footnotes":""},"class_list":["post-4218","page","type-page","status-publish","hentry"],"_links":{"self":[{"href":"https:\/\/hermesgloballojistik.com.tr\/en\/wp-json\/wp\/v2\/pages\/4218","targetHints":{"allow":["GET"]}}],"collection":[{"href":"https:\/\/hermesgloballojistik.com.tr\/en\/wp-json\/wp\/v2\/pages"}],"about":[{"href":"https:\/\/hermesgloballojistik.com.tr\/en\/wp-json\/wp\/v2\/types\/page"}],"author":[{"embeddable":true,"href":"https:\/\/hermesgloballojistik.com.tr\/en\/wp-json\/wp\/v2\/users\/2"}],"replies":[{"embeddable":true,"href":"https:\/\/hermesgloballojistik.com.tr\/en\/wp-json\/wp\/v2\/comments?post=4218"}],"version-history":[{"count":0,"href":"https:\/\/hermesgloballojistik.com.tr\/en\/wp-json\/wp\/v2\/pages\/4218\/revisions"}],"wp:attachment":[{"href":"https:\/\/hermesgloballojistik.com.tr\/en\/wp-json\/wp\/v2\/media?parent=4218"}],"curies":[{"name":"wp","href":"https:\/\/api.w.org\/{rel}","templated":true}]}}