{"id":3900,"date":"2022-04-20T23:25:39","date_gmt":"2022-04-20T23:25:39","guid":{"rendered":"https:\/\/hermesgloballojistik.com.tr\/?page_id=3900"},"modified":"2022-05-10T18:45:33","modified_gmt":"2022-05-10T18:45:33","slug":"e-ticaret","status":"publish","type":"page","link":"https:\/\/hermesgloballojistik.com.tr\/en\/e-ticaret\/","title":{"rendered":"E-Trade"},"content":{"rendered":"<!-- CWS Row --><div class=\"cws-content clearfix\"><div class=\"vc_row wpb_row vc_row-fluid vc_custom_1646381776792\"><div class=\"wpb_column vc_column_container vc_col-sm-12 cws-column\"><div class=\"cws_vc_column-inner\"><div class=\"wpb_column vc_column_container vc_col-sm-12\"><div class=\"vc_column-inner\"><div class=\"wpb_wrapper\"><div class='cws_textmodule cws_vc_shortcode_module' id='cws_textmodule_69d4e3f1d437f'><div class='cws_textmodule_wrapper'><div class='cws_textmodule_text text_align_left'><div class='cws_textmodule_titles display_block'><h2 class='cws_textmodule_title'><span>E-Trade<\/span><\/h2><\/div><\/div><\/div><\/div><\/div><\/div><\/div><!-- CWS Column --> <\/div><\/div><\/div><\/div><!-- CWS Row --><div class=\"cws-content clearfix\"><div class=\"vc_row wpb_row vc_row-fluid\"><div class=\"wpb_column vc_column_container vc_col-sm-6 cws-column\"><div class=\"cws_vc_column-inner\"><div class=\"wpb_column vc_column_container vc_col-sm-6\"><div class=\"vc_column-inner\"><div class=\"wpb_wrapper\"><div class='cws_textmodule cws_vc_shortcode_module' id='cws_textmodule_69d4e3f1d4fc9'><div class='cws_textmodule_wrapper'><div class='cws_textmodule_text text_align_left'><div class='cws_textmodule_content'><div class='text_content_wrapper'><h4>Achieve Great Success with Our E-Trade Management System<\/h4>\n<p class=\" translation-block\">As Hermes Global, our e-trade solutions include all processes of e-trade warehousing services, from the receipt of a bulky delivery to the management of package delivery for small orders. along with our storing and delivery services, for all your logistics needs, you can provide instant access to all processes online and follow performance.<\/p>\n<p>Hermes Global olarak e-ticaret \u00e7\u00f6z\u00fcmlerimiz, hacimli bir teslimat\u0131n al\u0131nmas\u0131nda, k\u00fc\u00e7\u00fck sipari\u015fler i\u00e7in paket teslimat\u0131n\u0131n y\u00f6netimine kadar e-ticaret depolama hizmetlerinin t\u00fcm s\u00fcre\u00e7lerini kapsar.<br \/>\nDepolama ve teslimat hizmetlerimizin yan\u0131 s\u0131ra t\u00fcm lojistik ihtiya\u00e7lar\u0131n\u0131z i\u00e7in t\u00fcm s\u00fcre\u00e7lerinize online olarak anl\u0131k eri\u015fim sa\u011flayabilir ve performans takibi yapabilirsiniz.<\/p>\n<\/div><\/div><\/div><\/div><\/div><\/div><\/div><\/div><!-- CWS Column --> <\/div><\/div><div class=\"wpb_column vc_column_container vc_col-sm-6 cws-column\"><div class=\"cws_vc_column-inner\"><div class=\"wpb_column vc_column_container vc_col-sm-6\"><div class=\"vc_column-inner\"><div class=\"wpb_wrapper\"><div class='cws_textmodule cws_vc_shortcode_module' id='cws_textmodule_69d4e3f1d588a'><div class='cws_textmodule_wrapper'><div class='cws_textmodule_text text_align_left'><div class='cws_textmodule_content'><div class='text_content_wrapper'><p><strong>Hermes Global has the below qualifications that will help you provide a perfect shopping experience to your customers.<\/strong><\/p>\n<ul>\n<li>Quality control services in good acceptance<\/li>\n<li>Multilayer and fast collection infrastructure<\/li>\n<li>High level traceability and performance management<\/li>\n<li>Inventory management system<\/li>\n<li>Online, real-time data shopping infrastructure<\/li>\n<li>Product combination, repackaging and barcoding<\/li>\n<li>Detailed return logistics<br \/>\nPerfect delivery with our national distribution team<\/li>\n<\/ul>\n<\/div><\/div><\/div><\/div><\/div><\/div><\/div><\/div><!-- CWS Column --> <\/div><\/div><\/div><\/div><!-- CWS Row --><div class=\"cws-content clearfix\" style=\"background-repeat:no-repeat;background-size:cover;background-position:50% 50%;\"><div data-vc-full-width=\"true\" data-vc-full-width-init=\"false\" data-vc-stretch-content=\"true\" class=\"vc_row wpb_row vc_row-fluid wpb_animate_when_almost_visible wpb_fadeIn fadeIn vc_custom_1650499682741 vc_row-has-fill vc_row-no-padding\"><div class='cws-overlay-bg' style='background-color:rgba(255,255,255,0.45);'><\/div><div class=\"wpb_column vc_column_container vc_col-sm-12 cws-column\"><div class=\"cws_vc_column-inner\"><div class=\"wpb_column vc_column_container vc_col-sm-12\"><div class=\"vc_column-inner\"><div class=\"wpb_wrapper\"><div class=\"vc_row wpb_row vc_inner vc_row-fluid vc_row-o-equal-height vc_row-flex\"><div class=\"wpb_column vc_column_container vc_col-sm-3 vc_col-has-fill\"><div class=\"vc_column-inner vc_custom_1650499612322\"><div class=\"wpb_wrapper\"><div class='cws_textmodule cws_vc_shortcode_module' id='cws_textmodule_69d4e3f1d6e3b'><div class='cws_textmodule_wrapper'><div class='cws_textmodule_text text_align_left'><div class='cws_textmodule_content'><div class='text_content_wrapper'><p><span style=\"color: #000000;\"><strong>1. Integration<\/strong><\/span><\/p>\n<p><span style=\"color: #000000;\">We integrate our sales store to our logistics centers easily and for free. You can check your stocks real-time with free Hermes Global application.<\/span><\/p>\n<\/div><\/div><\/div><\/div><\/div><\/div><\/div><\/div><div class=\"wpb_column vc_column_container vc_col-sm-3 vc_col-has-fill\"><div class=\"vc_column-inner vc_custom_1650499625507\"><div class=\"wpb_wrapper\"><div class='cws_textmodule cws_vc_shortcode_module' id='cws_textmodule_69d4e3f1d7657'><div class='cws_textmodule_wrapper'><div class='cws_textmodule_text text_align_left'><div class='cws_textmodule_content'><div class='text_content_wrapper'><p><span style=\"color: #000000;\"><strong>2. Storing<\/strong><\/span><br \/>\n<span style=\"color: #000000;\">\u00a0<\/span><br \/>\n<span style=\"color: #000000;\">You can send your products to us so that we can store them safely and economically in our warehouses. We keep your products optimized! Our warehouses belong to Hermes Global and are used only for the customers of Hermes Global. Your products are kept safely in high quality standards.<\/span><\/p>\n<\/div><\/div><\/div><\/div><\/div><\/div><\/div><\/div><div class=\"wpb_column vc_column_container vc_col-sm-3 vc_col-has-fill\"><div class=\"vc_column-inner vc_custom_1650499635870\"><div class=\"wpb_wrapper\"><div class='cws_textmodule cws_vc_shortcode_module' id='cws_textmodule_69d4e3f1d7d9b'><div class='cws_textmodule_wrapper'><div class='cws_textmodule_text text_align_left'><div class='cws_textmodule_content'><div class='text_content_wrapper'><p><strong><span style=\"color: #000000;\">3. Order Fulfillment and Logistics<\/span><\/strong><br \/>\n<span style=\"color: #000000;\">\u00a0<\/span><br \/>\n<span style=\"color: #000000;\">As soon as your order arrives, we deliver it to your customers according to your instructions without any problem. We organize your orders in the fastest way. Our team offers customized order fulfillment solutions. Our wide order fulfillment centers network enables you to open new markets fast and easily. We can even handle your custom procedures for you!\n\nWith our global carrying network, you can always benefit from the best possible prices and transportation prices.<\/span><br \/>\n<span style=\"color: #000000;\">\u00a0<\/span><br \/>\n<span style=\"color: #000000;\">K\u00fcresel ta\u015f\u0131y\u0131c\u0131 a\u011f\u0131m\u0131zla, her zaman m\u00fcmk\u00fcn olan en iyi fiyatlardan ve nakliye \u00fccretlerinden yararlan\u0131rs\u0131n\u0131z.<\/span><\/p>\n<\/div><\/div><\/div><\/div><\/div><\/div><\/div><\/div><div class=\"wpb_column vc_column_container vc_col-sm-3 vc_col-has-fill\"><div class=\"vc_column-inner vc_custom_1650499645191\"><div class=\"wpb_wrapper\"><div class='cws_textmodule cws_vc_shortcode_module' id='cws_textmodule_69d4e3f1d8329'><div class='cws_textmodule_wrapper'><div class='cws_textmodule_text text_align_left'><div class='cws_textmodule_content'><div class='text_content_wrapper'><p><strong><span style=\"color: #000000;\">4. Return Management<\/span><\/strong><\/p>\n<p><span style=\"color: #000000;\">Even the best products are returned sometimes. We carefully examine all your returns and classify according to their situations. At the end, we realize a complete return management process where you decide what happens at the end.<\/span><\/p>\n<\/div><\/div><\/div><\/div><\/div><\/div><\/div><\/div><\/div><\/div><\/div><\/div><!-- CWS Column --> <\/div><\/div><\/div><div class=\"vc_row-full-width vc_clearfix\"><\/div><\/div>","protected":false},"excerpt":{"rendered":"E-ticaret E-Ticaret Y\u00f6netiminde ki Sistemimiz ile B\u00fcy\u00fck Bas\u0327ar\u0131lara I\u0307mza At\u0131n \u00dclkemizde E-ticaret 2021 sonunda 484 bin 347 i\u015fletme rakam\u0131na ula\u015f\u0131larak y\u00fczde 607\u2019lik bir art\u0131\u015f ya\u015fad\u0131.\u00a0Veriler, e-ticaretin art\u0131k ekonominin d\u00f6n\u00fc\u015ft\u00fcr\u00fcc\u00fc g\u00fcc\u00fc olmaya ba\u015flad\u0131\u011f\u0131n\u0131 g\u00f6steriyor. E-ticaret lojisti\u011fini y\u00f6netmek, geleneksel lojistik anlay\u0131\u015f\u0131n\u0131n \u00f6tesinde bir operasyon gerektirir. An\u0131nda sipari\u015f kar\u015f\u0131lama ve teslimat h\u0131z\u0131n\u0131n yan\u0131 s\u0131ra lojisti\u011fin eksiksiz, zaman\u0131nda y\u00f6netilmesi \u00f6nemlidir. Do\u011fru zamanda, do\u011fru yerde, do\u011fru \u00fcr\u00fcn\u00fc, do\u011fru adette ula\u015ft\u0131r\u0131lmas\u0131n\u0131 ger\u00e7ekle\u015ftirebilmek tedarik zinciri y\u00f6netiminde ki kusursuz sisteme dayan\u0131r. Hermes Global olarak e-ticaret \u00e7\u00f6z\u00fcmlerimiz, hacimli bir teslimat\u0131n al\u0131nmas\u0131nda, k\u00fc\u00e7\u00fck sipari\u015fler i\u00e7in paket teslimat\u0131n\u0131n y\u00f6netimine kadar e-ticaret depolama hizmetlerinin t\u00fcm s\u00fcre\u00e7lerini kapsar. Depolama ve teslimat hizmetlerimizin yan\u0131 s\u0131ra t\u00fcm lojistik ihtiya\u00e7lar\u0131n\u0131z i\u00e7in t\u00fcm s\u00fcre\u00e7lerinize online olarak anl\u0131k eri\u015fim sa\u011flayabilir ve performans takibi yapabilirsiniz. Hermes Global, m\u00fc\u015fterilerinize m\u00fckemmel bir al\u0131\u015fveri\u015f deneyimi sunman\u0131za yard\u0131mc\u0131 olacak a\u015fa\u011f\u0131daki niteliklere sahiptir. \u00dcr\u00fcn kabul\u00fcnde kalite kontrol hizmetleri \u00c7ok katmanl\u0131 ve y\u00fcksek h\u0131zl\u0131 toplama altyap\u0131s\u0131 Y\u00fcksek d\u00fczeyde izlenebilirlik ve performans y\u00f6netimi Envanter y\u00f6netim sistemi \u00c7evrimi\u00e7i ger\u00e7ek zamanl\u0131 veri al\u0131\u015fveri\u015fi altyap\u0131s\u0131 \u00dcr\u00fcn kombinasyonu, yeniden paketleme ve barkodlama Ayr\u0131nt\u0131l\u0131 iade lojisti\u011fi Ulusal da\u011f\u0131t\u0131m ekibimiz ile kusursuz teslimat 1. Entegrasyon Sat\u0131\u015f ma\u011fazan\u0131z\u0131 lojistik merkezimize kolayca ve \u00fccretsiz olarak entegre ediyoruz. \u00dccretsiz Hermes Global uygulamas\u0131 ile stoklar\u0131n\u0131z\u0131 ger\u00e7ek zamanl\u0131 olarak kontrol edebilirsiniz. 2. Depolama \u00a0 \u00dcr\u00fcnlerinizi depolar\u0131m\u0131zda g\u00fcvenli ve ekonomik bir \u015fekilde muhafaza edebilmemiz i\u00e7in bize g\u00f6nderin. \u00dcr\u00fcnlerinizi optimize edilmi\u015f bir \u015fekilde sakl\u0131yoruz! Depolar\u0131m\u0131z tamamen Hermes Global\u2019e aittir ve yaln\u0131zca Hermes Global m\u00fc\u015fterileri i\u00e7in kullan\u0131l\u0131r. \u00dcr\u00fcnleriniz, y\u00fcksek kalite standartlar\u0131 ile g\u00fcvenle do\u011fru ko\u015fullarda saklan\u0131r. 3. &#8220;Sipari\u015f Kar\u015f\u0131lama (Fulfillment) ve Lojistik&#8221; \u00a0 Sipari\u015finiz gelir gelmez, talimatlar\u0131n\u0131za uygun olarak m\u00fc\u015fterilerinize sorunsuz olarak teslim ediyoruz. Sipari\u015flerinizi en h\u0131zl\u0131 \u015fekilde organize ediyoruz. Ekibimiz ki\u015fiselle\u015ftirilmi\u015f sipari\u015f kar\u015f\u0131lama \u00e7\u00f6z\u00fcmleri sunar. Geni\u015f sipari\u015f kar\u015f\u0131lama merkezleri a\u011f\u0131m\u0131z, h\u0131zl\u0131 ve kolay bir \u015fekilde yeni pazarlar a\u00e7man\u0131za olanak tan\u0131r. Sizin i\u00e7in g\u00fcmr\u00fck i\u015flemlerini bile halledebiliriz! \u00a0 K\u00fcresel ta\u015f\u0131y\u0131c\u0131 a\u011f\u0131m\u0131zla, her zaman m\u00fcmk\u00fcn olan en iyi fiyatlardan ve nakliye \u00fccretlerinden yararlan\u0131rs\u0131n\u0131z. 4. \u0130ade Y\u00f6netimi En iyi \u00fcr\u00fcnler bile bazen iade edilir. T\u00fcm iadelerinizi dikkatle inceliyor, durumlar\u0131na g\u00f6re s\u0131n\u0131fland\u0131r\u0131yoruz. Sonunda ne olaca\u011f\u0131na sizin karar verdi\u011finiz eksiksiz bir iade y\u00f6netim s\u00fcreci ger\u00e7ekle\u015ftiriyoruz.","protected":false},"author":2,"featured_media":0,"parent":0,"menu_order":0,"comment_status":"closed","ping_status":"closed","template":"","meta":{"footnotes":""},"class_list":["post-3900","page","type-page","status-publish","hentry"],"_links":{"self":[{"href":"https:\/\/hermesgloballojistik.com.tr\/en\/wp-json\/wp\/v2\/pages\/3900","targetHints":{"allow":["GET"]}}],"collection":[{"href":"https:\/\/hermesgloballojistik.com.tr\/en\/wp-json\/wp\/v2\/pages"}],"about":[{"href":"https:\/\/hermesgloballojistik.com.tr\/en\/wp-json\/wp\/v2\/types\/page"}],"author":[{"embeddable":true,"href":"https:\/\/hermesgloballojistik.com.tr\/en\/wp-json\/wp\/v2\/users\/2"}],"replies":[{"embeddable":true,"href":"https:\/\/hermesgloballojistik.com.tr\/en\/wp-json\/wp\/v2\/comments?post=3900"}],"version-history":[{"count":0,"href":"https:\/\/hermesgloballojistik.com.tr\/en\/wp-json\/wp\/v2\/pages\/3900\/revisions"}],"wp:attachment":[{"href":"https:\/\/hermesgloballojistik.com.tr\/en\/wp-json\/wp\/v2\/media?parent=3900"}],"curies":[{"name":"wp","href":"https:\/\/api.w.org\/{rel}","templated":true}]}}