{"id":3668,"date":"2022-03-07T20:16:26","date_gmt":"2022-03-07T20:16:26","guid":{"rendered":"https:\/\/hermesgloballojistik.com.tr\/?page_id=3668"},"modified":"2023-11-28T08:03:52","modified_gmt":"2023-11-28T08:03:52","slug":"hakkimizda","status":"publish","type":"page","link":"https:\/\/hermesgloballojistik.com.tr\/en\/hakkimizda\/","title":{"rendered":"About Us"},"content":{"rendered":"<!-- CWS Row --><div class=\"cws-content clearfix\"><div class=\"vc_row wpb_row vc_row-fluid vc_row-o-equal-height vc_row-flex\"><div class=\"wpb_column vc_column_container vc_col-sm-6 vc_col-has-padding cws-column\"><div class=\"cws_vc_column-inner vc_custom_1647940808840\"><div class=\"wpb_animate_when_almost_visible wpb_fadeInLeft fadeInLeft wpb_column vc_column_container vc_col-sm-6\"><div class=\"vc_column-inner vc_custom_1647940808840\"><div class=\"wpb_wrapper\"><div class='cws_textmodule cws_vc_shortcode_module' id='cws_textmodule_69de523f15fd6'><div class='cws_textmodule_wrapper'><div class='cws_textmodule_text text_align_left'><div class='cws_textmodule_titles display_block'><h1 class='cws_textmodule_title'><span>About Us<\/span><\/h1><\/div><div class='cws_textmodule_content'><div class='text_content_wrapper'><p>Today, we, Hermes Global, continue our storage activities, which started in 2010 in a single location in 6.000 m2, in three locations in an area larger than 30.600 m2. We provide storage and logistics services, which will facilitate your trade, in our facilities in Hadimkoy, Sekerpinar, Pelitli 1 and Pelitli 2.<br \/>\nWe benefit from technology and new business models in order to develop the logistics and supply chain industry. Our fiduciary brand culture constitutes the foundation of our success.<\/p>\n<p>We have been protecting the assets of our customers and have been ensuring them to deliver them at the right time, to the right place and in the right way for more than 13 years.<br \/>\nWe offer success-oriented solutions based on the win-win principle to any company in every sector and in every size.<\/p>\n<p>We, Hermes Global, offer effective storage and distribution solutions to our customers with our wide business network and experienced staff as well as we also offer many qualified solutions, which will ensure added values to the operations. We help our customers save time with our value-added services requiring attention, such as quality control, labeling, bar-coding, product combination, repackaging and packaging. We contribute to the reduction of the total operation costs and improvement of the processes during the supply chain of our customers.<\/p>\n<\/div><\/div><\/div><\/div><\/div><\/div><\/div><\/div><!-- CWS Column --> <\/div><\/div><div class=\"wpb_column vc_column_container vc_col-sm-6 cws-column\" style='background-position:0% 50%;'><div class=\"cws_vc_column-inner\"><div class=\"wpb_column vc_column_container vc_col-sm-6\"><div class=\"vc_column-inner\"><div class=\"wpb_wrapper\">\n\t<div  class=\"wpb_single_image wpb_content_element vc_align_left  wpb_animate_when_almost_visible wpb_fadeInRight fadeInRight\">\n\t\t\n\t\t<figure class=\"wpb_wrapper vc_figure\">\n\t\t\t<div class=\"vc_single_image-wrapper   vc_box_border_grey\"><img fetchpriority=\"high\" decoding=\"async\" width=\"1080\" height=\"1080\" src=\"https:\/\/hermesgloballojistik.com.tr\/wp-content\/uploads\/2022\/03\/hermes-hakkimizda.jpg\" class=\"vc_single_image-img attachment-full\" alt=\"\" title=\"hermes hakkimizda\" srcset=\"https:\/\/hermesgloballojistik.com.tr\/wp-content\/uploads\/2022\/03\/hermes-hakkimizda.jpg 1080w, https:\/\/hermesgloballojistik.com.tr\/wp-content\/uploads\/2022\/03\/hermes-hakkimizda-300x300.jpg 300w, https:\/\/hermesgloballojistik.com.tr\/wp-content\/uploads\/2022\/03\/hermes-hakkimizda-1024x1024.jpg 1024w, https:\/\/hermesgloballojistik.com.tr\/wp-content\/uploads\/2022\/03\/hermes-hakkimizda-150x150.jpg 150w, https:\/\/hermesgloballojistik.com.tr\/wp-content\/uploads\/2022\/03\/hermes-hakkimizda-768x768.jpg 768w\" sizes=\"(max-width: 1080px) 100vw, 1080px\" \/><\/div>\n\t\t<\/figure>\n\t<\/div>\n<\/div><\/div><\/div><!-- CWS Column --> <\/div><\/div><\/div><\/div><!-- CWS Row --><div class=\"cws-content clearfix\"><div class=\"vc_row wpb_row vc_row-fluid vc_custom_1652870888648 vc_row-o-equal-height vc_row-flex\"><div class=\"wpb_column vc_column_container vc_col-sm-12 vc_col-has-padding cws-column\"><div class=\"cws_vc_column-inner vc_custom_1652870877265\"><div class=\"wpb_animate_when_almost_visible wpb_fadeInUp fadeInUp wpb_column vc_column_container vc_col-sm-12\"><div class=\"vc_column-inner vc_custom_1652870877265\"><div class=\"wpb_wrapper\"><div class='cws_textmodule cws_vc_shortcode_module' id='cws_textmodule_69de523f1774d'><div class='cws_textmodule_wrapper'><div class='cws_textmodule_text text_align_left'><div class='cws_textmodule_content'><div class='text_content_wrapper'><p>In our logistics centers, we offer Free Storage, Bonded Storage, Domestic Transportation, International Transportation services. Also, we have the required storage conditions for your sensitive personal data commodities with our Public Warehouse, Refrigerated Warehouse, Hazardous Material and ADR Warehouse areas.<\/p>\n<p>In our country, storage capacities have reached the fullness at the rate of 100% with the effect of the pandemic, upon the increase of the stocking need in the supply chain and the record growth in the e-trade. Year of 2021 has become the year of investment and technologic transformation in the storage for Hermes Global upon the continuation of the demand by increasing. Faults in the supply chain with the pandemic and the rapid increase in the raw material prices have increased the stocking need in the supply chain. In order to ensure our customers to create competition advantage in their sectors, we provide for them with added values during their supply chain processes and we ensure them to be more effective and to have less cost at every point of such processes.<\/p>\n<\/div><\/div><\/div><\/div><\/div><div class=\"cws_spacing cws_spacing_size_sm_desctop-on cws_spacing_tablet-on cws_spacing_mobile-on\"><div class=\"cws_spacing cws_spacing_default\" style=\"height:40px;\"><\/div> <div class=\"cws_spacing cws_spacing_size_sm_desctop\" style=\"height:40px;\"><\/div> <div class=\"cws_spacing cws_spacing_tablet\" style=\"height:40px;\"><\/div> <div class=\"cws_spacing cws_spacing_mobile\" style=\"height:40px;\"><\/div><\/div><\/div><\/div><\/div><!-- CWS Column --> <\/div><\/div><\/div><\/div><!-- CWS Row --><div class=\"cws-content clearfix\" style=\"background-repeat:no-repeat;background-size:contain;background-position:50% 100%;\"><div data-vc-full-width=\"true\" data-vc-full-width-init=\"false\" class=\"vc_row wpb_row vc_row-fluid vc_custom_1550233318200 vc_row-has-fill\"><div class=\"wpb_column vc_column_container vc_col-sm-12 cws-column\"><div class=\"cws_vc_column-inner\"><div class=\"wpb_column vc_column_container vc_col-sm-12\"><div class=\"vc_column-inner\"><div class=\"wpb_wrapper\"><div class=\"cws_spacing cws_spacing_size_sm_desctop-on cws_spacing_tablet-on cws_spacing_mobile-on\"><div class=\"cws_spacing cws_spacing_default\" style=\"height:200px;\"><\/div> <div class=\"cws_spacing cws_spacing_size_sm_desctop\" style=\"height:200px;\"><\/div> <div class=\"cws_spacing cws_spacing_tablet\" style=\"height:100px;\"><\/div> <div class=\"cws_spacing cws_spacing_mobile\" style=\"height:50px;\"><\/div><\/div><div class=\"vc_row wpb_row vc_inner vc_row-fluid\"><div class=\"wpb_column vc_column_container vc_col-sm-4\"><div class=\"vc_column-inner\"><div class=\"wpb_wrapper\"><div id='cws_vc_shortcode_milestone_69de523f18520' class='cws_vc_shortcode_milestone cws_vc_shortcode_module a-left icon_left style_advanced'><div class='milestone_wrapper'><div class='cws_vc_shortcode_milestone_wrapper side_line'><div class='cws_vc_shortcode_milestone_data'><div class='cws_milestone_number_wrapper'><i class=\"svg cws_vc_shortcode_milestone_icon\" style=\"width:55px;height:55px\"><svg data-cwssvg-init class=\"075-crane-1.svg\" version=\"1.1\" xmlns=\"http:\/\/www.w3.org\/2000\/svg\" xmlns:xlink=\"http:\/\/www.w3.org\/1999\/xlink\" x=\"0px\" y=\"0px\" viewbox=\"0 0 60 60\" style=\"enable-background:new 0 0 60 60;\" xml:space=\"preserve\"><path class=\"cwssvgi_0\" d=\"M54,36V22h3c0.6,0,1-0.4,1-1V1c0-0.6-0.4-1-1-1H41c-0.6,0-1,0.4-1,1v1H1C0.4,2,0,2.4,0,3v6v4c0,0.6,0.4,1,1,1h5v15H4 c-0.6,0-1,0.4-1,1v7c0,0.6,0.4,1,1,1h2v2H4v2h6v-2H8v-2h2c0.6,0,1-0.4,1-1v-7c0-0.6-0.4-1-1-1H8V14h26v7c0,0.6,0.4,1,1,1h3v14h-6 c-0.6,0-1,0.4-1,1v11H0v2h31v10h2V38h6h14h7v-2H54z M9,36H5v-5h4V36z M40,27h5v4h-5V27z M47,27h5v4h-5V27z M52,25h-5v-3h5V25z M40,4v4h-5H2V4H40z M2,12v-2h32v2H2z M36,13v-3h5h12V8H42V2h14v18h-3H39h-3V13z M45,22v3h-5v-3H45z M40,33h5v3h-5V33z M47,36v-3 h5v3H47z\"\/><rect class=\"cwssvgi_1\" x=\"36\" y=\"41\" width=\"2\" height=\"2\"\/><rect class=\"cwssvgi_2\" x=\"40\" y=\"41\" width=\"2\" height=\"2\"\/><rect class=\"cwssvgi_3\" x=\"44\" y=\"41\" width=\"2\" height=\"2\"\/><rect class=\"cwssvgi_4\" x=\"48\" y=\"41\" width=\"2\" height=\"2\"\/><rect class=\"cwssvgi_5\" x=\"52\" y=\"41\" width=\"2\" height=\"2\"\/><rect class=\"cwssvgi_6\" x=\"56\" y=\"41\" width=\"2\" height=\"2\"\/><rect class=\"cwssvgi_7\" x=\"4\" y=\"5\" width=\"2\" height=\"2\"\/><rect class=\"cwssvgi_8\" x=\"8\" y=\"5\" width=\"2\" height=\"2\"\/><rect class=\"cwssvgi_9\" x=\"12\" y=\"5\" width=\"2\" height=\"2\"\/><rect class=\"cwssvgi_10\" x=\"16\" y=\"5\" width=\"2\" height=\"2\"\/><rect class=\"cwssvgi_11\" x=\"20\" y=\"5\" width=\"2\" height=\"2\"\/><rect class=\"cwssvgi_12\" x=\"24\" y=\"5\" width=\"2\" height=\"2\"\/><rect class=\"cwssvgi_13\" x=\"28\" y=\"5\" width=\"2\" height=\"2\"\/><rect class=\"cwssvgi_14\" x=\"32\" y=\"5\" width=\"2\" height=\"2\"\/><rect class=\"cwssvgi_15\" x=\"36\" y=\"5\" width=\"2\" height=\"2\"\/><path class=\"cwssvgi_16\" d=\"M43,18c0.6,0,1-0.4,1-1v-4c0-0.6-0.4-1-1-1h-4c-0.6,0-1,0.4-1,1v4c0,0.6,0.4,1,1,1H43z M40,14h2v2h-2V14z\"\/><path class=\"cwssvgi_17\" d=\"M49,18h4c0.6,0,1-0.4,1-1v-4c0-0.6-0.4-1-1-1h-4c-0.6,0-1,0.4-1,1v4C48,17.6,48.4,18,49,18z M50,14h2v2h-2V14z\"\/><rect class=\"cwssvgi_18\" x=\"44\" y=\"4\" width=\"10\" height=\"2\"\/><path class=\"cwssvgi_19\" d=\"M41,48c-2.2,0-4,1.8-4,4s1.8,4,4,4s4-1.8,4-4S43.2,48,41,48z M41,54c-1.1,0-2-0.9-2-2s0.9-2,2-2s2,0.9,2,2S42.1,54,41,54z \"\/><path class=\"cwssvgi_20\" d=\"M53,48c-2.2,0-4,1.8-4,4s1.8,4,4,4s4-1.8,4-4S55.2,48,53,48z M53,54c-1.1,0-2-0.9-2-2s0.9-2,2-2s2,0.9,2,2S54.1,54,53,54z \"\/><rect class=\"cwssvgi_21\" x=\"23\" y=\"53\" width=\"6\" height=\"2\"\/><rect class=\"cwssvgi_22\" x=\"2\" y=\"53\" width=\"6\" height=\"2\"\/><rect class=\"cwssvgi_23\" x=\"13\" y=\"56\" width=\"6\" height=\"2\"\/><\/svg><\/i><div class='milestone_spacer'><\/div><div class='cws_vc_shortcode_milestone_number' data-speed='2000'>10000<\/div><\/div><h6 class='cws_vc_shortcode_milestone_title'>m2 Bonded Area<\/h6><div class='divider'><\/div><div class='cws_vc_shortcode_milestone_desc'>Our warehouses are named as TYPE-A PUBLIC WAREHOUSE according to the business license obtained from the General Directorate of Customs of the Undersecretariat of Customs. Under the rules determined in the Customs Law, we ensure your import products and raw materials to store under the safe conditions and to deliver them to the consignees, when required.<\/div><\/div><\/div><\/div><\/div><\/div><\/div><\/div><div class=\"wpb_column vc_column_container vc_col-sm-4\"><div class=\"vc_column-inner\"><div class=\"wpb_wrapper\"><div id='cws_vc_shortcode_milestone_69de523f18863' class='cws_vc_shortcode_milestone cws_vc_shortcode_module a-left icon_left style_advanced'><div class='milestone_wrapper'><div class='cws_vc_shortcode_milestone_wrapper side_line'><div class='cws_vc_shortcode_milestone_data'><div class='cws_milestone_number_wrapper'><i class=\"svg cws_vc_shortcode_milestone_icon\" style=\"width:55px;height:55px\"><svg data-cwssvg-init class=\"076-loader.svg\" version=\"1.1\" xmlns=\"http:\/\/www.w3.org\/2000\/svg\" xmlns:xlink=\"http:\/\/www.w3.org\/1999\/xlink\" x=\"0px\" y=\"0px\" viewbox=\"0 0 60 60\" style=\"enable-background:new 0 0 60 60;\" xml:space=\"preserve\"><path class=\"cwssvgi_0\" d=\"M30,25v-2h-6.1c-0.5-3.4-3.4-6-6.9-6H7c-3.9,0-7,3.1-7,7v14h2V24c0-2.8,2.2-5,5-5h1v8H7v-2H5v34c0,0.6,0.4,1,1,1h6h6 c0.6,0,1-0.4,1-1V25h-2v2h-1v-8h1c2.8,0,5,2.2,5,5c0,0.6,0.4,1,1,1H30z M17,58h-4V40h2v-2H9v2h2v18H7V29h10V58z M14,27h-4v-8h4V27 z\"\/><path class=\"cwssvgi_1\" d=\"M6,11c0,2.8,2.2,5,5,5h2c2.8,0,5-2.2,5-5V9h2V7h-2V5c0-2.8-2.2-5-5-5h-2C8.2,0,6,2.2,6,5v2H4v2h2V11z M16,11 c0,1.7-1.3,3-3,3h-2c-1.7,0-3-1.3-3-3V9h8V11z M8,5c0-1.7,1.3-3,3-3v3h2V2c1.7,0,3,1.3,3,3v2H8V5z\"\/><rect class=\"cwssvgi_2\" x=\"9\" y=\"32\" width=\"2\" height=\"2\"\/><rect class=\"cwssvgi_3\" x=\"13\" y=\"32\" width=\"2\" height=\"2\"\/><path class=\"cwssvgi_4\" d=\"M59,20H49h-6H33c-0.6,0-1,0.4-1,1v21h-1h-6c-0.6,0-1,0.4-1,1v16c0,0.6,0.4,1,1,1h16h18c0.6,0,1-0.4,1-1V43V21 C60,20.4,59.6,20,59,20z M48,22v6h-4v-6H48z M34,22h8v7c0,0.6,0.4,1,1,1h6c0.6,0,1-0.4,1-1v-7h8v20h-6h-4h-7h-6h-1V22z M49,44h2v4 h-2V44z M33,44h1v4h-2v-4H33z M26,44h4v5c0,0.6,0.4,1,1,1h4c0.6,0,1-0.4,1-1v-5h4v14H26V44z M58,58H42V44h5v5c0,0.6,0.4,1,1,1h4 c0.6,0,1-0.4,1-1v-5h5V58z\"\/><rect class=\"cwssvgi_5\" x=\"23\" y=\"28\" width=\"7\" height=\"2\"\/><rect class=\"cwssvgi_6\" x=\"28\" y=\"53\" width=\"2\" height=\"2\"\/><rect class=\"cwssvgi_7\" x=\"32\" y=\"53\" width=\"2\" height=\"2\"\/><rect class=\"cwssvgi_8\" x=\"44\" y=\"53\" width=\"2\" height=\"2\"\/><rect class=\"cwssvgi_9\" x=\"48\" y=\"53\" width=\"2\" height=\"2\"\/><rect class=\"cwssvgi_10\" x=\"37\" y=\"34\" width=\"4\" height=\"2\"\/><rect class=\"cwssvgi_11\" x=\"37\" y=\"38\" width=\"8\" height=\"2\"\/><\/svg><\/i><div class='milestone_spacer'><\/div><div class='cws_vc_shortcode_milestone_number' data-speed='2000'>17800<\/div><\/div><h6 class='cws_vc_shortcode_milestone_title'>m2 Free Storage<\/h6><div class='divider'><\/div><div class='cws_vc_shortcode_milestone_desc'>Our facility in Pelitli has the storage area of 15000 m2, our facility in Hadimkoy has the storage area of 1800 m2, our facility in Sekerpinar has the storage area of 300 m2. We carry out the storage and loading processes of your commodities of any kind, which are your nationalized or domestic purchases, beginning from the product acceptance.<\/div><\/div><\/div><\/div><\/div><\/div><\/div><\/div><div class=\"wpb_column vc_column_container vc_col-sm-4\"><div class=\"vc_column-inner\"><div class=\"wpb_wrapper\"><div id='cws_vc_shortcode_milestone_69de523f18b63' class='cws_vc_shortcode_milestone cws_vc_shortcode_module a-left icon_left style_advanced'><div class='milestone_wrapper'><div class='cws_vc_shortcode_milestone_wrapper'><div class='cws_vc_shortcode_milestone_data'><div class='cws_milestone_number_wrapper'><i class=\"svg cws_vc_shortcode_milestone_icon\" style=\"width:55px;height:55px\"><svg data-cwssvg-init class=\"081-post-office.svg\" version=\"1.1\" xmlns=\"http:\/\/www.w3.org\/2000\/svg\" xmlns:xlink=\"http:\/\/www.w3.org\/1999\/xlink\" x=\"0px\" y=\"0px\" viewbox=\"0 0 60 60\" style=\"enable-background:new 0 0 60 60;\" xml:space=\"preserve\"><rect class=\"cwssvgi_0\" x=\"8\" y=\"31\" width=\"2\" height=\"2\"\/><rect class=\"cwssvgi_1\" x=\"12\" y=\"31\" width=\"2\" height=\"2\"\/><rect class=\"cwssvgi_2\" x=\"16\" y=\"31\" width=\"2\" height=\"2\"\/><rect class=\"cwssvgi_3\" x=\"20\" y=\"31\" width=\"14\" height=\"2\"\/><rect class=\"cwssvgi_4\" x=\"36\" y=\"31\" width=\"2\" height=\"2\"\/><rect class=\"cwssvgi_5\" x=\"40\" y=\"31\" width=\"2\" height=\"2\"\/><rect class=\"cwssvgi_6\" x=\"44\" y=\"31\" width=\"2\" height=\"2\"\/><path class=\"cwssvgi_7\" d=\"M59,51c0.6,0,1-0.4,1-1V36c0-0.6-0.4-1-1-1H45c-0.6,0-1,0.4-1,1v14c0,0.6,0.4,1,1,1h6v6H35V42v-4c0-0.6-0.4-1-1-1H10 c-0.6,0-1,0.4-1,1v4v15H6V28h42v5h2v-5h3c0.6,0,1-0.4,1-1V5c0-0.6-0.4-1-1-1H42v2h4v13h2V6h4v16H2V6h4v13h2V6h4V4H1 C0.4,4,0,4.4,0,5v22c0,0.6,0.4,1,1,1h3v29H0v2h4h2h54v-2h-7v-6H59z M2,24h50v2h-3H5H2V24z M33,43v14H23V43H33z M11,39h22v2H11V39z M11,43h10v14H11V43z M58,37v2H46v-2H58z M46,41h12v8H46V41z\"\/><polygon class=\"cwssvgi_8\" points=\"48,45 53,45 53,47 55,47 55,45 56,45 56,43 48,43 \"\/><rect class=\"cwssvgi_9\" x=\"25\" y=\"49\" width=\"2\" height=\"2\"\/><rect class=\"cwssvgi_10\" x=\"17\" y=\"49\" width=\"2\" height=\"2\"\/><path class=\"cwssvgi_11\" d=\"M42,39v-2h-4c-0.6,0-1,0.4-1,1v14c0,0.6,0.4,1,1,1h4v-2h-3v-5h3v-2h-3v-5H42z\"\/><path class=\"cwssvgi_12\" d=\"M15,13h11v6h2v-6h11c0.6,0,1-0.4,1-1V2c0-0.6-0.4-1-1-1H15c-0.6,0-1,0.4-1,1v10C14,12.6,14.4,13,15,13z M16,3h22v8H16V3z\" \/><rect class=\"cwssvgi_13\" x=\"18\" y=\"6\" width=\"2\" height=\"2\"\/><rect class=\"cwssvgi_14\" x=\"22\" y=\"6\" width=\"9\" height=\"2\"\/><rect class=\"cwssvgi_15\" x=\"34\" y=\"6\" width=\"2\" height=\"2\"\/><\/svg><\/i><div class='milestone_spacer'><\/div><div class='cws_vc_shortcode_milestone_number' data-speed='2000'>12<\/div><\/div><h6 class='cws_vc_shortcode_milestone_title'>Years of Experience<\/h6><div class='divider'><\/div><div class='cws_vc_shortcode_milestone_desc'>Since our foundation to today, in order to obtain outstanding quality, we effectively offer all kinds of services with our experienced team and technical infrastructure.<\/div><\/div><\/div><\/div><\/div><\/div><\/div><\/div><\/div><div class=\"cws_spacing cws_spacing_size_sm_desctop-on cws_spacing_tablet-on cws_spacing_mobile-on\"><div class=\"cws_spacing cws_spacing_default\" style=\"height:200px;\"><\/div> <div class=\"cws_spacing cws_spacing_size_sm_desctop\" style=\"height:200px;\"><\/div> <div class=\"cws_spacing cws_spacing_tablet\" style=\"height:100px;\"><\/div> <div class=\"cws_spacing cws_spacing_mobile\" style=\"height:50px;\"><\/div><\/div><\/div><\/div><\/div><!-- CWS Column --> <\/div><\/div><\/div><div class=\"vc_row-full-width vc_clearfix\"><\/div><\/div><!-- CWS Row --><div class=\"cws-content clearfix\"><div class=\"vc_row wpb_row vc_row-fluid vc_custom_1652344766431\"><div class=\"wpb_column vc_column_container vc_col-sm-12 cws-column\"><div class=\"cws_vc_column-inner\"><div class=\"wpb_column vc_column_container vc_col-sm-12\"><div class=\"vc_column-inner\"><div class=\"wpb_wrapper\"><div class=\"vc_row wpb_row vc_inner vc_row-fluid\"><div class=\"wpb_column vc_column_container vc_col-sm-6\"><div class=\"vc_column-inner\"><div class=\"wpb_wrapper\"><div class=\"cws_spacing\"><div class=\"cws_spacing cws_spacing_default\" style=\"height:20px;\"><\/div><\/div>\n\t<div  class=\"wpb_single_image wpb_content_element vc_align_left\">\n\t\t\n\t\t<figure class=\"wpb_wrapper vc_figure\">\n\t\t\t<div class=\"vc_single_image-wrapper   vc_box_border_grey\"><img decoding=\"async\" width=\"1219\" height=\"707\" src=\"https:\/\/hermesgloballojistik.com.tr\/wp-content\/uploads\/2022\/03\/vizyon-misyon.jpg\" class=\"vc_single_image-img attachment-full\" alt=\"\" title=\"vizyon-misyon\" srcset=\"https:\/\/hermesgloballojistik.com.tr\/wp-content\/uploads\/2022\/03\/vizyon-misyon.jpg 1219w, https:\/\/hermesgloballojistik.com.tr\/wp-content\/uploads\/2022\/03\/vizyon-misyon-300x174.jpg 300w, https:\/\/hermesgloballojistik.com.tr\/wp-content\/uploads\/2022\/03\/vizyon-misyon-1024x594.jpg 1024w, https:\/\/hermesgloballojistik.com.tr\/wp-content\/uploads\/2022\/03\/vizyon-misyon-768x445.jpg 768w\" sizes=\"(max-width: 1219px) 100vw, 1219px\" \/><\/div>\n\t\t<\/figure>\n\t<\/div>\n<\/div><\/div><\/div><div class=\"wpb_column vc_column_container vc_col-sm-6\"><div class=\"vc_column-inner vc_custom_1548137969324\"><div class=\"wpb_wrapper\"><div class=\"cws_spacing\"><div class=\"cws_spacing cws_spacing_default\" style=\"height:0px;\"><\/div><\/div><div class='cws_textmodule cws_vc_shortcode_module' id='cws_textmodule_69de523f267e4'><div class='cws_textmodule_wrapper'><div class='cws_textmodule_text text_align_left'><div class='cws_textmodule_titles display_block'><h2 class='cws_textmodule_title'><span>We are focused on management of future<\/span><\/h2><\/div><div class='cws_textmodule_content'><div class='text_content_wrapper'><p>Storage units, management office, outstanding telecommunication network and high capacity heavy equipments in our facilities offer full service with high technology equipments, telescopic ramps and motion-sensitive camera system to meet all your needs<\/p>\n<ul class=\"checkmarks_style\">\n<li>We combined our focus with a perfect management.<\/li>\n<li>We are aware that our responsibilities will lead you to success.<\/li>\n<\/ul>\n<\/div><\/div><\/div><\/div><\/div><div class=\"cws_spacing cws_spacing_size_sm_desctop-on cws_spacing_tablet-on cws_spacing_mobile-on\"><div class=\"cws_spacing cws_spacing_default\" style=\"height:10px;\"><\/div> <div class=\"cws_spacing cws_spacing_size_sm_desctop\" style=\"height:40px;\"><\/div> <div class=\"cws_spacing cws_spacing_tablet\" style=\"height:40px;\"><\/div> <div class=\"cws_spacing cws_spacing_mobile\" style=\"height:40px;\"><\/div><\/div><\/div><\/div><\/div><\/div><div class=\"cws_spacing cws_spacing_size_sm_desctop-on cws_spacing_tablet-on cws_spacing_mobile-on\"><div class=\"cws_spacing cws_spacing_default\" style=\"height:90px;\"><\/div> <div class=\"cws_spacing cws_spacing_size_sm_desctop\" style=\"height:100px;\"><\/div> <div class=\"cws_spacing cws_spacing_tablet\" style=\"height:50px;\"><\/div> <div class=\"cws_spacing cws_spacing_mobile\" style=\"height:50px;\"><\/div><\/div><\/div><\/div><\/div><!-- CWS Column --> <\/div><\/div><\/div><\/div>","protected":false},"excerpt":{"rendered":"Hakk\u0131m\u0131zdaHermes Global olarak, 2010 y\u0131l\u0131nda tek lokasyon da 6.000 \u33a1 \u2018de ba\u015flayan depolama hizmetlerimize bug\u00fcn \u00fc\u00e7 lokasyon da 30.600 \u33a1 \u2018nin \u00fczerinde b\u00fcy\u00fckl\u00fckte bir alanda devam ediyoruz. Had\u0131mk\u00f6y, \u015eekerp\u0131nar, Pelitli 1 ve Pelitli 2 tesislerimizde ticaretinizi kolayla\u015ft\u0131racak depolama ve lojistik hizmetleri sunuyoruz. Lojistik ve tedarik zinciri end\u00fcstrisini geli\u015ftirmek i\u00e7in teknolojiden ve yeni i\u015f modellerinden yararlan\u0131yoruz. G\u00fcven esas\u0131na dayal\u0131 marka k\u00fclt\u00fcr\u00fcm\u00fcz ba\u015far\u0131m\u0131z\u0131n temel ta\u015f\u0131n\u0131 olu\u015fturur. 13 y\u0131l\u0131 a\u015fk\u0131n s\u00fcredir, m\u00fc\u015fterilerimizin varl\u0131klar\u0131n\u0131 koruyor, do\u011fru zamanda, do\u011fru yere, do\u011fru \u015fekilde teslim edilmesini sa\u011fl\u0131yoruz. Her sekt\u00f6rde ve her b\u00fcy\u00fckl\u00fckte firmaya, kazan-kazan esas\u0131na dayal\u0131 ba\u015far\u0131 odakl\u0131 \u00e7\u00f6z\u00fcmler sunuyoruz. Hermes Global olarak, geni\u015f i\u015f a\u011f\u0131m\u0131z ve deneyimli kadromuz ile, m\u00fc\u015fterilerimize efektif depolama ve da\u011f\u0131t\u0131m \u00e7\u00f6z\u00fcmleri sunman\u0131n yan\u0131 s\u0131ra, operasyonlar\u0131na katma de\u011fer sa\u011flayacak pek \u00e7ok nitelikli \u00e7\u00f6z\u00fcm de sunuyoruz. Kalite kontrol, etiketleme, barkodlama, \u00fcr\u00fcn birle\u015ftirme, yeniden paketleme ve ambalajlama gibi \u00f6zen gerektiren katma de\u011ferli hizmetlerimiz ile m\u00fc\u015fterilerimizin zaman kazanmalar\u0131na yard\u0131mc\u0131 oluyoruz. M\u00fc\u015fterilerimizin tedarik zinciri boyunca toplam operasyon maliyetlerinin azalt\u0131lmas\u0131n\u0131 ve s\u00fcre\u00e7lerinin iyile\u015ftirilmesine katk\u0131 sa\u011fl\u0131yoruz. Lojistik merkezlerimizde Serbest Depolama, G\u00fcmr\u00fckl\u00fc Depolama, Yurti\u00e7i Ta\u015f\u0131mac\u0131l\u0131k, Uluslararas\u0131 Ta\u015f\u0131mac\u0131l\u0131k hizmetleri sunuyoruz. Ayr\u0131ca Genel Antrepo, So\u011fuk Hava Tertibatl\u0131 Antrepo, Tehlikeli Madde ve ADR\u2019li Antrepo alanlar\u0131m\u0131z ile \u00f6zel nitelikli emtialar\u0131n\u0131z i\u00e7in gerekli saklama ko\u015fullar\u0131na sahibiz. Pandeminin etkisiyle tedarik zincirinde stoklama ihtiyac\u0131n\u0131n artmas\u0131 ve e-ticarette ya\u015fanan rekor b\u00fcy\u00fcme ile \u00fclkemizde depo kapasiteleri y\u00fczde 100 dolulu\u011fa ula\u015ft\u0131. talebin artarak devam etmesi ile 2021 y\u0131l\u0131 Hermes Global i\u00e7in depolamada yat\u0131r\u0131m ve teknolojik d\u00f6n\u00fc\u015f\u00fcm y\u0131l\u0131 oldu. Salg\u0131nla birlikte tedarik zincirinde ya\u015fanan aksamalar ve hammadde fiyatlar\u0131ndaki h\u0131zl\u0131 y\u00fckseli\u015f tedarik zincirinde stoklama ihtiyac\u0131n\u0131 da beraberinde art\u0131rd\u0131. M\u00fc\u015fterilerimizin sekt\u00f6rlerinde rekabet avantaj\u0131 yaratabilmelerini sa\u011flamak \u00fczere, onlara t\u00fcm tedarik zinciri s\u00fcre\u00e7leri boyunca katma de\u011fer sa\u011fl\u0131yor, bu s\u00fcre\u00e7lerin her noktas\u0131nda daha etkin ve daha az maliyete sahip olmalar\u0131n\u0131 sa\u011flamaktay\u0131z. 10000\u33a1 G\u00fcmr\u00fckl\u00fc AlanAntrepolar\u0131m\u0131z G\u00fcmr\u00fck M\u00fcste\u015farl\u0131\u011f\u0131 G\u00fcmr\u00fckler Genel M\u00fcd\u00fcrl\u00fc\u011f\u00fcnden al\u0131nm\u0131\u015f olan a\u00e7ma ve i\u015fletme ruhsat\u0131na istinaden A TIPI GENEL ANTREPO olarak adland\u0131r\u0131l\u0131r. G\u00fcmr\u00fck kanununun belirledi\u011fi kurallar \u00e7er\u00e7evesinde ithalat \u00fcr\u00fcnlerinizin, hammaddelerinizin g\u00fcvenli ko\u015fullarda depolanmas\u0131 ve diledi\u011finizde al\u0131c\u0131lar\u0131na ula\u015ft\u0131r\u0131lmas\u0131n\u0131 sa\u011fl\u0131yoruz.17800\u33a1 Serbest DepoPelitli tesisimiz 15000 \u33a1, Had\u0131mk\u00f6y tesisimiz 1800 \u33a1, \u015eekerp\u0131nar tesisimiz 300 \u33a1 serbest depolama alan\u0131na sahipdir. Millile\u015fmi\u015f ya da yurti\u00e7i al\u0131mlar\u0131n\u0131z olan her t\u00fcrl\u00fc emtian\u0131z\u0131n \u00fcr\u00fcn kabulden ba\u015flayarak, depolama ve araca y\u00fckleme s\u00fcre\u00e7lerini y\u00fcr\u00fctmekteyiz.12Y\u0131ll\u0131k DeneyimKurulu\u015fumuzdan bug\u00fcne \u00fcst\u00fcn kaliteye ula\u015fmak i\u00e7in, i\u015f ortaklar\u0131m\u0131z\u0131n ihtiya\u00e7 duydu\u011fu her t\u00fcrl\u00fc hizmeti deneyimli kadromuz ve teknik altyap\u0131m\u0131zla etkin bir \u015fekilde sunuyoruz. Gelece\u011fin y\u00f6netimine konsantreyizTesislerimizde ki depolama \u00fcniteleri, y\u00f6netim ofisi, \u00fcst\u00fcn telekom\u00fcnikasyon a\u011f\u0131 ile y\u00fcksek kapasiteli i\u015f makineleri, son teknoloji ekipmanlar, teleskopik rampalar ve harekete duyarl\u0131 kamera sistemi ile her t\u00fcr gereksiniminizi kar\u015f\u0131layacak \u015fekilde tam donan\u0131ml\u0131 bir hizmet \u00fcss\u00fc konumunda g\u00f6rev yapmaktad\u0131r. Tu\u0308m dikkatimizi kusursuz yo\u0308netim ile birles\u0327tirdik. Sorumluluklar\u0131m\u0131z\u0131n Sizi Bas\u0327ar\u0131ya Go\u0308tu\u0308receg\u0306inin Fark\u0131nday\u0131z.","protected":false},"author":2,"featured_media":0,"parent":0,"menu_order":0,"comment_status":"closed","ping_status":"closed","template":"","meta":{"footnotes":""},"class_list":["post-3668","page","type-page","status-publish","hentry"],"_links":{"self":[{"href":"https:\/\/hermesgloballojistik.com.tr\/en\/wp-json\/wp\/v2\/pages\/3668","targetHints":{"allow":["GET"]}}],"collection":[{"href":"https:\/\/hermesgloballojistik.com.tr\/en\/wp-json\/wp\/v2\/pages"}],"about":[{"href":"https:\/\/hermesgloballojistik.com.tr\/en\/wp-json\/wp\/v2\/types\/page"}],"author":[{"embeddable":true,"href":"https:\/\/hermesgloballojistik.com.tr\/en\/wp-json\/wp\/v2\/users\/2"}],"replies":[{"embeddable":true,"href":"https:\/\/hermesgloballojistik.com.tr\/en\/wp-json\/wp\/v2\/comments?post=3668"}],"version-history":[{"count":5,"href":"https:\/\/hermesgloballojistik.com.tr\/en\/wp-json\/wp\/v2\/pages\/3668\/revisions"}],"predecessor-version":[{"id":4408,"href":"https:\/\/hermesgloballojistik.com.tr\/en\/wp-json\/wp\/v2\/pages\/3668\/revisions\/4408"}],"wp:attachment":[{"href":"https:\/\/hermesgloballojistik.com.tr\/en\/wp-json\/wp\/v2\/media?parent=3668"}],"curies":[{"name":"wp","href":"https:\/\/api.w.org\/{rel}","templated":true}]}}