{"id":3628,"date":"2022-03-05T16:21:00","date_gmt":"2022-03-05T16:21:00","guid":{"rendered":"https:\/\/hermesgloballojistik.com.tr\/?page_id=3628"},"modified":"2024-06-25T18:58:56","modified_gmt":"2024-06-25T18:58:56","slug":"sekerpinar-lojistik-merkezi","status":"publish","type":"page","link":"https:\/\/hermesgloballojistik.com.tr\/en\/sekerpinar-lojistik-merkezi\/","title":{"rendered":"Sekerpinar Logistic Center"},"content":{"rendered":"<!-- CWS Row --><div class=\"cws-content clearfix\"><div class=\"vc_row wpb_row vc_row-fluid vc_custom_1646381776792\"><div class=\"wpb_column vc_column_container vc_col-sm-12 cws-column\"><div class=\"cws_vc_column-inner\"><div class=\"wpb_column vc_column_container vc_col-sm-12\"><div class=\"vc_column-inner\"><div class=\"wpb_wrapper\"><div class='cws_textmodule cws_vc_shortcode_module' id='cws_textmodule_69d2e0dcd6834'><div class='cws_textmodule_wrapper'><div class='cws_textmodule_text text_align_left'><div class='cws_textmodule_titles display_block'><h2 class='cws_textmodule_title'><span>Sekerpinar Logistic Center<\/span><\/h2><\/div><\/div><\/div><\/div><\/div><\/div><\/div><!-- CWS Column --> <\/div><\/div><\/div><\/div><!-- CWS Row --><div class=\"cws-content clearfix\"><div class=\"vc_row wpb_row vc_row-fluid vc_custom_1647945813674\"><div class=\"wpb_column vc_column_container vc_col-sm-6 cws-column\"><div class=\"cws_vc_column-inner\"><div class=\"wpb_column vc_column_container vc_col-sm-6\"><div class=\"vc_column-inner\"><div class=\"wpb_wrapper\"><div class='cws_textmodule cws_vc_shortcode_module' id='cws_textmodule_69d2e0dcd739b'><div class='cws_textmodule_wrapper'><div class='cws_textmodule_text text_align_left'><div class='cws_textmodule_content'><div class='text_content_wrapper'><p>Our warehouse affiliated with Dilovas\u0131 Customs Directorate is located in a strategic center for your logistics needs. We are here to support your success with the facilities we offer:<\/p>\n<\/div><\/div><\/div><\/div><\/div><div class='cws_textmodule cws_vc_shortcode_module  vc_custom_1719341858906' id='cws_textmodule_69d2e0dcd77a9'><div class='cws_textmodule_wrapper'><div class='cws_textmodule_text text_align_left'><div class='cws_textmodule_content'><div class='text_content_wrapper'><p><strong>Technical Features of our Storage<\/strong><\/p>\n<ul>\n<li>3804 m<sup>2 <\/sup>Bonded General Goods Storage<\/li>\n<li>616 m<sup>2 <\/sup> Free Storage<\/li>\n<li>804 m<sup>2 <\/sup> Flammable and Combustible Goods Storage<\/li>\n<li>4 automated doors suitable for truck and crane entry<\/li>\n<li>5 telescopic ramps<\/li>\n<li>32 motion-sensitive cameras<\/li>\n<li>Articulated lorry parking area available to car entry for 7\/24<\/li>\n<li class=\" translation-block\">500 m2 closed cantilever area<\/li>\n<li>Electric forklift and reach truck equipments<\/li>\n<li>12 m ceiling height<\/li>\n<li>1650 m<sup>2 <\/sup> Bonded Open Storage Area<\/li>\n<li>Handling and examination areas<\/li>\n<\/ul>\n<\/div><\/div><\/div><\/div><\/div><\/div><\/div><\/div><!-- CWS Column --> <\/div><\/div><div class=\"wpb_column vc_column_container vc_col-sm-6 cws-column\"><div class=\"cws_vc_column-inner\"><div class=\"wpb_column vc_column_container vc_col-sm-6\"><div class=\"vc_column-inner\"><div class=\"wpb_wrapper\">\n\t<div  class=\"wpb_single_image wpb_content_element vc_align_left  vc_custom_1652341702111\">\n\t\t\n\t\t<figure class=\"wpb_wrapper vc_figure\">\n\t\t\t<div class=\"vc_single_image-wrapper vc_box_rounded  vc_box_border_grey\"><img fetchpriority=\"high\" decoding=\"async\" width=\"1000\" height=\"667\" src=\"https:\/\/hermesgloballojistik.com.tr\/wp-content\/uploads\/2022\/05\/seker-pinar-sekmesi-orta-gorsel.jpg\" class=\"vc_single_image-img attachment-full\" alt=\"\" title=\"\u015feker p\u0131nar sekmesi orta g\u00f6rsel\" srcset=\"https:\/\/hermesgloballojistik.com.tr\/wp-content\/uploads\/2022\/05\/seker-pinar-sekmesi-orta-gorsel.jpg 1000w, https:\/\/hermesgloballojistik.com.tr\/wp-content\/uploads\/2022\/05\/seker-pinar-sekmesi-orta-gorsel-300x200.jpg 300w, https:\/\/hermesgloballojistik.com.tr\/wp-content\/uploads\/2022\/05\/seker-pinar-sekmesi-orta-gorsel-768x512.jpg 768w\" sizes=\"(max-width: 1000px) 100vw, 1000px\" \/><\/div>\n\t\t<\/figure>\n\t<\/div>\n<\/div><\/div><\/div><!-- CWS Column --> <\/div><\/div><\/div><\/div><!-- CWS Row --><div class=\"cws-content clearfix\"><div data-vc-full-width=\"true\" data-vc-full-width-init=\"false\" data-vc-stretch-content=\"true\" class=\"vc_row wpb_row vc_row-fluid vc_row-no-padding\"><div class=\"wpb_column vc_column_container vc_col-sm-12 cws-column\"><div class=\"cws_vc_column-inner\"><div class=\"wpb_column vc_column_container vc_col-sm-12\"><div class=\"vc_column-inner\"><div class=\"wpb_wrapper\">\n\t<div class=\"wpb_text_column wpb_content_element\" >\n\t\t<div class=\"wpb_wrapper\">\n\t\t\t\n\t\t\t<!-- see gallery_shortcode() in wp-includes\/media.php -->\n\t\t\t<div id='gallery-1' class='gallery galleryid-3628 gallery-size-full'><div class='gallery-item' style='float: left; width: 25%;'>\n\t\t<div class='gallery-icon'>\n\t\t\t<a href='https:\/\/hermesgloballojistik.com.tr\/wp-content\/uploads\/2022\/05\/EB_6954-1.jpg'><img decoding=\"async\" width=\"1000\" height=\"667\" src=\"https:\/\/hermesgloballojistik.com.tr\/wp-content\/uploads\/2022\/05\/EB_6954-1.jpg\" class=\"attachment-full size-full\" alt=\"\" srcset=\"https:\/\/hermesgloballojistik.com.tr\/wp-content\/uploads\/2022\/05\/EB_6954-1.jpg 1000w, https:\/\/hermesgloballojistik.com.tr\/wp-content\/uploads\/2022\/05\/EB_6954-1-300x200.jpg 300w, https:\/\/hermesgloballojistik.com.tr\/wp-content\/uploads\/2022\/05\/EB_6954-1-768x512.jpg 768w\" sizes=\"(max-width: 1000px) 100vw, 1000px\" \/><\/a>\n\t\t<\/div><\/div><div class='gallery-item' style='float: left; width: 25%;'>\n\t\t<div class='gallery-icon'>\n\t\t\t<a href='https:\/\/hermesgloballojistik.com.tr\/wp-content\/uploads\/2022\/05\/EB_7127-1.jpg'><img decoding=\"async\" width=\"1000\" height=\"667\" src=\"https:\/\/hermesgloballojistik.com.tr\/wp-content\/uploads\/2022\/05\/EB_7127-1.jpg\" class=\"attachment-full size-full\" alt=\"\" srcset=\"https:\/\/hermesgloballojistik.com.tr\/wp-content\/uploads\/2022\/05\/EB_7127-1.jpg 1000w, https:\/\/hermesgloballojistik.com.tr\/wp-content\/uploads\/2022\/05\/EB_7127-1-300x200.jpg 300w, https:\/\/hermesgloballojistik.com.tr\/wp-content\/uploads\/2022\/05\/EB_7127-1-768x512.jpg 768w\" sizes=\"(max-width: 1000px) 100vw, 1000px\" \/><\/a>\n\t\t<\/div><\/div><div class='gallery-item' style='float: left; width: 25%;'>\n\t\t<div class='gallery-icon'>\n\t\t\t<a href='https:\/\/hermesgloballojistik.com.tr\/wp-content\/uploads\/2022\/05\/8-1.jpg'><img loading=\"lazy\" decoding=\"async\" width=\"1000\" height=\"667\" src=\"https:\/\/hermesgloballojistik.com.tr\/wp-content\/uploads\/2022\/05\/8-1.jpg\" class=\"attachment-full size-full\" alt=\"\" srcset=\"https:\/\/hermesgloballojistik.com.tr\/wp-content\/uploads\/2022\/05\/8-1.jpg 1000w, https:\/\/hermesgloballojistik.com.tr\/wp-content\/uploads\/2022\/05\/8-1-300x200.jpg 300w, https:\/\/hermesgloballojistik.com.tr\/wp-content\/uploads\/2022\/05\/8-1-768x512.jpg 768w\" sizes=\"(max-width: 1000px) 100vw, 1000px\" \/><\/a>\n\t\t<\/div><\/div><div class='gallery-item' style='float: left; width: 25%;'>\n\t\t<div class='gallery-icon'>\n\t\t\t<a href='https:\/\/hermesgloballojistik.com.tr\/wp-content\/uploads\/2022\/05\/sekerpinar-alt-gorsel.jpg'><img loading=\"lazy\" decoding=\"async\" width=\"1000\" height=\"667\" src=\"https:\/\/hermesgloballojistik.com.tr\/wp-content\/uploads\/2022\/05\/sekerpinar-alt-gorsel.jpg\" class=\"attachment-full size-full\" alt=\"\" srcset=\"https:\/\/hermesgloballojistik.com.tr\/wp-content\/uploads\/2022\/05\/sekerpinar-alt-gorsel.jpg 1000w, https:\/\/hermesgloballojistik.com.tr\/wp-content\/uploads\/2022\/05\/sekerpinar-alt-gorsel-300x200.jpg 300w, https:\/\/hermesgloballojistik.com.tr\/wp-content\/uploads\/2022\/05\/sekerpinar-alt-gorsel-768x512.jpg 768w\" sizes=\"(max-width: 1000px) 100vw, 1000px\" \/><\/a>\n\t\t<\/div><\/div><br style=\"clear: both\"><\/div>\n\n\n\t\t<\/div>\n\t<\/div>\n<\/div><\/div><\/div><!-- CWS Column --> <\/div><\/div><\/div><div class=\"vc_row-full-width vc_clearfix\"><\/div><\/div>","protected":false},"excerpt":{"rendered":"\u015eekerp\u0131nar Lojistik Merkezi Dilovas\u0131 G\u00fcmr\u00fck M\u00fcd\u00fcrl\u00fc\u011f\u00fc\u2019ne ba\u011fl\u0131 depomuz, lojistik ihtiya\u00e7lar\u0131n\u0131z i\u00e7in stratejik bir merkezde yer al\u0131yor. Sundu\u011fumuz olanaklarla, ba\u015far\u0131n\u0131z\u0131 desteklemek i\u00e7in buraday\u0131z: Depomuzun Teknik \u00d6zellikleri 3804 m2 G\u00fcmr\u00fckl\u00fc Normal E\u015fya Depolama 616 m2 Serbest Depolama 804 m2 Yan\u0131c\u0131 Parlay\u0131c\u0131 E\u015fya Deposu 4 adet t\u0131r ve vin\u00e7 giri\u015fine m\u00fcsait otomatik kap\u0131 5 adet teleskopik rampa 32 adet harekete duyarl\u0131 kamera 7\/24 Ara\u00e7 giri\u015fine m\u00fcsait t\u0131r park\u0131 500 m2 kapal\u0131 sundurma alan\u0131 Elektrikli forklift ve Rec-truck ekipmanlar\u0131 12 Metre tavan y\u00fcksekli\u011fi 1650 m2 G\u00fcmr\u00fckl\u00fc A\u00e7\u0131k Saha Depolama Alan\u0131 Elle\u00e7leme ve muayene alanlar\u0131","protected":false},"author":2,"featured_media":0,"parent":0,"menu_order":0,"comment_status":"closed","ping_status":"closed","template":"","meta":{"footnotes":""},"class_list":["post-3628","page","type-page","status-publish","hentry"],"_links":{"self":[{"href":"https:\/\/hermesgloballojistik.com.tr\/en\/wp-json\/wp\/v2\/pages\/3628","targetHints":{"allow":["GET"]}}],"collection":[{"href":"https:\/\/hermesgloballojistik.com.tr\/en\/wp-json\/wp\/v2\/pages"}],"about":[{"href":"https:\/\/hermesgloballojistik.com.tr\/en\/wp-json\/wp\/v2\/types\/page"}],"author":[{"embeddable":true,"href":"https:\/\/hermesgloballojistik.com.tr\/en\/wp-json\/wp\/v2\/users\/2"}],"replies":[{"embeddable":true,"href":"https:\/\/hermesgloballojistik.com.tr\/en\/wp-json\/wp\/v2\/comments?post=3628"}],"version-history":[{"count":2,"href":"https:\/\/hermesgloballojistik.com.tr\/en\/wp-json\/wp\/v2\/pages\/3628\/revisions"}],"predecessor-version":[{"id":4439,"href":"https:\/\/hermesgloballojistik.com.tr\/en\/wp-json\/wp\/v2\/pages\/3628\/revisions\/4439"}],"wp:attachment":[{"href":"https:\/\/hermesgloballojistik.com.tr\/en\/wp-json\/wp\/v2\/media?parent=3628"}],"curies":[{"name":"wp","href":"https:\/\/api.w.org\/{rel}","templated":true}]}}