{"id":3614,"date":"2022-03-05T12:31:50","date_gmt":"2022-03-05T12:31:50","guid":{"rendered":"https:\/\/hermesgloballojistik.com.tr\/?page_id=3614"},"modified":"2023-02-22T14:46:27","modified_gmt":"2023-02-22T14:46:27","slug":"pelitli-lojistik-merkezi","status":"publish","type":"page","link":"https:\/\/hermesgloballojistik.com.tr\/en\/pelitli-lojistik-merkezi\/","title":{"rendered":"Pelitli Logistics Center 1"},"content":{"rendered":"<!-- CWS Row --><div class=\"cws-content clearfix\"><div class=\"vc_row wpb_row vc_row-fluid vc_custom_1646381776792\"><div class=\"wpb_column vc_column_container vc_col-sm-12 cws-column\"><div class=\"cws_vc_column-inner\"><div class=\"wpb_column vc_column_container vc_col-sm-12\"><div class=\"vc_column-inner\"><div class=\"wpb_wrapper\"><div class='cws_textmodule cws_vc_shortcode_module' id='cws_textmodule_69de5212acb21'><div class='cws_textmodule_wrapper'><div class='cws_textmodule_text text_align_left'><div class='cws_textmodule_titles display_block'><h2 class='cws_textmodule_title'><span>Pelitli Logistics Center 1<\/span><\/h2><\/div><\/div><\/div><\/div><\/div><\/div><\/div><!-- CWS Column --> <\/div><\/div><\/div><\/div><!-- CWS Row --><div class=\"cws-content clearfix\"><div class=\"vc_row wpb_row vc_row-fluid vc_custom_1647945771171\"><div class=\"wpb_column vc_column_container vc_col-sm-6 cws-column\"><div class=\"cws_vc_column-inner\"><div class=\"wpb_column vc_column_container vc_col-sm-6\"><div class=\"vc_column-inner\"><div class=\"wpb_wrapper\"><div class='cws_textmodule cws_vc_shortcode_module' id='cws_textmodule_69de5212ad666'><div class='cws_textmodule_wrapper'><div class='cws_textmodule_text text_align_left'><div class='cws_textmodule_content'><div class='text_content_wrapper'><p>Our Pelitli storage located in Kocaeli Gebze, provides end-to-end services in the widest range, in the fields of storing, distribution and logistics, with applications directly to consumers and from business to business.<\/p>\n<\/div><\/div><\/div><\/div><\/div><div class='cws_textmodule cws_vc_shortcode_module  vc_custom_1676669992469' id='cws_textmodule_69de5212adaa6'><div class='cws_textmodule_wrapper'><div class='cws_textmodule_text text_align_left'><div class='cws_textmodule_content'><div class='text_content_wrapper'><p><strong>Features of our Pelitli Storage are as below:<\/strong><\/p>\n<ul>\n<li class=\" translation-block\">14.500 m2 closed area on a 18.150 m2 land<\/li>\n<li>12 sectional doors<\/li>\n<li>14 automatic ramps<\/li>\n<li class=\" translation-block\">9500 m2 Hazardous Substance storage area<\/li>\n<li>10.000 euro pallet shelve capacity<\/li>\n<li class=\" translation-block\">Shelve system of 500 m2 appetizer<\/li>\n<li class=\" translation-block\">3500 m2 storage area without shelve<\/li>\n<li>113 motion-sensitive cameras<\/li>\n<li>Parking area available to car entry for 7\/24<\/li>\n<li>Electrical heavy equipment<\/li>\n<li class=\" translation-block\">955 m2 cantilever area<\/li>\n<li>8 m ceiling height<\/li>\n<li>Handling areas<\/li>\n<li>80 ton weighbridge<\/li>\n<\/ul>\n<\/div><\/div><\/div><\/div><\/div><\/div><\/div><\/div><!-- CWS Column --> <\/div><\/div><div class=\"wpb_column vc_column_container vc_col-sm-6 cws-column\"><div class=\"cws_vc_column-inner\"><div class=\"wpb_column vc_column_container vc_col-sm-6\"><div class=\"vc_column-inner\"><div class=\"wpb_wrapper\">\n\t<div  class=\"wpb_single_image wpb_content_element vc_align_left\">\n\t\t\n\t\t<figure class=\"wpb_wrapper vc_figure\">\n\t\t\t<div class=\"vc_single_image-wrapper vc_box_rounded  vc_box_border_grey\"><img fetchpriority=\"high\" decoding=\"async\" width=\"667\" height=\"1000\" src=\"https:\/\/hermesgloballojistik.com.tr\/wp-content\/uploads\/2022\/05\/Pelitli-Antrepo-3.jpg\" class=\"vc_single_image-img attachment-full\" alt=\"\" title=\"Pelitli Antrepo 3\" srcset=\"https:\/\/hermesgloballojistik.com.tr\/wp-content\/uploads\/2022\/05\/Pelitli-Antrepo-3.jpg 667w, https:\/\/hermesgloballojistik.com.tr\/wp-content\/uploads\/2022\/05\/Pelitli-Antrepo-3-200x300.jpg 200w\" sizes=\"(max-width: 667px) 100vw, 667px\" \/><\/div>\n\t\t<\/figure>\n\t<\/div>\n<\/div><\/div><\/div><!-- CWS Column --> <\/div><\/div><\/div><\/div><!-- CWS Row --><div class=\"cws-content clearfix\"><div data-vc-full-width=\"true\" data-vc-full-width-init=\"false\" data-vc-stretch-content=\"true\" class=\"vc_row wpb_row vc_row-fluid vc_row-no-padding\"><div class=\"wpb_column vc_column_container vc_col-sm-12 cws-column\"><div class=\"cws_vc_column-inner\"><div class=\"wpb_column vc_column_container vc_col-sm-12\"><div class=\"vc_column-inner\"><div class=\"wpb_wrapper\">\n\t<div class=\"wpb_text_column wpb_content_element\" >\n\t\t<div class=\"wpb_wrapper\">\n\t\t\t\n\t\t\t<!-- see gallery_shortcode() in wp-includes\/media.php -->\n\t\t\t<div id='gallery-1' class='gallery galleryid-3614 gallery-size-full'><div class='gallery-item' style='float: left; width: 25%;'>\n\t\t<div class='gallery-icon'>\n\t\t\t<a href='https:\/\/hermesgloballojistik.com.tr\/wp-content\/uploads\/2022\/05\/Pelitli-Antrepo-6-1.jpg'><img decoding=\"async\" width=\"1000\" height=\"667\" src=\"https:\/\/hermesgloballojistik.com.tr\/wp-content\/uploads\/2022\/05\/Pelitli-Antrepo-6-1.jpg\" class=\"attachment-full size-full\" alt=\"\" srcset=\"https:\/\/hermesgloballojistik.com.tr\/wp-content\/uploads\/2022\/05\/Pelitli-Antrepo-6-1.jpg 1000w, https:\/\/hermesgloballojistik.com.tr\/wp-content\/uploads\/2022\/05\/Pelitli-Antrepo-6-1-300x200.jpg 300w, https:\/\/hermesgloballojistik.com.tr\/wp-content\/uploads\/2022\/05\/Pelitli-Antrepo-6-1-768x512.jpg 768w\" sizes=\"(max-width: 1000px) 100vw, 1000px\" \/><\/a>\n\t\t<\/div><\/div><div class='gallery-item' style='float: left; width: 25%;'>\n\t\t<div class='gallery-icon'>\n\t\t\t<a href='https:\/\/hermesgloballojistik.com.tr\/wp-content\/uploads\/2022\/05\/bina-1.jpg'><img decoding=\"async\" width=\"1000\" height=\"667\" src=\"https:\/\/hermesgloballojistik.com.tr\/wp-content\/uploads\/2022\/05\/bina-1.jpg\" class=\"attachment-full size-full\" alt=\"\" srcset=\"https:\/\/hermesgloballojistik.com.tr\/wp-content\/uploads\/2022\/05\/bina-1.jpg 1000w, https:\/\/hermesgloballojistik.com.tr\/wp-content\/uploads\/2022\/05\/bina-1-300x200.jpg 300w, https:\/\/hermesgloballojistik.com.tr\/wp-content\/uploads\/2022\/05\/bina-1-768x512.jpg 768w\" sizes=\"(max-width: 1000px) 100vw, 1000px\" \/><\/a>\n\t\t<\/div><\/div><div class='gallery-item' style='float: left; width: 25%;'>\n\t\t<div class='gallery-icon'>\n\t\t\t<a href='https:\/\/hermesgloballojistik.com.tr\/wp-content\/uploads\/2022\/05\/bina-2.jpg'><img loading=\"lazy\" decoding=\"async\" width=\"1000\" height=\"667\" src=\"https:\/\/hermesgloballojistik.com.tr\/wp-content\/uploads\/2022\/05\/bina-2.jpg\" class=\"attachment-full size-full\" alt=\"\" srcset=\"https:\/\/hermesgloballojistik.com.tr\/wp-content\/uploads\/2022\/05\/bina-2.jpg 1000w, https:\/\/hermesgloballojistik.com.tr\/wp-content\/uploads\/2022\/05\/bina-2-300x200.jpg 300w, https:\/\/hermesgloballojistik.com.tr\/wp-content\/uploads\/2022\/05\/bina-2-768x512.jpg 768w\" sizes=\"(max-width: 1000px) 100vw, 1000px\" \/><\/a>\n\t\t<\/div><\/div><div class='gallery-item' style='float: left; width: 25%;'>\n\t\t<div class='gallery-icon'>\n\t\t\t<a href='https:\/\/hermesgloballojistik.com.tr\/wp-content\/uploads\/2022\/05\/bina-3.jpg'><img loading=\"lazy\" decoding=\"async\" width=\"1000\" height=\"667\" src=\"https:\/\/hermesgloballojistik.com.tr\/wp-content\/uploads\/2022\/05\/bina-3.jpg\" class=\"attachment-full size-full\" alt=\"\" srcset=\"https:\/\/hermesgloballojistik.com.tr\/wp-content\/uploads\/2022\/05\/bina-3.jpg 1000w, https:\/\/hermesgloballojistik.com.tr\/wp-content\/uploads\/2022\/05\/bina-3-300x200.jpg 300w, https:\/\/hermesgloballojistik.com.tr\/wp-content\/uploads\/2022\/05\/bina-3-768x512.jpg 768w\" sizes=\"(max-width: 1000px) 100vw, 1000px\" \/><\/a>\n\t\t<\/div><\/div><br style=\"clear: both\"><div class='gallery-item' style='float: left; width: 25%;'>\n\t\t<div class='gallery-icon'>\n\t\t\t<a href='https:\/\/hermesgloballojistik.com.tr\/wp-content\/uploads\/2022\/05\/Pelitli-Antrepo-1.jpg'><img loading=\"lazy\" decoding=\"async\" width=\"1000\" height=\"667\" src=\"https:\/\/hermesgloballojistik.com.tr\/wp-content\/uploads\/2022\/05\/Pelitli-Antrepo-1.jpg\" class=\"attachment-full size-full\" alt=\"\" srcset=\"https:\/\/hermesgloballojistik.com.tr\/wp-content\/uploads\/2022\/05\/Pelitli-Antrepo-1.jpg 1000w, https:\/\/hermesgloballojistik.com.tr\/wp-content\/uploads\/2022\/05\/Pelitli-Antrepo-1-300x200.jpg 300w, https:\/\/hermesgloballojistik.com.tr\/wp-content\/uploads\/2022\/05\/Pelitli-Antrepo-1-768x512.jpg 768w\" sizes=\"(max-width: 1000px) 100vw, 1000px\" \/><\/a>\n\t\t<\/div><\/div><div class='gallery-item' style='float: left; width: 25%;'>\n\t\t<div class='gallery-icon'>\n\t\t\t<a href='https:\/\/hermesgloballojistik.com.tr\/wp-content\/uploads\/2022\/05\/Pelitli-Antrepo-2.jpg'><img loading=\"lazy\" decoding=\"async\" width=\"1000\" height=\"667\" src=\"https:\/\/hermesgloballojistik.com.tr\/wp-content\/uploads\/2022\/05\/Pelitli-Antrepo-2.jpg\" class=\"attachment-full size-full\" alt=\"\" srcset=\"https:\/\/hermesgloballojistik.com.tr\/wp-content\/uploads\/2022\/05\/Pelitli-Antrepo-2.jpg 1000w, https:\/\/hermesgloballojistik.com.tr\/wp-content\/uploads\/2022\/05\/Pelitli-Antrepo-2-300x200.jpg 300w, https:\/\/hermesgloballojistik.com.tr\/wp-content\/uploads\/2022\/05\/Pelitli-Antrepo-2-768x512.jpg 768w\" sizes=\"(max-width: 1000px) 100vw, 1000px\" \/><\/a>\n\t\t<\/div><\/div><div class='gallery-item' style='float: left; width: 25%;'>\n\t\t<div class='gallery-icon'>\n\t\t\t<a href='https:\/\/hermesgloballojistik.com.tr\/wp-content\/uploads\/2022\/05\/Pelitli-Antrepo-4.jpg'><img loading=\"lazy\" decoding=\"async\" width=\"1000\" height=\"667\" src=\"https:\/\/hermesgloballojistik.com.tr\/wp-content\/uploads\/2022\/05\/Pelitli-Antrepo-4.jpg\" class=\"attachment-full size-full\" alt=\"\" srcset=\"https:\/\/hermesgloballojistik.com.tr\/wp-content\/uploads\/2022\/05\/Pelitli-Antrepo-4.jpg 1000w, https:\/\/hermesgloballojistik.com.tr\/wp-content\/uploads\/2022\/05\/Pelitli-Antrepo-4-300x200.jpg 300w, https:\/\/hermesgloballojistik.com.tr\/wp-content\/uploads\/2022\/05\/Pelitli-Antrepo-4-768x512.jpg 768w\" sizes=\"(max-width: 1000px) 100vw, 1000px\" \/><\/a>\n\t\t<\/div><\/div><div class='gallery-item' style='float: left; width: 25%;'>\n\t\t<div class='gallery-icon'>\n\t\t\t<a href='https:\/\/hermesgloballojistik.com.tr\/wp-content\/uploads\/2022\/05\/8_EB_7189.jpg'><img loading=\"lazy\" decoding=\"async\" width=\"1000\" height=\"667\" src=\"https:\/\/hermesgloballojistik.com.tr\/wp-content\/uploads\/2022\/05\/8_EB_7189.jpg\" class=\"attachment-full size-full\" alt=\"\" srcset=\"https:\/\/hermesgloballojistik.com.tr\/wp-content\/uploads\/2022\/05\/8_EB_7189.jpg 1000w, https:\/\/hermesgloballojistik.com.tr\/wp-content\/uploads\/2022\/05\/8_EB_7189-300x200.jpg 300w, https:\/\/hermesgloballojistik.com.tr\/wp-content\/uploads\/2022\/05\/8_EB_7189-768x512.jpg 768w\" sizes=\"(max-width: 1000px) 100vw, 1000px\" \/><\/a>\n\t\t<\/div><\/div><br style=\"clear: both\"><\/div>\n\n\n\t\t<\/div>\n\t<\/div>\n<\/div><\/div><\/div><!-- CWS Column --> <\/div><\/div><\/div><div class=\"vc_row-full-width vc_clearfix\"><\/div><\/div>","protected":false},"excerpt":{"rendered":"Pelitli 1 Lojistik Merkezi Kocaeli Gebze de yer alan Pelitli depomuz, do\u011frudan t\u00fcketiciye ve i\u015fletmeden i\u015fletmeye uygulamalar ile depolama, da\u011f\u0131t\u0131m ve lojistik alanlar\u0131nda en geni\u015f yelpazede u\u00e7tan uca hizmet vermektedir Pelitli depomuzun \u00f6zellikleri k\u0131saca a\u015fa\u011f\u0131daki gibidir. 18.150 m2 arsa \u00fczerine 14.500 m2 kapal\u0131 alan. 12 adet seksiyonel kap\u0131 14 adet otomatik rampa 9500 m2 Tehlikeli Madde depo alan\u0131 10.000 euro paletlik raf kapasitesi 500 m2 mezenin raf sistemi 3500 m2 rafs\u0131z depolama alan\u0131 113 adet harekete duyarl\u0131 kamera 7\/24 ara\u00e7 giri\u015fine m\u00fcsait park alan\u0131 Elektrikli i\u015f makineleri 955 m2 sundurma alan\u0131 8 mt tavan y\u00fcksekli\u011fi Elle\u00e7leme alanlar\u0131 80 tonluk kantar","protected":false},"author":2,"featured_media":0,"parent":0,"menu_order":0,"comment_status":"closed","ping_status":"closed","template":"","meta":{"footnotes":""},"class_list":["post-3614","page","type-page","status-publish","hentry"],"_links":{"self":[{"href":"https:\/\/hermesgloballojistik.com.tr\/en\/wp-json\/wp\/v2\/pages\/3614","targetHints":{"allow":["GET"]}}],"collection":[{"href":"https:\/\/hermesgloballojistik.com.tr\/en\/wp-json\/wp\/v2\/pages"}],"about":[{"href":"https:\/\/hermesgloballojistik.com.tr\/en\/wp-json\/wp\/v2\/types\/page"}],"author":[{"embeddable":true,"href":"https:\/\/hermesgloballojistik.com.tr\/en\/wp-json\/wp\/v2\/users\/2"}],"replies":[{"embeddable":true,"href":"https:\/\/hermesgloballojistik.com.tr\/en\/wp-json\/wp\/v2\/comments?post=3614"}],"version-history":[{"count":0,"href":"https:\/\/hermesgloballojistik.com.tr\/en\/wp-json\/wp\/v2\/pages\/3614\/revisions"}],"wp:attachment":[{"href":"https:\/\/hermesgloballojistik.com.tr\/en\/wp-json\/wp\/v2\/media?parent=3614"}],"curies":[{"name":"wp","href":"https:\/\/api.w.org\/{rel}","templated":true}]}}