{"id":3608,"date":"2022-03-04T21:34:29","date_gmt":"2022-03-04T21:34:29","guid":{"rendered":"https:\/\/hermesgloballojistik.com.tr\/?page_id=3608"},"modified":"2022-06-02T09:02:32","modified_gmt":"2022-06-02T09:02:32","slug":"uluslararasi-tasimacilik","status":"publish","type":"page","link":"https:\/\/hermesgloballojistik.com.tr\/en\/uluslararasi-tasimacilik\/","title":{"rendered":"International Transportation"},"content":{"rendered":"<!-- CWS Row --><div class=\"cws-content clearfix\"><div class=\"vc_row wpb_row vc_row-fluid vc_custom_1646381776792\"><div class=\"wpb_column vc_column_container vc_col-sm-12 cws-column\"><div class=\"cws_vc_column-inner\"><div class=\"wpb_column vc_column_container vc_col-sm-12\"><div class=\"vc_column-inner\"><div class=\"wpb_wrapper\"><div class='cws_textmodule cws_vc_shortcode_module' id='cws_textmodule_69e1d94c8a3ea'><div class='cws_textmodule_wrapper'><div class='cws_textmodule_text text_align_left'><div class='cws_textmodule_titles display_block'><h2 class='cws_textmodule_title'><span>International Transportation<\/span><\/h2><\/div><\/div><\/div><\/div><\/div><\/div><\/div><!-- CWS Column --> <\/div><\/div><\/div><\/div><!-- CWS Row --><div class=\"cws-content clearfix\"><div class=\"vc_row wpb_row vc_row-fluid\"><div class=\"wpb_column vc_column_container vc_col-sm-8 cws-column\"><div class=\"cws_vc_column-inner\"><div class=\"wpb_column vc_column_container vc_col-sm-8\"><div class=\"vc_column-inner\"><div class=\"wpb_wrapper\"><div class='cws_textmodule cws_vc_shortcode_module' id='cws_textmodule_69e1d94c8b2cd'><div class='cws_textmodule_wrapper'><div class='cws_textmodule_text text_align_left'><div class='cws_textmodule_content'><div class='text_content_wrapper'><p class=\" translation-block\">Logistics, which is a quite important discipline for both operability of international economy and trade; is an industry that ensures the delivery of products, services and human resources to the requested locations at the requested time in the most efficient way by using certain means and technologies. International transportation, which is one of the most important parts of the logistics, is defined as logistics activities organized by the use of different transportation alternatives, considering the customs procedures at the international level. In this regard, this process, also defined as international logistics, is organized within a quite systematic planning.<\/p>\n<p class=\" translation-block\">Basic principle in the international transportation, which is done by various ways such as airway transportation and seaway transportation according to the content of the transportation, destination and transporting conditions, is to transport the sources to be transported to the destination in the fastest, most efficient and cost-effective way. International transportation service that we provide with all our technical infrastructure and means professionally as Hermes Global is an integrated service where various logistic disciplines are used together.<\/p>\n<\/div><\/div><\/div><\/div><\/div>\n\t<div  class=\"wpb_single_image wpb_content_element vc_align_center  vc_custom_1652265938942\">\n\t\t\n\t\t<figure class=\"wpb_wrapper vc_figure\">\n\t\t\t<div class=\"vc_single_image-wrapper vc_box_rounded  vc_box_border_grey\"><img fetchpriority=\"high\" decoding=\"async\" width=\"1500\" height=\"1000\" src=\"https:\/\/hermesgloballojistik.com.tr\/wp-content\/uploads\/2022\/03\/tasimacilik8.jpg\" class=\"vc_single_image-img attachment-full\" alt=\"\" title=\"tasimacilik8\" srcset=\"https:\/\/hermesgloballojistik.com.tr\/wp-content\/uploads\/2022\/03\/tasimacilik8.jpg 1500w, https:\/\/hermesgloballojistik.com.tr\/wp-content\/uploads\/2022\/03\/tasimacilik8-300x200.jpg 300w, https:\/\/hermesgloballojistik.com.tr\/wp-content\/uploads\/2022\/03\/tasimacilik8-1024x683.jpg 1024w, https:\/\/hermesgloballojistik.com.tr\/wp-content\/uploads\/2022\/03\/tasimacilik8-768x512.jpg 768w\" sizes=\"(max-width: 1500px) 100vw, 1500px\" \/><\/div>\n\t\t<\/figure>\n\t<\/div>\n<\/div><\/div><\/div><!-- CWS Column --> <\/div><\/div><div class=\"wpb_column vc_column_container vc_col-sm-4 cws-column\"><div class=\"cws_vc_column-inner\"><div class=\"wpb_column vc_column_container vc_col-sm-4\"><div class=\"vc_column-inner\"><div class=\"wpb_wrapper\"><div class='cws_textmodule cws_vc_shortcode_module' id='cws_textmodule_69e1d94c8c7cb'><div class='cws_textmodule_wrapper'><div class='cws_textmodule_text text_align_left'><div class='cws_textmodule_titles display_block'><h3 class='cws_textmodule_title'><span>Our Transportation Services<\/span><\/h3><\/div><div class='cws_textmodule_content'><div class='text_content_wrapper'><ul>\n<li><span id=\"page121R_mcid435\" class=\"markedContent\"><span dir=\"ltr\" role=\"presentation\">Road Transportation Service<\/span><\/span><span id=\"page121R_mcid436\" class=\"markedContent\"><\/span><span id=\"page121R_mcid437\" class=\"markedContent\"><\/span><\/li>\n<li><span id=\"page121R_mcid437\" class=\"markedContent\"><span dir=\"ltr\" role=\"presentation\">Seaway Transportation Service<\/span><\/span><span id=\"page121R_mcid438\" class=\"markedContent\"><\/span><span id=\"page121R_mcid439\" class=\"markedContent\"><\/span><\/li>\n<li><span id=\"page121R_mcid439\" class=\"markedContent\"><span dir=\"ltr\" role=\"presentation\">Airway Transportation Service<\/span><\/span><span id=\"page121R_mcid440\" class=\"markedContent\"><\/span><span id=\"page121R_mcid441\" class=\"markedContent\"><\/span><\/li>\n<li><span id=\"page121R_mcid441\" class=\"markedContent\"><span dir=\"ltr\" role=\"presentation\">Intermodal Transportation Service<\/span><\/span><span id=\"page121R_mcid442\" class=\"markedContent\"><\/span><span id=\"page121R_mcid443\" class=\"markedContent\"><\/span><\/li>\n<li><span id=\"page121R_mcid443\" class=\"markedContent\"><span dir=\"ltr\" role=\"presentation\">Automotive Parts and Accessories Transportation Service<\/span><\/span><span id=\"page121R_mcid444\" class=\"markedContent\"><\/span><span id=\"page121R_mcid445\" class=\"markedContent\"><\/span><\/li>\n<li><span id=\"page121R_mcid445\" class=\"markedContent\"><span dir=\"ltr\" role=\"presentation\">Furniture Transportation Service<\/span><\/span><span id=\"page121R_mcid446\" class=\"markedContent\"><\/span><span id=\"page121R_mcid447\" class=\"markedContent\"><\/span><\/li>\n<li><span id=\"page121R_mcid447\" class=\"markedContent\"><span dir=\"ltr\" role=\"presentation\">Electronic Transportation Service<\/span><\/span><span id=\"page121R_mcid448\" class=\"markedContent\"><\/span><span id=\"page121R_mcid449\" class=\"markedContent\"><\/span><\/li>\n<li><span id=\"page121R_mcid449\" class=\"markedContent\"><span dir=\"ltr\" role=\"presentation\">Project &amp; Lowbed Transportation Service<\/span><\/span><span id=\"page121R_mcid450\" class=\"markedContent\"><\/span><span id=\"page121R_mcid451\" class=\"markedContent\"><\/span><\/li>\n<li><span id=\"page121R_mcid451\" class=\"markedContent\"><span dir=\"ltr\" role=\"presentation\">Minivan &amp; Express Transportation Service<\/span><\/span><span id=\"page121R_mcid452\" class=\"markedContent\"><\/span><span id=\"page121R_mcid453\" class=\"markedContent\"><\/span><\/li>\n<li class=\" translation-block\">Hazardous Substance Transportation Service<\/li>\n<li><span id=\"page121R_mcid455\" class=\"markedContent\"><span dir=\"ltr\" role=\"presentation\">Petrol and Mine Transportation Service<\/span><\/span><span id=\"page121R_mcid456\" class=\"markedContent\"><\/span><span id=\"page121R_mcid457\" class=\"markedContent\"><\/span><\/li>\n<li><span id=\"page121R_mcid457\" class=\"markedContent\"><span dir=\"ltr\" role=\"presentation\">Building Materials Transportation Service<\/span><\/span><span id=\"page121R_mcid458\" class=\"markedContent\"><\/span><span id=\"page121R_mcid459\" class=\"markedContent\"><\/span><\/li>\n<li><span id=\"page121R_mcid459\" class=\"markedContent\"><span dir=\"ltr\" role=\"presentation\">Food Transportation Service<\/span><\/span><span id=\"page121R_mcid460\" class=\"markedContent\"><\/span><span id=\"page121R_mcid461\" class=\"markedContent\"><\/span><\/li>\n<li><span id=\"page121R_mcid461\" class=\"markedContent\"><span dir=\"ltr\" role=\"presentation\">Medical Transportation Service<\/span><\/span><span id=\"page121R_mcid462\" class=\"markedContent\"><\/span><span id=\"page121R_mcid463\" class=\"markedContent\"><\/span><\/li>\n<li><span id=\"page121R_mcid463\" class=\"markedContent\"><span dir=\"ltr\" role=\"presentation\">Textile Transportation Service<\/span><\/span><span id=\"page121R_mcid464\" class=\"markedContent\"><\/span><span id=\"page121R_mcid465\" class=\"markedContent\"><\/span><\/li>\n<li><span id=\"page121R_mcid465\" class=\"markedContent\"><span dir=\"ltr\" role=\"presentation\">Fair Transportation Service<\/span><\/span><span id=\"page121R_mcid466\" class=\"markedContent\"><\/span><span id=\"page121R_mcid467\" class=\"markedContent\"><\/span><\/li>\n<li><span id=\"page121R_mcid467\" class=\"markedContent\"><span dir=\"ltr\" role=\"presentation\">Plane and Aerospace Industry Transportation Service<\/span><\/span><span id=\"page121R_mcid468\" class=\"markedContent\"><\/span><span id=\"page121R_mcid469\" class=\"markedContent\"><br role=\"presentation\" \/><span dir=\"ltr\" role=\"presentation\">Chemical Industry Transportation Service<\/span><\/span><\/li>\n<\/ul>\n<\/div><\/div><\/div><\/div><\/div><\/div><\/div><\/div><!-- CWS Column --> <\/div><\/div><\/div><\/div><\/div>","protected":false},"excerpt":{"rendered":"Uluslararas\u0131 Ta\u015f\u0131mac\u0131l\u0131k Uluslararas\u0131 ekonominin i\u015flerli\u011fi ve ticaret i\u00e7in olduk\u00e7a \u00f6nemli bir disiplin olan lojistik; belirli ara\u00e7lar\u0131 ve teknolojileri kullanarak \u00fcr\u00fcn, hizmet ve insan kaynaklar\u0131n\u0131n istenilen zamanda istenilen konumlara en verimli \u015fekilde iletilmesini sa\u011flayan end\u00fcstridir. Lojisti\u011fin en \u00f6nemli kollar\u0131ndan biri olan uluslararas\u0131 ta\u015f\u0131mac\u0131l\u0131k ise \u00fclkeler aras\u0131 d\u00fczeyde g\u00fcmr\u00fck prosed\u00fcrlerinin dikkate al\u0131narak farkl\u0131 ula\u015f\u0131m alternatiflerinin bir arada kullan\u0131lmas\u0131yla organize edilen lojistik faaliyetleri olarak tan\u0131mlan\u0131r. Bu ba\u011flamda uluslararas\u0131 lojistik olarak da tan\u0131mlanan bu s\u00fcre\u00e7 olduk\u00e7a sistematik bir planlama dahilinde organize edilmektedir. Ta\u015f\u0131ma i\u00e7eri\u011fine, hedef konuma ve ula\u015f\u0131m ko\u015fullar\u0131na g\u00f6re havayolu ta\u015f\u0131mac\u0131l\u0131\u011f\u0131 ve denizyolu ta\u015f\u0131mac\u0131l\u0131\u011f\u0131 gibi farkl\u0131 y\u00f6ntemlerin de bir arada kullan\u0131ld\u0131\u011f\u0131 uluslararas\u0131 nakliyede temel esas ta\u015f\u0131mas\u0131 yap\u0131lacak olan kaynaklar\u0131n hedef lokasyona en h\u0131zl\u0131, verimli ve uygun maliyetli \u015fekilde ula\u015ft\u0131r\u0131lmas\u0131d\u0131r. Hermes Global olarak t\u00fcm teknik altyap\u0131 ve ara\u00e7lar\u0131m\u0131zla profesyonel olarak sundu\u011fumuz uluslararas\u0131 nakliye hizmeti, farkl\u0131 lojistik disiplinlerinin bir arada kullan\u0131ld\u0131\u011f\u0131 bir b\u00fct\u00fcnle\u015fik bir hizmettir. Ta\u015f\u0131mac\u0131l\u0131k Hizmetlerimiz Karayolu Ta\u015f\u0131mac\u0131l\u0131\u011f\u0131 Hizmeti Denizyolu Ta\u015f\u0131mac\u0131l\u0131\u011f\u0131 Hizmeti Havayolu Ta\u015f\u0131mac\u0131l\u0131\u011f\u0131 Hizmeti Intermodal Ta\u015f\u0131mac\u0131l\u0131k Hizmeti Otomotiv Aksam ve Par\u00e7a Ta\u015f\u0131mac\u0131l\u0131\u011f\u0131 Hizmeti Mobilya Ta\u015f\u0131mac\u0131l\u0131\u011f\u0131 Hizmeti Elektronik Ta\u015f\u0131mac\u0131l\u0131\u011f\u0131 Hizmeti Proje &amp; Lowbed Ta\u015f\u0131mac\u0131l\u0131k Hizmeti Minivan &amp; Ekspres Ta\u015f\u0131mac\u0131l\u0131k Hizmeti Tehlikeli Madde Ta\u015f\u0131mac\u0131l\u0131\u011f\u0131 Hizmeti Petrol ve Maden Ta\u015f\u0131mac\u0131l\u0131\u011f\u0131 Hizmeti Yap\u0131 Malzemeleri Ta\u015f\u0131mac\u0131l\u0131\u011f\u0131 Hizmeti G\u0131da Ta\u015f\u0131mac\u0131l\u0131\u011f\u0131 Hizmeti Medikal Ta\u015f\u0131mac\u0131l\u0131\u011f\u0131 Hizmeti Tekstil Ta\u015f\u0131mac\u0131l\u0131\u011f\u0131 Hizmeti Fuar Ta\u015f\u0131mac\u0131l\u0131\u011f\u0131 Hizmeti U\u00e7ak ve Uzay Sanayi Ta\u015f\u0131mac\u0131l\u0131\u011f\u0131 Hizmeti-Kimya End\u00fcstri Ta\u015f\u0131mac\u0131l\u0131\u011f\u0131 Hizmeti","protected":false},"author":2,"featured_media":0,"parent":0,"menu_order":0,"comment_status":"closed","ping_status":"closed","template":"","meta":{"footnotes":""},"class_list":["post-3608","page","type-page","status-publish","hentry"],"_links":{"self":[{"href":"https:\/\/hermesgloballojistik.com.tr\/en\/wp-json\/wp\/v2\/pages\/3608","targetHints":{"allow":["GET"]}}],"collection":[{"href":"https:\/\/hermesgloballojistik.com.tr\/en\/wp-json\/wp\/v2\/pages"}],"about":[{"href":"https:\/\/hermesgloballojistik.com.tr\/en\/wp-json\/wp\/v2\/types\/page"}],"author":[{"embeddable":true,"href":"https:\/\/hermesgloballojistik.com.tr\/en\/wp-json\/wp\/v2\/users\/2"}],"replies":[{"embeddable":true,"href":"https:\/\/hermesgloballojistik.com.tr\/en\/wp-json\/wp\/v2\/comments?post=3608"}],"version-history":[{"count":0,"href":"https:\/\/hermesgloballojistik.com.tr\/en\/wp-json\/wp\/v2\/pages\/3608\/revisions"}],"wp:attachment":[{"href":"https:\/\/hermesgloballojistik.com.tr\/en\/wp-json\/wp\/v2\/media?parent=3608"}],"curies":[{"name":"wp","href":"https:\/\/api.w.org\/{rel}","templated":true}]}}