{"id":3589,"date":"2022-03-04T21:05:00","date_gmt":"2022-03-04T21:05:00","guid":{"rendered":"https:\/\/hermesgloballojistik.com.tr\/?page_id=3589"},"modified":"2023-02-17T21:37:28","modified_gmt":"2023-02-17T21:37:28","slug":"yurtici-tasimacilik","status":"publish","type":"page","link":"https:\/\/hermesgloballojistik.com.tr\/en\/yurtici-tasimacilik\/","title":{"rendered":"Domestic Transportation"},"content":{"rendered":"<!-- CWS Row --><div class=\"cws-content clearfix\"><div class=\"vc_row wpb_row vc_row-fluid vc_custom_1646428116606\"><div class=\"wpb_column vc_column_container vc_col-sm-12 cws-column\"><div class=\"cws_vc_column-inner\"><div class=\"wpb_column vc_column_container vc_col-sm-12\"><div class=\"vc_column-inner\"><div class=\"wpb_wrapper\"><div class='cws_textmodule cws_vc_shortcode_module' id='cws_textmodule_69de51e180184'><div class='cws_textmodule_wrapper'><div class='cws_textmodule_text text_align_center'><div class='cws_textmodule_titles display_block'><h2 class='cws_textmodule_title'><span>Domestic Transportation<\/span><\/h2><\/div><\/div><\/div><\/div><\/div><\/div><\/div><!-- CWS Column --> <\/div><\/div><\/div><\/div><!-- CWS Row --><div class=\"cws-content clearfix\"><div class=\"vc_row wpb_row vc_row-fluid vc_custom_1646428193269\"><div class=\"wpb_column vc_column_container vc_col-sm-12 cws-column\"><div class=\"cws_vc_column-inner\"><div class=\"wpb_column vc_column_container vc_col-sm-12\"><div class=\"vc_column-inner\"><div class=\"wpb_wrapper\"><div class='cws_textmodule cws_vc_shortcode_module' id='cws_textmodule_69de51e180cad'><div class='cws_textmodule_wrapper'><div class='cws_textmodule_text text_align_center'><div class='cws_textmodule_content'><div class='text_content_wrapper'><p class=\"p1 translation-block\">Hermes Global carries out loading, unloading and door deliveries to final delivery points upon the request of customers. Our companies have K1 authorization certificates.<\/p>\n<p class=\"p1\"><span class=\"s1\">Also, our company provides high standards of service with the current cold chain and vehicle fleet in accordance with ADR standards, with 20 years of experience in the transportation of drugs and products that require special protection and ADR-trained personnel, in the direction of increasing demand.<\/span><span class=\"apple-converted-space\">\u00a0<\/span><span class=\"s2\">so\u011fuk zincir ve<\/span><span class=\"apple-converted-space\">\u00a0<\/span><strong>ADR standartlar\u0131na uygun ara\u00e7 filosu<\/strong><span class=\"apple-converted-space\"><b>\u00a0<\/b><\/span><span class=\"s1\">ile ila\u00e7 ve \u00f6zel muhafaza gerektiren \u00fcr\u00fcn ta\u015f\u0131mac\u0131l\u0131\u011f\u0131 konusunda 20 y\u0131ll\u0131k tecr\u00fcbesi ve ADR e\u011fitimli personeli ile y\u00fcksek standartlarda hizmet vermektedir.<\/span><span class=\"apple-converted-space\">\u00a0<\/span><\/p>\n<\/div><\/div><\/div><\/div><\/div><\/div><\/div><\/div><!-- CWS Column --> <\/div><\/div><\/div><\/div><!-- CWS Row --><div class=\"cws-content clearfix\"><div data-vc-full-width=\"true\" data-vc-full-width-init=\"false\" class=\"vc_row wpb_row vc_row-fluid vc_row-has-fill cws_stretch_row cws-layer\"><div id='cws-layer_69de51e1814da'><\/div><div class=\"vc_row-full-width vc_clearfix\"><\/div><\/div><div class='vc_row-full-width vc_clearfix'><\/div><div data-vc-full-width=\"true\" data-vc-full-width-init=\"false\" class=\"vc_row wpb_row vc_row-fluid wpb_animate_when_almost_visible wpb_fadeInRightBig fadeInRightBig vc_custom_1647981294918 vc_row-has-fill vc_row-o-equal-height vc_row-flex\"><div class=\"wpb_column vc_column_container vc_col-sm-6 cws-column\"><div class=\"cws_vc_column-inner\"><div class=\"wpb_column vc_column_container vc_col-sm-6\"><div class=\"vc_column-inner\"><div class=\"wpb_wrapper\"><\/div><\/div><\/div><!-- CWS Column --> <\/div><\/div><div class=\"wpb_column vc_column_container vc_col-sm-5 vc_col-has-padding cws-column\"><div class=\"cws_vc_column-inner vc_custom_1548677759141\"><div class=\"wpb_column vc_column_container vc_col-sm-5\"><div class=\"vc_column-inner vc_custom_1548677759141\"><div class=\"wpb_wrapper\"><div class=\"cws_spacing cws_spacing_size_sm_desctop-on cws_spacing_tablet-on cws_spacing_mobile-on\"><div class=\"cws_spacing cws_spacing_default\" style=\"height:80px;\"><\/div> <div class=\"cws_spacing cws_spacing_size_sm_desctop\" style=\"height:80px;\"><\/div> <div class=\"cws_spacing cws_spacing_tablet\" style=\"height:50px;\"><\/div> <div class=\"cws_spacing cws_spacing_mobile\" style=\"height:50px;\"><\/div><\/div><div class='cws_textmodule cws_vc_shortcode_module' id='cws_textmodule_69de51e182242'><div class='cws_textmodule_wrapper'><div class='cws_textmodule_text text_align_left'><div class='cws_textmodule_titles display_block'><h4 class='cws_textmodule_title'><span>Cold Chain Transportation<\/span><\/h4><\/div><div class='cws_textmodule_content'><div class='text_content_wrapper'><p class=\" translation-block\">standards and ADR-trained personnel, with 20 years of experience in the transportation of products requires special protection. We offer services related to keeping conditions of your perishable products and ways of shipment together. We carry the products requiring cold chain safely. Your products keep their freshness when they arrive to the points of arrival. Possible risks are minimized during transportation. Ideal temperature is provided for perishable products that need to be carried under different temperature degrees. Maximum speed and safety can be obtained with cold chain transportation.\nWe carry out all transportation operations with our technological infrastructure, which enables sharing the heat records when requested, with temperature control at below degrees:<\/p>\n<p class=\" translation-block\"><strong>So\u011fuk:<\/strong> +2 \/ +8 derece aras\u0131,<br>\r\n<strong>Serin:<\/strong> +8 \/ +15 derece aras\u0131,<br>\r\n<strong>Genel:<\/strong> +15 \/ +25 derecelerinde \u0131s\u0131 kontroll\u00fc olarak, istenildi\u011finde \u0131s\u0131 kay\u0131tlar\u0131n\u0131n payla\u015f\u0131lmas\u0131n\u0131 sa\u011flayan teknolojik alt yap\u0131m\u0131z ile t\u00fcm ta\u015f\u0131ma i\u015flemlerini ger\u00e7ekle\u015ftiriyoruz.<\/p>\n<\/div><\/div><\/div><\/div><\/div><div class=\"cws_spacing\"><div class=\"cws_spacing cws_spacing_default\" style=\"height:80px;\"><\/div><\/div><\/div><\/div><\/div><!-- CWS Column --> <\/div><\/div><\/div><div class=\"vc_row-full-width vc_clearfix\"><\/div><\/div><!-- CWS Row --><div class=\"cws-content clearfix\"><div data-vc-full-width=\"true\" data-vc-full-width-init=\"false\" class=\"vc_row wpb_row vc_row-fluid vc_row-has-fill cws_stretch_row cws-layer\"><div id='cws-layer_69de51e182752'><\/div><div class=\"vc_row-full-width vc_clearfix\"><\/div><\/div><div class='vc_row-full-width vc_clearfix'><\/div><div data-vc-full-width=\"true\" data-vc-full-width-init=\"false\" class=\"vc_row wpb_row vc_row-fluid wpb_animate_when_almost_visible wpb_fadeInLeftBig fadeInLeftBig vc_custom_1647981133244 vc_row-has-fill vc_row-o-equal-height vc_row-flex\"><div class=\"wpb_column vc_column_container vc_col-sm-5 vc_col-has-padding cws-column\"><div class=\"cws_vc_column-inner vc_custom_1549436757278\"><div class=\"wpb_column vc_column_container vc_col-sm-5\"><div class=\"vc_column-inner vc_custom_1549436757278\"><div class=\"wpb_wrapper\"><div class=\"cws_spacing cws_spacing_size_sm_desctop-on cws_spacing_tablet-on cws_spacing_mobile-on\"><div class=\"cws_spacing cws_spacing_default\" style=\"height:80px;\"><\/div> <div class=\"cws_spacing cws_spacing_size_sm_desctop\" style=\"height:80px;\"><\/div> <div class=\"cws_spacing cws_spacing_tablet\" style=\"height:50px;\"><\/div> <div class=\"cws_spacing cws_spacing_mobile\" style=\"height:50px;\"><\/div><\/div><div class='cws_textmodule cws_vc_shortcode_module' id='cws_textmodule_69de51e182f35'><div class='cws_textmodule_wrapper'><div class='cws_textmodule_text text_align_left'><div class='cws_textmodule_titles display_block'><h4 class='cws_textmodule_title'><span>Hazardous Substance Transportation<\/span><\/h4><\/div><div class='cws_textmodule_content'><div class='text_content_wrapper'><p>Hazardous substances are defined under 9 titles as; explosives, inflammable liquids, oxidizing agents, poisonous substances, radioactive substances, abrasives and substances and agents with different hazards not included in any of these classes.<\/p>\n<p>Tehlikeli Maddeler, nesnenin yap\u0131s\u0131na uygun belgeye sahip bir ara\u00e7lar\u0131m\u0131zla ta\u015f\u0131n\u0131r.<\/p>\n<p>Hazardous substances are carried out by a vehicle that has the document suitable for the nature of the good.\nWe are always ready to provide service to you with our road transport, airway, seaway and integrated logistics solutions, including dangerous goods transportation.<\/p>\n<\/div><\/div><\/div><\/div><\/div><div class=\"cws_spacing\"><div class=\"cws_spacing cws_spacing_default\" style=\"height:80px;\"><\/div><\/div><\/div><\/div><\/div><!-- CWS Column --> <\/div><\/div><div class=\"wpb_column vc_column_container vc_col-sm-7 cws-column\"><div class=\"cws_vc_column-inner\"><div class=\"wpb_column vc_column_container vc_col-sm-7\"><div class=\"vc_column-inner\"><div class=\"wpb_wrapper\"><\/div><\/div><\/div><!-- CWS Column --> <\/div><\/div><\/div><div class=\"vc_row-full-width vc_clearfix\"><\/div><\/div><!-- CWS Row --><div class=\"cws-content clearfix\"><div data-vc-full-width=\"true\" data-vc-full-width-init=\"false\" class=\"vc_row wpb_row vc_row-fluid vc_row-has-fill cws_stretch_row cws-layer\"><div id='cws-layer_69de51e1836c7'><\/div><div class=\"vc_row-full-width vc_clearfix\"><\/div><\/div><div class='vc_row-full-width vc_clearfix'><\/div><div data-vc-full-width=\"true\" data-vc-full-width-init=\"false\" class=\"vc_row wpb_row vc_row-fluid wpb_animate_when_almost_visible wpb_fadeInRightBig fadeInRightBig vc_custom_1647981352126 vc_row-has-fill vc_row-o-equal-height vc_row-flex\"><div class=\"wpb_column vc_column_container vc_col-sm-6 cws-column\"><div class=\"cws_vc_column-inner\"><div class=\"wpb_column vc_column_container vc_col-sm-6\"><div class=\"vc_column-inner\"><div class=\"wpb_wrapper\"><\/div><\/div><\/div><!-- CWS Column --> <\/div><\/div><div class=\"wpb_column vc_column_container vc_col-sm-5 vc_col-has-padding cws-column\"><div class=\"cws_vc_column-inner vc_custom_1548677759141\"><div class=\"wpb_column vc_column_container vc_col-sm-5\"><div class=\"vc_column-inner vc_custom_1548677759141\"><div class=\"wpb_wrapper\"><div class=\"cws_spacing cws_spacing_size_sm_desctop-on cws_spacing_tablet-on cws_spacing_mobile-on\"><div class=\"cws_spacing cws_spacing_default\" style=\"height:80px;\"><\/div> <div class=\"cws_spacing cws_spacing_size_sm_desctop\" style=\"height:80px;\"><\/div> <div class=\"cws_spacing cws_spacing_tablet\" style=\"height:50px;\"><\/div> <div class=\"cws_spacing cws_spacing_mobile\" style=\"height:50px;\"><\/div><\/div><div class='cws_textmodule cws_vc_shortcode_module' id='cws_textmodule_69de51e1841e4'><div class='cws_textmodule_wrapper'><div class='cws_textmodule_text text_align_left'><div class='cws_textmodule_titles display_block'><h4 class='cws_textmodule_title'><span>Medical Transportation<\/span><\/h4><\/div><div class='cws_textmodule_content'><div class='text_content_wrapper'><p class=\" translation-block\">Medical devices and medical materials, which are quite sensitive, require sensitive and safe transportation and storing. As Bogazici Grup, we give service in GDP standards in the field of medical transportation, which we specialize in.<\/p>\n<\/div><\/div><\/div><\/div><\/div><div class=\"cws_spacing\"><div class=\"cws_spacing cws_spacing_default\" style=\"height:80px;\"><\/div><\/div><\/div><\/div><\/div><!-- CWS Column --> <\/div><\/div><\/div><div class=\"vc_row-full-width vc_clearfix\"><\/div><\/div>","protected":false},"excerpt":{"rendered":"Yurti\u00e7i Ta\u015f\u0131mac\u0131l\u0131k Hermes Global, m\u00fc\u015fteri talebi do\u011frultusunda son teslim noktalar\u0131na kadar\u00a0y\u00fckleme, bo\u015faltma ve kap\u0131 teslimatlar\u0131n\u0131 ger\u00e7ekle\u015ftirmektedir. Firmalar\u0131m\u0131z K1 yetki belgelerine sahiptir. Ayr\u0131ca firmam\u0131z, her ge\u00e7en g\u00fcn artan talep do\u011frultusunda mevcut\u00a0so\u011fuk zincir ve\u00a0ADR standartlar\u0131na uygun ara\u00e7 filosu\u00a0ile ila\u00e7 ve \u00f6zel muhafaza gerektiren \u00fcr\u00fcn ta\u015f\u0131mac\u0131l\u0131\u011f\u0131 konusunda 20 y\u0131ll\u0131k tecr\u00fcbesi ve ADR e\u011fitimli personeli ile y\u00fcksek standartlarda hizmet vermektedir.\u00a0 So\u011fuk Zincir Ta\u015f\u0131mac\u0131l\u0131\u011f\u0131So\u011fuk zincir lojistik firmas\u0131 olarak, bozulabilir \u00fcr\u00fcnlerinizim ta\u015f\u0131nma ko\u015fullar\u0131 hakk\u0131nda bilgi ve tecr\u00fcbe sahibiz. ADR standartlar\u0131na uygun ara\u00e7 filomuz ve ADR e\u011fitimli personelimiz ile \u00f6zel muhafaza gerektiren \u00fcr\u00fcn ta\u015f\u0131mac\u0131l\u0131\u011f\u0131 konusunda 20 y\u0131ll\u0131k tecr\u00fcbemizle y\u00fcksek standartlarda hizmet vermekteyiz. Bozulabilir \u00fcr\u00fcnlerinizin muhafaza ko\u015fullar\u0131 ve g\u00f6nderi yollar\u0131 ile ilgili hizmetleri bir arada sunuyoruz. So\u011fuk zincir gerektiren \u00fcr\u00fcnlerinizi g\u00fcvenli bir \u015fekilde ta\u015f\u0131yoruz. \u00dcr\u00fcnleriniz var\u0131\u015f noktalar\u0131na ula\u015ft\u0131\u011f\u0131nda tazeli\u011fini korur. Ta\u015f\u0131ma esnas\u0131nda olas\u0131 riskler minimuma iner. Farkl\u0131 \u0131s\u0131 derecelerinde ta\u015f\u0131nmas\u0131 gereken bozulabilir \u00fcr\u00fcnler i\u00e7in ideal s\u0131cakl\u0131k sa\u011flan\u0131r. So\u011fuk zincir ta\u015f\u0131mac\u0131l\u0131\u011f\u0131 ile maksimum h\u0131z ve g\u00fcvenlik imkan\u0131 elde edilebilir So\u011fuk: +2 \/ +8 derece aras\u0131, Serin: +8 \/ +15 derece aras\u0131, Genel: +15 \/ +25 derecelerinde \u0131s\u0131 kontroll\u00fc olarak, istenildi\u011finde \u0131s\u0131 kay\u0131tlar\u0131n\u0131n payla\u015f\u0131lmas\u0131n\u0131 sa\u011flayan teknolojik alt yap\u0131m\u0131z ile t\u00fcm ta\u015f\u0131ma i\u015flemlerini ger\u00e7ekle\u015ftiriyoruz. Tehlikeli Madde Ta\u015f\u0131mac\u0131l\u0131\u011f\u0131Tehlikeli maddeler; patlay\u0131c\u0131lar, gazlar, yan\u0131c\u0131 s\u0131v\u0131lar, yan\u0131c\u0131 kat\u0131lar, y\u00fckseltgen maddeler, zehirli maddeler, radyoaktif maddeler, a\u015f\u0131nd\u0131r\u0131c\u0131 maddeler ve bu s\u0131n\u0131flar\u0131n hi\u00e7birine dahil olmayan farkl\u0131 tehlike bar\u0131nd\u0131ran madde ve nesneler olmak \u00fczere 9 ana ba\u015fl\u0131kta toplanmaktad\u0131r. Tehlikeli Maddeler, nesnenin yap\u0131s\u0131na uygun belgeye sahip bir ara\u00e7lar\u0131m\u0131zla ta\u015f\u0131n\u0131r. Tehlikeli madde ta\u015f\u0131mac\u0131l\u0131\u011f\u0131 da dahil olmak \u00fczere karayolu, havayolu, denizyolu ve entegre lojistik \u00e7\u00f6z\u00fcmlerimizle her zaman size destek vermeye haz\u0131r\u0131z. Medikal Ta\u015f\u0131mac\u0131l\u0131kOlduk\u00e7a hassas olan medikal cihazlar ve t\u0131bbi malzemeler ayn\u0131 \u015fekilde hassas ve g\u00fcvenli bir ta\u015f\u0131ma ve depolama gerektirir. Bo\u011fazi\u00e7i Grup olarak uzmanla\u015ft\u0131\u011f\u0131m\u0131z medikal ta\u015f\u0131mac\u0131l\u0131k alan\u0131nda GDP standartlar\u0131nda hizmet veriyoruz.","protected":false},"author":2,"featured_media":0,"parent":0,"menu_order":0,"comment_status":"closed","ping_status":"closed","template":"","meta":{"footnotes":""},"class_list":["post-3589","page","type-page","status-publish","hentry"],"_links":{"self":[{"href":"https:\/\/hermesgloballojistik.com.tr\/en\/wp-json\/wp\/v2\/pages\/3589","targetHints":{"allow":["GET"]}}],"collection":[{"href":"https:\/\/hermesgloballojistik.com.tr\/en\/wp-json\/wp\/v2\/pages"}],"about":[{"href":"https:\/\/hermesgloballojistik.com.tr\/en\/wp-json\/wp\/v2\/types\/page"}],"author":[{"embeddable":true,"href":"https:\/\/hermesgloballojistik.com.tr\/en\/wp-json\/wp\/v2\/users\/2"}],"replies":[{"embeddable":true,"href":"https:\/\/hermesgloballojistik.com.tr\/en\/wp-json\/wp\/v2\/comments?post=3589"}],"version-history":[{"count":0,"href":"https:\/\/hermesgloballojistik.com.tr\/en\/wp-json\/wp\/v2\/pages\/3589\/revisions"}],"wp:attachment":[{"href":"https:\/\/hermesgloballojistik.com.tr\/en\/wp-json\/wp\/v2\/media?parent=3589"}],"curies":[{"name":"wp","href":"https:\/\/api.w.org\/{rel}","templated":true}]}}