{"id":3577,"date":"2022-03-04T20:44:13","date_gmt":"2022-03-04T20:44:13","guid":{"rendered":"https:\/\/hermesgloballojistik.com.tr\/?page_id=3577"},"modified":"2023-03-08T22:11:57","modified_gmt":"2023-03-08T22:11:57","slug":"tehlikeli-madde-ve-adrli-antrepo","status":"publish","type":"page","link":"https:\/\/hermesgloballojistik.com.tr\/en\/gumruklu-depolama\/tehlikeli-madde-ve-adrli-antrepo\/","title":{"rendered":"Hazardous Substance and Warehouse with ADR"},"content":{"rendered":"<!-- CWS Row --><div class=\"cws-content clearfix\"><div class=\"vc_row wpb_row vc_row-fluid vc_custom_1646381776792\"><div class=\"wpb_column vc_column_container vc_col-sm-12 cws-column\"><div class=\"cws_vc_column-inner\"><div class=\"wpb_column vc_column_container vc_col-sm-12\"><div class=\"vc_column-inner\"><div class=\"wpb_wrapper\"><div class='cws_textmodule cws_vc_shortcode_module' id='cws_textmodule_69d65189b39c1'><div class='cws_textmodule_wrapper'><div class='cws_textmodule_text text_align_left'><div class='cws_textmodule_titles display_block'><h2 class='cws_textmodule_title'><span>Hazardous Substance and Warehouse with ADR<\/span><\/h2><\/div><\/div><\/div><\/div><\/div><\/div><\/div><!-- CWS Column --> <\/div><\/div><\/div><\/div><!-- CWS Row --><div class=\"cws-content clearfix\"><div class=\"vc_row wpb_row vc_row-fluid\"><div class=\"wpb_column vc_column_container vc_col-sm-6 cws-column\"><div class=\"cws_vc_column-inner\"><div class=\"wpb_column vc_column_container vc_col-sm-6\"><div class=\"vc_column-inner\"><div class=\"wpb_wrapper\"><div class='cws_textmodule cws_vc_shortcode_module' id='cws_textmodule_69d65189b49ba'><div class='cws_textmodule_wrapper'><div class='cws_textmodule_text text_align_left'><div class='cws_textmodule_content'><div class='text_content_wrapper'><p class=\" translation-block\">Our Istanbul Hadimkoy warehouse (affiliated to Muratbey Customs Directorate), 450 m2 bonded and 1800m2 free storage area and our Sekerpinar warehouse, 1.000m2 bonded area are suitable for  the acceptance of the goods within the scope of hazardous substance with the use of hazardous substance warehouse.<\/p>\n<p>. Shelve system is used in all of our storages and all areas of our storages are equipped with heat-smoke detection sensors and foamy sprinkler system and we keep occupational safety at the highest level against fire and similar accidents.<\/p>\n<p>In our hazardous substance warehouse, storing is done by taking all security precautions obligatory for storing chemicals in the storage, under surveillance of Managing Director and Hazardous Substance Safety Advisor.\nReach truck and other work equipments are used and all electrical systems in our storage are approved by Ex-proof and Atex regulation.<\/p>\n<\/div><\/div><\/div><\/div><\/div>\n\t<div  class=\"wpb_single_image wpb_content_element vc_align_center  wpb_animate_when_almost_visible wpb_fadeIn fadeIn\">\n\t\t\n\t\t<figure class=\"wpb_wrapper vc_figure\">\n\t\t\t<div class=\"vc_single_image-wrapper   vc_box_border_grey\"><img decoding=\"async\" class=\"vc_single_image-img\" src=\"https:\/\/hermesgloballojistik.com.tr\/wp-content\/uploads\/2022\/03\/yanici-icon-180x180.png\" width=\"180\" height=\"180\" alt=\"yanici-icon\" title=\"yanici-icon\" \/><\/div>\n\t\t<\/figure>\n\t<\/div>\n<\/div><\/div><\/div><!-- CWS Column --> <\/div><\/div><div class=\"wpb_column vc_column_container vc_col-sm-6 cws-column\"><div class=\"cws_vc_column-inner\"><div class=\"wpb_column vc_column_container vc_col-sm-6\"><div class=\"vc_column-inner\"><div class=\"wpb_wrapper\">\n\t<div  class=\"wpb_single_image wpb_content_element vc_align_left  vc_custom_1648031844919\">\n\t\t\n\t\t<figure class=\"wpb_wrapper vc_figure\">\n\t\t\t<div class=\"vc_single_image-wrapper vc_box_rounded  vc_box_border_grey\"><img fetchpriority=\"high\" decoding=\"async\" width=\"1000\" height=\"560\" src=\"https:\/\/hermesgloballojistik.com.tr\/wp-content\/uploads\/2022\/03\/7.jpg\" class=\"vc_single_image-img attachment-full\" alt=\"\" title=\"7\" srcset=\"https:\/\/hermesgloballojistik.com.tr\/wp-content\/uploads\/2022\/03\/7.jpg 1000w, https:\/\/hermesgloballojistik.com.tr\/wp-content\/uploads\/2022\/03\/7-300x168.jpg 300w, https:\/\/hermesgloballojistik.com.tr\/wp-content\/uploads\/2022\/03\/7-768x430.jpg 768w\" sizes=\"(max-width: 1000px) 100vw, 1000px\" \/><\/div>\n\t\t<\/figure>\n\t<\/div>\n<\/div><\/div><\/div><!-- CWS Column --> <\/div><\/div><\/div><\/div><!-- CWS Row --><div class=\"cws-content clearfix\"><div data-vc-full-width=\"true\" data-vc-full-width-init=\"false\" data-vc-stretch-content=\"true\" class=\"vc_row wpb_row vc_row-fluid vc_custom_1652345722482 vc_row-no-padding\"><div class=\"wpb_column vc_column_container vc_col-sm-12 cws-column\"><div class=\"cws_vc_column-inner\"><div class=\"wpb_column vc_column_container vc_col-sm-12\"><div class=\"vc_column-inner\"><div class=\"wpb_wrapper\">\n\t<div class=\"wpb_text_column wpb_content_element  wpb_animate_when_almost_visible wpb_fadeInUp fadeInUp\" >\n\t\t<div class=\"wpb_wrapper\">\n\t\t\t\n\t\t\t<!-- see gallery_shortcode() in wp-includes\/media.php -->\n\t\t\t<div id='gallery-1' class='gallery galleryid-3577 gallery-size-full'><div class='gallery-item' style='float: left; width: 33.3333%;'>\n\t\t<div class='gallery-icon'>\n\t\t\t<a href='https:\/\/hermesgloballojistik.com.tr\/wp-content\/uploads\/2022\/05\/3.jpg'><img decoding=\"async\" width=\"1000\" height=\"667\" src=\"https:\/\/hermesgloballojistik.com.tr\/wp-content\/uploads\/2022\/05\/3.jpg\" class=\"attachment-full size-full\" alt=\"\" srcset=\"https:\/\/hermesgloballojistik.com.tr\/wp-content\/uploads\/2022\/05\/3.jpg 1000w, https:\/\/hermesgloballojistik.com.tr\/wp-content\/uploads\/2022\/05\/3-300x200.jpg 300w, https:\/\/hermesgloballojistik.com.tr\/wp-content\/uploads\/2022\/05\/3-768x512.jpg 768w\" sizes=\"(max-width: 1000px) 100vw, 1000px\" \/><\/a>\n\t\t<\/div><\/div><div class='gallery-item' style='float: left; width: 33.3333%;'>\n\t\t<div class='gallery-icon'>\n\t\t\t<a href='https:\/\/hermesgloballojistik.com.tr\/wp-content\/uploads\/2022\/05\/1.jpg'><img loading=\"lazy\" decoding=\"async\" width=\"1000\" height=\"667\" src=\"https:\/\/hermesgloballojistik.com.tr\/wp-content\/uploads\/2022\/05\/1.jpg\" class=\"attachment-full size-full\" alt=\"\" srcset=\"https:\/\/hermesgloballojistik.com.tr\/wp-content\/uploads\/2022\/05\/1.jpg 1000w, https:\/\/hermesgloballojistik.com.tr\/wp-content\/uploads\/2022\/05\/1-300x200.jpg 300w, https:\/\/hermesgloballojistik.com.tr\/wp-content\/uploads\/2022\/05\/1-768x512.jpg 768w\" sizes=\"(max-width: 1000px) 100vw, 1000px\" \/><\/a>\n\t\t<\/div><\/div><div class='gallery-item' style='float: left; width: 33.3333%;'>\n\t\t<div class='gallery-icon'>\n\t\t\t<a href='https:\/\/hermesgloballojistik.com.tr\/wp-content\/uploads\/2022\/05\/2.jpg'><img loading=\"lazy\" decoding=\"async\" width=\"1000\" height=\"667\" src=\"https:\/\/hermesgloballojistik.com.tr\/wp-content\/uploads\/2022\/05\/2.jpg\" class=\"attachment-full size-full\" alt=\"\" srcset=\"https:\/\/hermesgloballojistik.com.tr\/wp-content\/uploads\/2022\/05\/2.jpg 1000w, https:\/\/hermesgloballojistik.com.tr\/wp-content\/uploads\/2022\/05\/2-300x200.jpg 300w, https:\/\/hermesgloballojistik.com.tr\/wp-content\/uploads\/2022\/05\/2-768x512.jpg 768w\" sizes=\"(max-width: 1000px) 100vw, 1000px\" \/><\/a>\n\t\t<\/div><\/div><br style=\"clear: both\"><\/div>\n\n\n\t\t<\/div>\n\t<\/div>\n<\/div><\/div><\/div><!-- CWS Column --> <\/div><\/div><\/div><div class=\"vc_row-full-width vc_clearfix\"><\/div><\/div>","protected":false},"excerpt":{"rendered":"Tehlikeli Madde ve ADR\u2019li Antrepo \u0130stanbul Had\u0131mk\u00f6y Antrepomuzun ( Muratbey G\u00fcmr\u00fck M\u00fcd\u00fcrl\u00fc\u011f\u00fcne ba\u011fl\u0131 ) g\u00fcmr\u00fckl\u00fc 450 m2\u00a0lik, serbest depolamada 1800 m2\u00a0lik alan\u0131, \u015eekerp\u0131nar tesisimizde 1.000 m2\u00a0G\u00fcmr\u00fckl\u00fc tehlikeli madde depo kullan\u0131m izinli tehlikeli madde kapsam\u0131ndaki e\u015fyalar\u0131n kabul\u00fcne uygundur. Depolar\u0131m\u0131z\u0131n tamam\u0131nda raf sistemi kullan\u0131lm\u0131\u015f, yang\u0131n ve benzeri kazalara kar\u015f\u0131 i\u015f g\u00fcvenli\u011fi \u00fcst seviyede tutularak depolar\u0131m\u0131z\u0131n her alan\u0131 \u0131s\u0131-duman alg\u0131lay\u0131c\u0131 sens\u00f6rlar ve k\u00f6p\u00fckl\u00fc sprinker sistemi ile donat\u0131lm\u0131\u015ft\u0131r. Tehlikeli madde depomuzda kimyasallar\u0131n depolanmas\u0131 i\u00e7in zorunluluk olan Mesul m\u00fcd\u00fcr ve Tehlikeli Madde G\u00fcvenlik Dan\u0131\u015fman\u0131 g\u00f6zetiminde t\u00fcm g\u00fcvenlik \u00f6nlemleri al\u0131nm\u0131\u015f \u015fekilde depolama yap\u0131lmaktad\u0131r. Antrepomuzda \u0130\u015f g\u00fcvenli\u011fi a\u00e7\u0131s\u0131ndan Rectruck ve di\u011fer i\u015f ekipmanlar\u0131 kullan\u0131lmakta olup, depomuzda t\u00fcm elektriksel sistem exproof ve atex y\u00f6netmeli\u011fi onayl\u0131d\u0131r","protected":false},"author":2,"featured_media":0,"parent":3548,"menu_order":0,"comment_status":"closed","ping_status":"closed","template":"","meta":{"footnotes":""},"class_list":["post-3577","page","type-page","status-publish","hentry"],"_links":{"self":[{"href":"https:\/\/hermesgloballojistik.com.tr\/en\/wp-json\/wp\/v2\/pages\/3577","targetHints":{"allow":["GET"]}}],"collection":[{"href":"https:\/\/hermesgloballojistik.com.tr\/en\/wp-json\/wp\/v2\/pages"}],"about":[{"href":"https:\/\/hermesgloballojistik.com.tr\/en\/wp-json\/wp\/v2\/types\/page"}],"author":[{"embeddable":true,"href":"https:\/\/hermesgloballojistik.com.tr\/en\/wp-json\/wp\/v2\/users\/2"}],"replies":[{"embeddable":true,"href":"https:\/\/hermesgloballojistik.com.tr\/en\/wp-json\/wp\/v2\/comments?post=3577"}],"version-history":[{"count":1,"href":"https:\/\/hermesgloballojistik.com.tr\/en\/wp-json\/wp\/v2\/pages\/3577\/revisions"}],"predecessor-version":[{"id":4350,"href":"https:\/\/hermesgloballojistik.com.tr\/en\/wp-json\/wp\/v2\/pages\/3577\/revisions\/4350"}],"up":[{"embeddable":true,"href":"https:\/\/hermesgloballojistik.com.tr\/en\/wp-json\/wp\/v2\/pages\/3548"}],"wp:attachment":[{"href":"https:\/\/hermesgloballojistik.com.tr\/en\/wp-json\/wp\/v2\/media?parent=3577"}],"curies":[{"name":"wp","href":"https:\/\/api.w.org\/{rel}","templated":true}]}}