{"id":3573,"date":"2022-03-04T20:39:00","date_gmt":"2022-03-04T20:39:00","guid":{"rendered":"https:\/\/hermesgloballojistik.com.tr\/?page_id=3573"},"modified":"2022-05-18T11:10:56","modified_gmt":"2022-05-18T11:10:56","slug":"soguk-hava-tertibatli-antrepo","status":"publish","type":"page","link":"https:\/\/hermesgloballojistik.com.tr\/en\/gumruklu-depolama\/soguk-hava-tertibatli-antrepo\/","title":{"rendered":"Refrigerated Warehouse"},"content":{"rendered":"<!-- CWS Row --><div class=\"cws-content clearfix\"><div class=\"vc_row wpb_row vc_row-fluid wpb_animate_when_almost_visible wpb_fadeInUp fadeInUp vc_custom_1648032378843\"><div class=\"wpb_column vc_column_container vc_col-sm-12 cws-column\"><div class=\"cws_vc_column-inner\"><div class=\"wpb_column vc_column_container vc_col-sm-12\"><div class=\"vc_column-inner\"><div class=\"wpb_wrapper\"><div class='cws_textmodule cws_vc_shortcode_module' id='cws_textmodule_69f40b820629a'><div class='cws_textmodule_wrapper'><div class='cws_textmodule_text text_align_left'><div class='cws_textmodule_titles display_block'><h2 class='cws_textmodule_title'><span>Refrigerated Warehouse<\/span><\/h2><\/div><\/div><\/div><\/div><\/div><\/div><\/div><!-- CWS Column --> <\/div><\/div><\/div><\/div><!-- CWS Row --><div class=\"cws-content clearfix\"><div class=\"vc_row wpb_row vc_row-fluid\"><div class=\"wpb_column vc_column_container vc_col-sm-6 cws-column\"><div class=\"cws_vc_column-inner\"><div class=\"wpb_animate_when_almost_visible wpb_fadeInLeft fadeInLeft wpb_column vc_column_container vc_col-sm-6\"><div class=\"vc_column-inner\"><div class=\"wpb_wrapper\"><div class='cws_textmodule cws_vc_shortcode_module' id='cws_textmodule_69f40b8206d63'><div class='cws_textmodule_wrapper'><div class='cws_textmodule_text text_align_left'><div class='cws_textmodule_content'><div class='text_content_wrapper'><p>We are aware of that keeping your food-health-medical-cosmetic and intermediate products has a vital importance and we do not leave our job to chance. Hermes Global, who offers optimum solutions to its customers importing commodities that require cold storage as in every sector, stores your products carefully with its fast and quality service<\/p>\n<p class=\" translation-block\">Our 500m2 storages are structured in accordance with the criteria of Ministry of Health and all sensitivity and care necessary for cold storage are shown.<\/p>\n<\/div><\/div><\/div><\/div><\/div><div class='cws_textmodule cws_vc_shortcode_module  vc_custom_1648032319722' id='cws_textmodule_69f40b82070bf'><div class='cws_textmodule_wrapper'><div class='cws_textmodule_text text_align_left'><div class='cws_textmodule_content'><div class='text_content_wrapper'><p><strong>Technical Features in our Storage<\/strong><\/p>\n<ul class=\"checkmarks_style\">\n<li>Keeping commodity between 0-25 degree<\/li>\n<li>Retroactive reporting with data logger measures<\/li>\n<li>Alarm application in case of getting out of temperature control<\/li>\n<li>Epoxy Ground<\/li>\n<li>Insect Control System<\/li>\n<li>Humidity and Automatic Temperature Control<\/li>\n<li>Temperature and humidity for 24 hours<\/li>\n<\/ul>\n<\/div><\/div><\/div><\/div><\/div>\n\t<div  class=\"wpb_single_image wpb_content_element vc_align_center  wpb_animate_when_almost_visible wpb_fadeIn fadeIn vc_custom_1647939493827\">\n\t\t\n\t\t<figure class=\"wpb_wrapper vc_figure\">\n\t\t\t<div class=\"vc_single_image-wrapper   vc_box_border_grey\"><img decoding=\"async\" class=\"vc_single_image-img\" src=\"https:\/\/hermesgloballojistik.com.tr\/wp-content\/uploads\/2022\/03\/soguk-icon-180x180.png\" width=\"180\" height=\"180\" alt=\"soguk-icon\" title=\"soguk-icon\" \/><\/div>\n\t\t<\/figure>\n\t<\/div>\n<\/div><\/div><\/div><!-- CWS Column --> <\/div><\/div><div class=\"wpb_column vc_column_container vc_col-sm-6 cws-column\"><div class=\"cws_vc_column-inner\"><div class=\"wpb_animate_when_almost_visible wpb_fadeInRight fadeInRight wpb_column vc_column_container vc_col-sm-6\"><div class=\"vc_column-inner\"><div class=\"wpb_wrapper\">\n\t<div  class=\"wpb_single_image wpb_content_element vc_align_left  vc_custom_1652341172638\">\n\t\t\n\t\t<figure class=\"wpb_wrapper vc_figure\">\n\t\t\t<div class=\"vc_single_image-wrapper vc_box_rounded  vc_box_border_grey\"><img fetchpriority=\"high\" decoding=\"async\" width=\"1000\" height=\"560\" src=\"https:\/\/hermesgloballojistik.com.tr\/wp-content\/uploads\/2022\/05\/soguk-hava-orta.-gorsel.jpg\" class=\"vc_single_image-img attachment-full\" alt=\"\" title=\"so\u011fuk hava orta. g\u00f6rsel\" srcset=\"https:\/\/hermesgloballojistik.com.tr\/wp-content\/uploads\/2022\/05\/soguk-hava-orta.-gorsel.jpg 1000w, https:\/\/hermesgloballojistik.com.tr\/wp-content\/uploads\/2022\/05\/soguk-hava-orta.-gorsel-300x168.jpg 300w, https:\/\/hermesgloballojistik.com.tr\/wp-content\/uploads\/2022\/05\/soguk-hava-orta.-gorsel-768x430.jpg 768w\" sizes=\"(max-width: 1000px) 100vw, 1000px\" \/><\/div>\n\t\t<\/figure>\n\t<\/div>\n<div class='cws_textmodule cws_vc_shortcode_module  vc_custom_1652872254085' id='cws_textmodule_69f40b82085a1'><div class='cws_textmodule_wrapper'><div class='cws_textmodule_text text_align_left'><div class='cws_textmodule_content'><div class='text_content_wrapper'><p>It has storing opportunity between +2\/+8;+5\/+15;+15\/+25 degrees. When a retroactive reporting is required, we can provide instant communication with e-mail or SMS notification thanks to its other feature of \u201cdata logger\u201d.<\/p>\n<p>We keep your stuff that have not entered free movement in the scope of Annex-62 in 500m2 Cold Storages located in Hadimkoy, affiliated to Muratbey Customs Directorate.<\/p>\n<\/div><\/div><\/div><\/div><\/div><\/div><\/div><\/div><!-- CWS Column --> <\/div><\/div><\/div><\/div><!-- CWS Row --><div class=\"cws-content clearfix\"><div data-vc-full-width=\"true\" data-vc-full-width-init=\"false\" data-vc-stretch-content=\"true\" class=\"vc_row wpb_row vc_row-fluid vc_custom_1648032347199 vc_row-no-padding\"><div class=\"wpb_column vc_column_container vc_col-sm-12 cws-column\"><div class=\"cws_vc_column-inner\"><div class=\"wpb_column vc_column_container vc_col-sm-12\"><div class=\"vc_column-inner\"><div class=\"wpb_wrapper\">\n\t<div class=\"wpb_text_column wpb_content_element  wpb_animate_when_almost_visible wpb_fadeInUp fadeInUp\" >\n\t\t<div class=\"wpb_wrapper\">\n\t\t\t\n\t\t\t<!-- see gallery_shortcode() in wp-includes\/media.php -->\n\t\t\t<div id='gallery-1' class='gallery galleryid-3573 gallery-size-full'><div class='gallery-item' style='float: left; width: 25%;'>\n\t\t<div class='gallery-icon'>\n\t\t\t<a href='https:\/\/hermesgloballojistik.com.tr\/wp-content\/uploads\/2022\/05\/Soguk-Hava-Deposu.jpg'><img decoding=\"async\" width=\"1000\" height=\"667\" src=\"https:\/\/hermesgloballojistik.com.tr\/wp-content\/uploads\/2022\/05\/Soguk-Hava-Deposu.jpg\" class=\"attachment-full size-full\" alt=\"\" srcset=\"https:\/\/hermesgloballojistik.com.tr\/wp-content\/uploads\/2022\/05\/Soguk-Hava-Deposu.jpg 1000w, https:\/\/hermesgloballojistik.com.tr\/wp-content\/uploads\/2022\/05\/Soguk-Hava-Deposu-300x200.jpg 300w, https:\/\/hermesgloballojistik.com.tr\/wp-content\/uploads\/2022\/05\/Soguk-Hava-Deposu-768x512.jpg 768w\" sizes=\"(max-width: 1000px) 100vw, 1000px\" \/><\/a>\n\t\t<\/div><\/div><div class='gallery-item' style='float: left; width: 25%;'>\n\t\t<div class='gallery-icon'>\n\t\t\t<a href='https:\/\/hermesgloballojistik.com.tr\/wp-content\/uploads\/2022\/05\/Soguk-Hava-Deposu2.jpg'><img loading=\"lazy\" decoding=\"async\" width=\"1000\" height=\"667\" src=\"https:\/\/hermesgloballojistik.com.tr\/wp-content\/uploads\/2022\/05\/Soguk-Hava-Deposu2.jpg\" class=\"attachment-full size-full\" alt=\"\" srcset=\"https:\/\/hermesgloballojistik.com.tr\/wp-content\/uploads\/2022\/05\/Soguk-Hava-Deposu2.jpg 1000w, https:\/\/hermesgloballojistik.com.tr\/wp-content\/uploads\/2022\/05\/Soguk-Hava-Deposu2-300x200.jpg 300w, https:\/\/hermesgloballojistik.com.tr\/wp-content\/uploads\/2022\/05\/Soguk-Hava-Deposu2-768x512.jpg 768w\" sizes=\"(max-width: 1000px) 100vw, 1000px\" \/><\/a>\n\t\t<\/div><\/div><div class='gallery-item' style='float: left; width: 25%;'>\n\t\t<div class='gallery-icon'>\n\t\t\t<a href='https:\/\/hermesgloballojistik.com.tr\/wp-content\/uploads\/2022\/05\/Soguk-Hava-Deposu3.jpg'><img loading=\"lazy\" decoding=\"async\" width=\"1000\" height=\"667\" src=\"https:\/\/hermesgloballojistik.com.tr\/wp-content\/uploads\/2022\/05\/Soguk-Hava-Deposu3.jpg\" class=\"attachment-full size-full\" alt=\"\" srcset=\"https:\/\/hermesgloballojistik.com.tr\/wp-content\/uploads\/2022\/05\/Soguk-Hava-Deposu3.jpg 1000w, https:\/\/hermesgloballojistik.com.tr\/wp-content\/uploads\/2022\/05\/Soguk-Hava-Deposu3-300x200.jpg 300w, https:\/\/hermesgloballojistik.com.tr\/wp-content\/uploads\/2022\/05\/Soguk-Hava-Deposu3-768x512.jpg 768w\" sizes=\"(max-width: 1000px) 100vw, 1000px\" \/><\/a>\n\t\t<\/div><\/div><div class='gallery-item' style='float: left; width: 25%;'>\n\t\t<div class='gallery-icon'>\n\t\t\t<a href='https:\/\/hermesgloballojistik.com.tr\/wp-content\/uploads\/2022\/05\/soguk-hava-alt-sagdaki-yerine-1.jpg'><img loading=\"lazy\" decoding=\"async\" width=\"1000\" height=\"667\" src=\"https:\/\/hermesgloballojistik.com.tr\/wp-content\/uploads\/2022\/05\/soguk-hava-alt-sagdaki-yerine-1.jpg\" class=\"attachment-full size-full\" alt=\"\" srcset=\"https:\/\/hermesgloballojistik.com.tr\/wp-content\/uploads\/2022\/05\/soguk-hava-alt-sagdaki-yerine-1.jpg 1000w, https:\/\/hermesgloballojistik.com.tr\/wp-content\/uploads\/2022\/05\/soguk-hava-alt-sagdaki-yerine-1-300x200.jpg 300w, https:\/\/hermesgloballojistik.com.tr\/wp-content\/uploads\/2022\/05\/soguk-hava-alt-sagdaki-yerine-1-768x512.jpg 768w\" sizes=\"(max-width: 1000px) 100vw, 1000px\" \/><\/a>\n\t\t<\/div><\/div><br style=\"clear: both\"><\/div>\n\n\n\t\t<\/div>\n\t<\/div>\n<\/div><\/div><\/div><!-- CWS Column --> <\/div><\/div><\/div><div class=\"vc_row-full-width vc_clearfix\"><\/div><\/div>","protected":false},"excerpt":{"rendered":"So\u011fuk Hava Tertibatl\u0131 Antrepo G\u0131da-Sa\u011fl\u0131k-\u0130la\u00e7-Kozmetik \u00fcr\u00fcnleri ve ara \u00fcr\u00fcnlerinizin muhafazalar\u0131n\u0131n hayati \u00f6nem ta\u015f\u0131d\u0131\u011f\u0131n\u0131 biliyor ve i\u015fimizi \u015fansa b\u0131rakm\u0131yoruz. Her sekt\u00f6rde oldu\u011fu gibi so\u011fuk hava depolama gerektiren emtia ithal eden m\u00fc\u015fterilerine optimum \u00e7\u00f6z\u00fcmler sunan Hermes Global g\u00fcvenilir, h\u0131zl\u0131 ve kaliteli servisi ile \u00fcr\u00fcnlerinizi \u00f6zenle depolar. 500 \u33a1&#8216;lik depolar\u0131m\u0131z sa\u011fl\u0131k bakanl\u0131\u011f\u0131 kriterlerine uygun \u015fekilde yap\u0131land\u0131r\u0131lm\u0131\u015f olup, so\u011fuk haval\u0131 e\u015fya depolamada gereken t\u00fcm hassasiyet ve \u00f6zen g\u00f6sterilmektedir. Depomuzdaki Teknik \u00d6zellikler 0-25 derece aral\u0131\u011f\u0131nda emtia muhafazas\u0131 Data loger uygulamas\u0131 ile geriye d\u00f6n\u00fck raporlama Is\u0131 kontrol\u00fc d\u0131\u015f\u0131na \u00e7\u0131k\u0131lmas\u0131nda Alarm uygulamas\u0131 Epoksi zemin Ha\u015fere kontrol sistemi Rutubet ve otomatik \u0131s\u0131 kontrol\u00fc 24 saat ISI ve nem kontrol\u00fc +2\/+8;+5\/+15;+15\/+25 dereceleri aral\u0131\u011f\u0131nda depolama imkan\u0131na sahiptir. Bir di\u011fer \u00f6zelli\u011fi &#8220;datalogger&#8221; sayesinde ge\u00e7mi\u015fe d\u00f6n\u00fck raporlama istenildi\u011finde e-mail veya SMS bildirimi ile anl\u0131k ileti\u015fim sa\u011flanabilmektedir. Serbest Dola\u015f\u0131ma Girmemi\u015f Ek-62 kapsam\u0131ndaki e\u015fyalar\u0131n\u0131z\u0131 Muratbey G\u00fcmr\u00fck M\u00fcd\u00fcrl\u00fc\u011f\u00fc\u2019ne Ba\u011fl\u0131 Had\u0131mk\u00f6y lokasyonunsaki 500 m2 So\u011fuk Hava Depolar\u0131nda muhafaza ediyoruz.","protected":false},"author":2,"featured_media":0,"parent":3548,"menu_order":0,"comment_status":"closed","ping_status":"closed","template":"","meta":{"footnotes":""},"class_list":["post-3573","page","type-page","status-publish","hentry"],"_links":{"self":[{"href":"https:\/\/hermesgloballojistik.com.tr\/en\/wp-json\/wp\/v2\/pages\/3573","targetHints":{"allow":["GET"]}}],"collection":[{"href":"https:\/\/hermesgloballojistik.com.tr\/en\/wp-json\/wp\/v2\/pages"}],"about":[{"href":"https:\/\/hermesgloballojistik.com.tr\/en\/wp-json\/wp\/v2\/types\/page"}],"author":[{"embeddable":true,"href":"https:\/\/hermesgloballojistik.com.tr\/en\/wp-json\/wp\/v2\/users\/2"}],"replies":[{"embeddable":true,"href":"https:\/\/hermesgloballojistik.com.tr\/en\/wp-json\/wp\/v2\/comments?post=3573"}],"version-history":[{"count":0,"href":"https:\/\/hermesgloballojistik.com.tr\/en\/wp-json\/wp\/v2\/pages\/3573\/revisions"}],"up":[{"embeddable":true,"href":"https:\/\/hermesgloballojistik.com.tr\/en\/wp-json\/wp\/v2\/pages\/3548"}],"wp:attachment":[{"href":"https:\/\/hermesgloballojistik.com.tr\/en\/wp-json\/wp\/v2\/media?parent=3573"}],"curies":[{"name":"wp","href":"https:\/\/api.w.org\/{rel}","templated":true}]}}