{"id":3570,"date":"2022-03-04T20:35:19","date_gmt":"2022-03-04T20:35:19","guid":{"rendered":"https:\/\/hermesgloballojistik.com.tr\/?page_id=3570"},"modified":"2023-03-08T22:03:48","modified_gmt":"2023-03-08T22:03:48","slug":"genel-antrepo","status":"publish","type":"page","link":"https:\/\/hermesgloballojistik.com.tr\/en\/gumruklu-depolama\/genel-antrepo\/","title":{"rendered":"Public Warehouse"},"content":{"rendered":"<!-- CWS Row --><div class=\"cws-content clearfix\"><div class=\"vc_row wpb_row vc_row-fluid vc_custom_1646381776792\"><div class=\"wpb_column vc_column_container vc_col-sm-12 cws-column\"><div class=\"cws_vc_column-inner\"><div class=\"wpb_column vc_column_container vc_col-sm-12\"><div class=\"vc_column-inner\"><div class=\"wpb_wrapper\"><div class='cws_textmodule cws_vc_shortcode_module' id='cws_textmodule_69de51def3265'><div class='cws_textmodule_wrapper'><div class='cws_textmodule_text text_align_left'><div class='cws_textmodule_titles display_block'><h2 class='cws_textmodule_title'><span>Public Warehouse<\/span><\/h2><\/div><\/div><\/div><\/div><\/div><\/div><\/div><!-- CWS Column --> <\/div><\/div><\/div><\/div><!-- CWS Row --><div class=\"cws-content clearfix\"><div class=\"vc_row wpb_row vc_row-fluid\"><div class=\"wpb_column vc_column_container vc_col-sm-6 cws-column\"><div class=\"cws_vc_column-inner\"><div class=\"wpb_column vc_column_container vc_col-sm-6\"><div class=\"vc_column-inner\"><div class=\"wpb_wrapper\"><div class='cws_textmodule cws_vc_shortcode_module' id='cws_textmodule_69de51def3d11'><div class='cws_textmodule_wrapper'><div class='cws_textmodule_text text_align_left'><div class='cws_textmodule_content'><div class='text_content_wrapper'><p>We have the hardware, labor, equipment and installations necessary for keeping and protecting your stuff in the cleanest and safest way. We are able to keep your stuff during both before nationalizing and in transit export-import processes in our facilities equipped with high technology in international standard.<br \/>\nSahip oldu\u011fu uluslararas\u0131 standartlardaki y\u00fcksek teknoloji donan\u0131ml\u0131 tesislerimizde gerek millile\u015fme \u00f6ncesi gerekse transit ithalat-ihracat s\u00fcre\u00e7lerinde e\u015fyalar\u0131n\u0131z\u0131 muhafaza edebilmekteyiz.<\/p>\n<\/div><\/div><\/div><\/div><\/div><\/div><\/div><\/div><!-- CWS Column --> <\/div><\/div><div class=\"wpb_column vc_column_container vc_col-sm-6 cws-column\"><div class=\"cws_vc_column-inner\"><div class=\"wpb_column vc_column_container vc_col-sm-6\"><div class=\"vc_column-inner\"><div class=\"wpb_wrapper\">\n\t<div  class=\"wpb_single_image wpb_content_element vc_align_left\">\n\t\t\n\t\t<figure class=\"wpb_wrapper vc_figure\">\n\t\t\t<div class=\"vc_single_image-wrapper vc_box_rounded  vc_box_border_grey\"><img fetchpriority=\"high\" decoding=\"async\" width=\"667\" height=\"1000\" src=\"https:\/\/hermesgloballojistik.com.tr\/wp-content\/uploads\/2022\/05\/Genel-antrepo.-orta-gorsel.jpg\" class=\"vc_single_image-img attachment-full\" alt=\"\" title=\"Genel antrepo. orta g\u00f6rsel\" srcset=\"https:\/\/hermesgloballojistik.com.tr\/wp-content\/uploads\/2022\/05\/Genel-antrepo.-orta-gorsel.jpg 667w, https:\/\/hermesgloballojistik.com.tr\/wp-content\/uploads\/2022\/05\/Genel-antrepo.-orta-gorsel-200x300.jpg 200w\" sizes=\"(max-width: 667px) 100vw, 667px\" \/><\/div>\n\t\t<\/figure>\n\t<\/div>\n<\/div><\/div><\/div><!-- CWS Column --> <\/div><\/div><\/div><\/div><!-- CWS Row --><div class=\"cws-content clearfix\"><div data-vc-full-width=\"true\" data-vc-full-width-init=\"false\" data-vc-stretch-content=\"true\" class=\"vc_row wpb_row vc_row-fluid vc_custom_1652433171662 vc_row-no-padding\"><div class=\"wpb_column vc_column_container vc_col-sm-12 cws-column\"><div class=\"cws_vc_column-inner\"><div class=\"wpb_column vc_column_container vc_col-sm-12\"><div class=\"vc_column-inner\"><div class=\"wpb_wrapper\">\n\t<div class=\"wpb_text_column wpb_content_element  wpb_animate_when_almost_visible wpb_fadeInUp fadeInUp\" >\n\t\t<div class=\"wpb_wrapper\">\n\t\t\t\n\t\t\t<!-- see gallery_shortcode() in wp-includes\/media.php -->\n\t\t\t<div id='gallery-1' class='gallery galleryid-3570 gallery-size-full'><div class='gallery-item' style='float: left; width: 25%;'>\n\t\t<div class='gallery-icon'>\n\t\t\t<a href='https:\/\/hermesgloballojistik.com.tr\/wp-content\/uploads\/2022\/05\/Pelitli-Antrepo-6-1.jpg'><img decoding=\"async\" width=\"1000\" height=\"667\" src=\"https:\/\/hermesgloballojistik.com.tr\/wp-content\/uploads\/2022\/05\/Pelitli-Antrepo-6-1.jpg\" class=\"attachment-full size-full\" alt=\"\" srcset=\"https:\/\/hermesgloballojistik.com.tr\/wp-content\/uploads\/2022\/05\/Pelitli-Antrepo-6-1.jpg 1000w, https:\/\/hermesgloballojistik.com.tr\/wp-content\/uploads\/2022\/05\/Pelitli-Antrepo-6-1-300x200.jpg 300w, https:\/\/hermesgloballojistik.com.tr\/wp-content\/uploads\/2022\/05\/Pelitli-Antrepo-6-1-768x512.jpg 768w\" sizes=\"(max-width: 1000px) 100vw, 1000px\" \/><\/a>\n\t\t<\/div><\/div><div class='gallery-item' style='float: left; width: 25%;'>\n\t\t<div class='gallery-icon'>\n\t\t\t<a href='https:\/\/hermesgloballojistik.com.tr\/wp-content\/uploads\/2022\/05\/Genel-antrepo-Alt-Bant-2.jpg'><img decoding=\"async\" width=\"1000\" height=\"667\" src=\"https:\/\/hermesgloballojistik.com.tr\/wp-content\/uploads\/2022\/05\/Genel-antrepo-Alt-Bant-2.jpg\" class=\"attachment-full size-full\" alt=\"\" srcset=\"https:\/\/hermesgloballojistik.com.tr\/wp-content\/uploads\/2022\/05\/Genel-antrepo-Alt-Bant-2.jpg 1000w, https:\/\/hermesgloballojistik.com.tr\/wp-content\/uploads\/2022\/05\/Genel-antrepo-Alt-Bant-2-300x200.jpg 300w, https:\/\/hermesgloballojistik.com.tr\/wp-content\/uploads\/2022\/05\/Genel-antrepo-Alt-Bant-2-768x512.jpg 768w\" sizes=\"(max-width: 1000px) 100vw, 1000px\" \/><\/a>\n\t\t<\/div><\/div><div class='gallery-item' style='float: left; width: 25%;'>\n\t\t<div class='gallery-icon'>\n\t\t\t<a href='https:\/\/hermesgloballojistik.com.tr\/wp-content\/uploads\/2022\/05\/Genel-Antrepo-alt-Bant-3.jpg'><img loading=\"lazy\" decoding=\"async\" width=\"1000\" height=\"667\" src=\"https:\/\/hermesgloballojistik.com.tr\/wp-content\/uploads\/2022\/05\/Genel-Antrepo-alt-Bant-3.jpg\" class=\"attachment-full size-full\" alt=\"\" srcset=\"https:\/\/hermesgloballojistik.com.tr\/wp-content\/uploads\/2022\/05\/Genel-Antrepo-alt-Bant-3.jpg 1000w, https:\/\/hermesgloballojistik.com.tr\/wp-content\/uploads\/2022\/05\/Genel-Antrepo-alt-Bant-3-300x200.jpg 300w, https:\/\/hermesgloballojistik.com.tr\/wp-content\/uploads\/2022\/05\/Genel-Antrepo-alt-Bant-3-768x512.jpg 768w\" sizes=\"(max-width: 1000px) 100vw, 1000px\" \/><\/a>\n\t\t<\/div><\/div><div class='gallery-item' style='float: left; width: 25%;'>\n\t\t<div class='gallery-icon'>\n\t\t\t<a href='https:\/\/hermesgloballojistik.com.tr\/wp-content\/uploads\/2022\/05\/EB_7127.jpg'><img loading=\"lazy\" decoding=\"async\" width=\"1000\" height=\"667\" src=\"https:\/\/hermesgloballojistik.com.tr\/wp-content\/uploads\/2022\/05\/EB_7127.jpg\" class=\"attachment-full size-full\" alt=\"\" srcset=\"https:\/\/hermesgloballojistik.com.tr\/wp-content\/uploads\/2022\/05\/EB_7127.jpg 1000w, https:\/\/hermesgloballojistik.com.tr\/wp-content\/uploads\/2022\/05\/EB_7127-300x200.jpg 300w, https:\/\/hermesgloballojistik.com.tr\/wp-content\/uploads\/2022\/05\/EB_7127-768x512.jpg 768w\" sizes=\"(max-width: 1000px) 100vw, 1000px\" \/><\/a>\n\t\t<\/div><\/div><br style=\"clear: both\"><\/div>\n\n\n\t\t<\/div>\n\t<\/div>\n<\/div><\/div><\/div><!-- CWS Column --> <\/div><\/div><\/div><div class=\"vc_row-full-width vc_clearfix\"><\/div><\/div>","protected":false},"excerpt":{"rendered":"Genel Antrepo E\u015fyalar\u0131n\u0131z\u0131n en temiz ve g\u00fcvenli \u015fekilde saklanmas\u0131, korunmas\u0131 i\u00e7in gerekli donan\u0131m, i\u015fg\u00fcc\u00fc, ekipman ve tesisat mevcuttur. Sahip oldu\u011fu uluslararas\u0131 standartlardaki y\u00fcksek teknoloji donan\u0131ml\u0131 tesislerimizde gerek millile\u015fme \u00f6ncesi gerekse transit ithalat-ihracat s\u00fcre\u00e7lerinde e\u015fyalar\u0131n\u0131z\u0131 muhafaza edebilmekteyiz.","protected":false},"author":2,"featured_media":0,"parent":3548,"menu_order":0,"comment_status":"closed","ping_status":"closed","template":"","meta":{"footnotes":""},"class_list":["post-3570","page","type-page","status-publish","hentry"],"_links":{"self":[{"href":"https:\/\/hermesgloballojistik.com.tr\/en\/wp-json\/wp\/v2\/pages\/3570","targetHints":{"allow":["GET"]}}],"collection":[{"href":"https:\/\/hermesgloballojistik.com.tr\/en\/wp-json\/wp\/v2\/pages"}],"about":[{"href":"https:\/\/hermesgloballojistik.com.tr\/en\/wp-json\/wp\/v2\/types\/page"}],"author":[{"embeddable":true,"href":"https:\/\/hermesgloballojistik.com.tr\/en\/wp-json\/wp\/v2\/users\/2"}],"replies":[{"embeddable":true,"href":"https:\/\/hermesgloballojistik.com.tr\/en\/wp-json\/wp\/v2\/comments?post=3570"}],"version-history":[{"count":1,"href":"https:\/\/hermesgloballojistik.com.tr\/en\/wp-json\/wp\/v2\/pages\/3570\/revisions"}],"predecessor-version":[{"id":4349,"href":"https:\/\/hermesgloballojistik.com.tr\/en\/wp-json\/wp\/v2\/pages\/3570\/revisions\/4349"}],"up":[{"embeddable":true,"href":"https:\/\/hermesgloballojistik.com.tr\/en\/wp-json\/wp\/v2\/pages\/3548"}],"wp:attachment":[{"href":"https:\/\/hermesgloballojistik.com.tr\/en\/wp-json\/wp\/v2\/media?parent=3570"}],"curies":[{"name":"wp","href":"https:\/\/api.w.org\/{rel}","templated":true}]}}