{"id":3548,"date":"2022-03-04T12:58:27","date_gmt":"2022-03-04T12:58:27","guid":{"rendered":"https:\/\/hermesgloballojistik.com.tr\/?page_id=3548"},"modified":"2023-03-08T21:59:12","modified_gmt":"2023-03-08T21:59:12","slug":"gumruklu-depolama","status":"publish","type":"page","link":"https:\/\/hermesgloballojistik.com.tr\/en\/gumruklu-depolama\/","title":{"rendered":"Bonded Storage"},"content":{"rendered":"<!-- CWS Row --><div class=\"cws-content clearfix\"><div class=\"vc_row wpb_row vc_row-fluid vc_custom_1646381776792\"><div class=\"wpb_column vc_column_container vc_col-sm-12 cws-column\"><div class=\"cws_vc_column-inner\"><div class=\"wpb_column vc_column_container vc_col-sm-12\"><div class=\"vc_column-inner\"><div class=\"wpb_wrapper\"><div class='cws_textmodule cws_vc_shortcode_module' id='cws_textmodule_69e1dacfc77ff'><div class='cws_textmodule_wrapper'><div class='cws_textmodule_text text_align_left'><div class='cws_textmodule_titles display_block'><h2 class='cws_textmodule_title'><span>Bonded Storage<\/span><\/h2><\/div><\/div><\/div><\/div><\/div><\/div><\/div><!-- CWS Column --> <\/div><\/div><\/div><\/div><!-- CWS Row --><div class=\"cws-content clearfix\"><div class=\"vc_row wpb_row vc_row-fluid vc_custom_1652914223353\"><div class=\"wpb_column vc_column_container vc_col-sm-6 vc_col-has-padding cws-column\"><div class=\"cws_vc_column-inner vc_custom_1647945315153\"><div class=\"wpb_column vc_column_container vc_col-sm-6\"><div class=\"vc_column-inner vc_custom_1647945315153\"><div class=\"wpb_wrapper\"><div class='cws_textmodule cws_vc_shortcode_module' id='cws_textmodule_69e1dacfc851f'><div class='cws_textmodule_wrapper'><div class='cws_textmodule_text text_align_left'><div class='cws_textmodule_content'><div class='text_content_wrapper'><p>Lojistik merkezlerimiz G\u00fcmr\u00fck M\u00fcste\u015farl\u0131\u011f\u0131 G\u00fcmr\u00fckler Genel M\u00fcd\u00fcrl\u00fc\u011f\u00fc\u2019nden al\u0131nm\u0131\u015f olan a\u00e7ma ve i\u015fletme ruhsat\u0131na istinaden A T\u0130P\u0130 GENEL ANTREPO olarak adland\u0131r\u0131l\u0131r.<\/p>\n<p>In our warehouses, it is ensured that all kinds of commodities (excluding specialized customs) that have not yet entered free movement are kept in the best way,<br \/>\nwithin the framework of the rules determined by all customs laws and regulations. Our warehouse services, which constitute the complementary part of the international logistics services, are carried out in our warehouses affiliated to Muratbey and Dilovas\u0131 Customs. Our storage units in central plants in Hadimkoy (affiliated to Muratbey Customs Directorate) and Sekerpinar (affiliated to Dilovas\u0131 Customs Directorate), serve as a fully equipped service base with management office, technological infrastructure, high-capacity construction equipment, equipment required for heavy loads, telescopic ramps and motion-sensitive camera system, in order to meet all your needs.<\/p>\n<p>Our company with its team experienced in custom legislations and storing, provides handling, labeling and customs clearance, speeding up your customs procedures and enabling and provides speed to your clearance works and helps our exporting customers to save time.<\/p>\n<\/div><\/div><\/div><\/div><\/div><\/div><\/div><\/div><!-- CWS Column --> <\/div><\/div><div class=\"wpb_column vc_column_container vc_col-sm-6 cws-column\"><div class=\"cws_vc_column-inner\"><div class=\"wpb_column vc_column_container vc_col-sm-6\"><div class=\"vc_column-inner\"><div class=\"wpb_wrapper\">\n\t<div  class=\"wpb_single_image wpb_content_element vc_align_left  vc_custom_1652340939798\">\n\t\t\n\t\t<figure class=\"wpb_wrapper vc_figure\">\n\t\t\t<div class=\"vc_single_image-wrapper vc_box_rounded  vc_box_border_grey\"><img fetchpriority=\"high\" decoding=\"async\" width=\"1000\" height=\"667\" src=\"https:\/\/hermesgloballojistik.com.tr\/wp-content\/uploads\/2022\/05\/SEKERPINAR-ANA-SAYFA-GORSELI-1.jpg\" class=\"vc_single_image-img attachment-full\" alt=\"\" title=\"\u015eEKERPINAR ANA SAYFA G\u00d6RSEL\u0130\" srcset=\"https:\/\/hermesgloballojistik.com.tr\/wp-content\/uploads\/2022\/05\/SEKERPINAR-ANA-SAYFA-GORSELI-1.jpg 1000w, https:\/\/hermesgloballojistik.com.tr\/wp-content\/uploads\/2022\/05\/SEKERPINAR-ANA-SAYFA-GORSELI-1-300x200.jpg 300w, https:\/\/hermesgloballojistik.com.tr\/wp-content\/uploads\/2022\/05\/SEKERPINAR-ANA-SAYFA-GORSELI-1-768x512.jpg 768w\" sizes=\"(max-width: 1000px) 100vw, 1000px\" \/><\/div>\n\t\t<\/figure>\n\t<\/div>\n<\/div><\/div><\/div><!-- CWS Column --> <\/div><\/div><\/div><\/div>","protected":false},"excerpt":{"rendered":"G\u00fcmr\u00fckl\u00fc Depolama Lojistik merkezlerimiz G\u00fcmr\u00fck M\u00fcste\u015farl\u0131\u011f\u0131 G\u00fcmr\u00fckler Genel M\u00fcd\u00fcrl\u00fc\u011f\u00fc\u2019nden al\u0131nm\u0131\u015f olan a\u00e7ma ve i\u015fletme ruhsat\u0131na istinaden A T\u0130P\u0130 GENEL ANTREPO olarak adland\u0131r\u0131l\u0131r. Antrepolar\u0131m\u0131zda Serbest dola\u015f\u0131ma hen\u00fcz girmemi\u015f olan her t\u00fcrl\u00fc emtian\u0131z\u0131n (ihtisas g\u00fcmr\u00fckleri hari\u00e7) t\u00fcm g\u00fcmr\u00fck kanunu ve y\u00f6netmeliklerinin belirledi\u011fi kurallar \u00e7er\u00e7evesinde en iyi \u015fekilde muhafaza edilmesi sa\u011flanabilmektedir. Uluslararas\u0131 lojistik hizmetlerinizin tamamlay\u0131c\u0131 aya\u011f\u0131n\u0131 olu\u015fturan antrepo hizmetlerimizi, Muratbey ve Dilovas\u0131 G\u00fcmr\u00fckleri\u2019ne ba\u011fl\u0131 antrepolar\u0131m\u0131zda hizmet vermekteyiz. Had\u0131mk\u00f6y (Muratbey G\u00fcmr\u00fck M\u00fcd\u00fcrl\u00fc\u011f\u00fc\u2019ne ba\u011fl\u0131 ) ve \u015eekerp\u0131nar (Dilovas\u0131 G\u00fcmr\u00fck M\u00fcd\u00fcrl\u00fc\u011f\u00fc\u2019ne ba\u011fl\u0131) merkez tesislerinde depolama \u00fcnitelerimiz, y\u00f6netim ofisi, teknolojik alt yap\u0131s\u0131, y\u00fcksek kapasiteli i\u015f makineleri, a\u011f\u0131r y\u00fckler i\u00e7in gerekli ekipmanlar, teleskopik rampalar ve harekete duyarl\u0131 kamera sistemi ile her t\u00fcr gereksiniminizi kar\u015f\u0131layacak \u015fekilde tam donan\u0131ml\u0131 bir hizmet \u00fcss\u00fc konumunda g\u00f6rev yapmaktad\u0131r. G\u00fcmr\u00fck mevzuatlar\u0131 ve depolamada tecr\u00fcbeli ekibe sahip firmam\u0131z, elle\u00e7leme, etiketleme ve g\u00fcmr\u00fckleme gibi katma de\u011ferli antrepo hizmetlerini de sa\u011flayarak, g\u00fcmr\u00fck i\u015flemlerinize h\u0131z kat\u0131yor ve ihracat yapan m\u00fc\u015fterilerimizin zamandan tasarruf etmesine imkan sa\u011fl\u0131yoruz.","protected":false},"author":2,"featured_media":0,"parent":0,"menu_order":0,"comment_status":"closed","ping_status":"closed","template":"","meta":{"footnotes":""},"class_list":["post-3548","page","type-page","status-publish","hentry"],"_links":{"self":[{"href":"https:\/\/hermesgloballojistik.com.tr\/en\/wp-json\/wp\/v2\/pages\/3548","targetHints":{"allow":["GET"]}}],"collection":[{"href":"https:\/\/hermesgloballojistik.com.tr\/en\/wp-json\/wp\/v2\/pages"}],"about":[{"href":"https:\/\/hermesgloballojistik.com.tr\/en\/wp-json\/wp\/v2\/types\/page"}],"author":[{"embeddable":true,"href":"https:\/\/hermesgloballojistik.com.tr\/en\/wp-json\/wp\/v2\/users\/2"}],"replies":[{"embeddable":true,"href":"https:\/\/hermesgloballojistik.com.tr\/en\/wp-json\/wp\/v2\/comments?post=3548"}],"version-history":[{"count":2,"href":"https:\/\/hermesgloballojistik.com.tr\/en\/wp-json\/wp\/v2\/pages\/3548\/revisions"}],"predecessor-version":[{"id":4348,"href":"https:\/\/hermesgloballojistik.com.tr\/en\/wp-json\/wp\/v2\/pages\/3548\/revisions\/4348"}],"wp:attachment":[{"href":"https:\/\/hermesgloballojistik.com.tr\/en\/wp-json\/wp\/v2\/media?parent=3548"}],"curies":[{"name":"wp","href":"https:\/\/api.w.org\/{rel}","templated":true}]}}