{"id":3540,"date":"2022-03-04T12:24:40","date_gmt":"2022-03-04T12:24:40","guid":{"rendered":"https:\/\/hermesgloballojistik.com.tr\/?page_id=3540"},"modified":"2022-05-18T22:47:43","modified_gmt":"2022-05-18T22:47:43","slug":"serbest-depolama","status":"publish","type":"page","link":"https:\/\/hermesgloballojistik.com.tr\/en\/serbest-depolama\/","title":{"rendered":"Free Storage"},"content":{"rendered":"<!-- CWS Row --><div class=\"cws-content clearfix\"><div class=\"vc_row wpb_row vc_row-fluid vc_custom_1646381776792\"><div class=\"wpb_column vc_column_container vc_col-sm-12 cws-column\"><div class=\"cws_vc_column-inner\"><div class=\"wpb_column vc_column_container vc_col-sm-12\"><div class=\"vc_column-inner\"><div class=\"wpb_wrapper\"><div class='cws_textmodule cws_vc_shortcode_module' id='cws_textmodule_69e1dbb00da1c'><div class='cws_textmodule_wrapper'><div class='cws_textmodule_text text_align_left'><div class='cws_textmodule_titles display_block'><h2 class='cws_textmodule_title'><span>Free Storage<\/span><\/h2><\/div><\/div><\/div><\/div><\/div><\/div><\/div><!-- CWS Column --> <\/div><\/div><\/div><\/div><!-- CWS Row --><div class=\"cws-content clearfix\"><div class=\"vc_row wpb_row vc_row-fluid\"><div class=\"wpb_column vc_column_container vc_col-sm-6 cws-column\"><div class=\"cws_vc_column-inner\"><div class=\"wpb_column vc_column_container vc_col-sm-6\"><div class=\"vc_column-inner\"><div class=\"wpb_wrapper\"><div class='cws_textmodule cws_vc_shortcode_module' id='cws_textmodule_69e1dbb00e7fb'><div class='cws_textmodule_wrapper'><div class='cws_textmodule_text text_align_left'><div class='cws_textmodule_content'><div class='text_content_wrapper'><p>Hermes Global has free storage area of over 17000 m2, including 15000 m2 in Pelitli, 1800 m2 in Hadimkoy, 300 m2 in Sekerpinar.  We completely carry out the processes of storage and loading to the vehicle, starting from the product acceptance of all kinds of your commodities that are nationalized or domestic purchases.<sup>2<\/sup>, Had\u0131mk\u00f6y 1800 m<sup>2<\/sup>, \u015eekerp\u0131nar 300 m<sup>2<\/sup> olmak \u00fczere 17000 m<sup>2<\/sup>\u2018nin \u00fczerinde serbest depolama alan\u0131na sahipdir. Millile\u015fmi\u015f ya da yurti\u00e7i al\u0131mlar\u0131n\u0131z olan her t\u00fcrl\u00fc emtian\u0131z\u0131n \u00fcr\u00fcn kabul\u00fcnden ba\u015flayarak, depolama ve araca y\u00fckleme s\u00fcre\u00e7lerini eksiksiz y\u00fcr\u00fctmekteyiz.<\/p>\n<p>In our warehouse, the goods, of which nationalization process is completed, are taken to the free storage and their shipments are carried out. Our customer focused service perspective, employees and equipment efficiency provide offering fast and quality service in logistics. In our storage, we keep your goods undamaged, safe, clean and regularly insured against all kinds of risks, even earthquake risks.<\/p>\n<\/div><\/div><\/div><\/div><\/div>\n\t<div  class=\"wpb_single_image wpb_content_element vc_align_left  vc_custom_1652341043577\">\n\t\t\n\t\t<figure class=\"wpb_wrapper vc_figure\">\n\t\t\t<div class=\"vc_single_image-wrapper vc_box_rounded  vc_box_border_grey\"><img fetchpriority=\"high\" decoding=\"async\" width=\"1000\" height=\"666\" src=\"https:\/\/hermesgloballojistik.com.tr\/wp-content\/uploads\/2022\/05\/serbest-depo-orta-gorsel.jpg\" class=\"vc_single_image-img attachment-full\" alt=\"\" title=\"serbest depo orta g\u00f6rsel\" srcset=\"https:\/\/hermesgloballojistik.com.tr\/wp-content\/uploads\/2022\/05\/serbest-depo-orta-gorsel.jpg 1000w, https:\/\/hermesgloballojistik.com.tr\/wp-content\/uploads\/2022\/05\/serbest-depo-orta-gorsel-300x200.jpg 300w, https:\/\/hermesgloballojistik.com.tr\/wp-content\/uploads\/2022\/05\/serbest-depo-orta-gorsel-768x511.jpg 768w\" sizes=\"(max-width: 1000px) 100vw, 1000px\" \/><\/div>\n\t\t<\/figure>\n\t<\/div>\n<\/div><\/div><\/div><!-- CWS Column --> <\/div><\/div><div class=\"wpb_column vc_column_container vc_col-sm-6 cws-column\"><div class=\"cws_vc_column-inner\"><div class=\"wpb_column vc_column_container vc_col-sm-6\"><div class=\"vc_column-inner\"><div class=\"wpb_wrapper\"><div class='cws_textmodule cws_vc_shortcode_module' id='cws_textmodule_69e1dbb00fa24'><div class='cws_textmodule_wrapper'><div class='cws_textmodule_text text_align_left'><div class='cws_textmodule_titles display_block'><h3 class='cws_textmodule_title'><span>VALUE ADDED LOGISTIC SERVICES<\/span><\/h3><\/div><div class='cws_textmodule_content'><div class='text_content_wrapper'><ul class=\"checkmarks_style\">\n<li>Good Acceptance Quality Control Process<\/li>\n<li>Quality Control Before Shipment<\/li>\n<li>Preparing Order<\/li>\n<li>Packing<\/li>\n<li>Boxing<\/li>\n<li>Assembly<\/li>\n<li>Disassembly<\/li>\n<li>Repacking<\/li>\n<li>Labeling<\/li>\n<li>Putting Price Label<\/li>\n<li>Adding Use Instructions<\/li>\n<li>Assortment<\/li>\n<li>Hanger<\/li>\n<li>Ironing<\/li>\n<li>Adding Security Tape<\/li>\n<li>Preparing Promotion Packages<\/li>\n<li>Preparing Promotional Product Package<\/li>\n<li>Adding Guarantee Card<\/li>\n<\/ul>\n<\/div><\/div><\/div><\/div><\/div><\/div><\/div><\/div><!-- CWS Column --> <\/div><\/div><\/div><\/div><!-- CWS Row --><div class=\"cws-content clearfix\"><div data-vc-full-width=\"true\" data-vc-full-width-init=\"false\" data-vc-stretch-content=\"true\" class=\"vc_row wpb_row vc_row-fluid vc_custom_1648032347199 vc_row-no-padding\"><div class=\"wpb_column vc_column_container vc_col-sm-12 cws-column\"><div class=\"cws_vc_column-inner\"><div class=\"wpb_column vc_column_container vc_col-sm-12\"><div class=\"vc_column-inner\"><div class=\"wpb_wrapper\">\n\t<div class=\"wpb_text_column wpb_content_element  wpb_animate_when_almost_visible wpb_fadeInUp fadeInUp\" >\n\t\t<div class=\"wpb_wrapper\">\n\t\t\t\n\t\t\t<!-- see gallery_shortcode() in wp-includes\/media.php -->\n\t\t\t<div id='gallery-1' class='gallery galleryid-3540 gallery-size-full'><div class='gallery-item' style='float: left; width: 25%;'>\n\t\t<div class='gallery-icon'>\n\t\t\t<a href='https:\/\/hermesgloballojistik.com.tr\/wp-content\/uploads\/2022\/05\/EB_6954.jpg'><img decoding=\"async\" width=\"1000\" height=\"667\" src=\"https:\/\/hermesgloballojistik.com.tr\/wp-content\/uploads\/2022\/05\/EB_6954.jpg\" class=\"attachment-full size-full\" alt=\"\" srcset=\"https:\/\/hermesgloballojistik.com.tr\/wp-content\/uploads\/2022\/05\/EB_6954.jpg 1000w, https:\/\/hermesgloballojistik.com.tr\/wp-content\/uploads\/2022\/05\/EB_6954-300x200.jpg 300w, https:\/\/hermesgloballojistik.com.tr\/wp-content\/uploads\/2022\/05\/EB_6954-768x512.jpg 768w\" sizes=\"(max-width: 1000px) 100vw, 1000px\" \/><\/a>\n\t\t<\/div><\/div><div class='gallery-item' style='float: left; width: 25%;'>\n\t\t<div class='gallery-icon'>\n\t\t\t<a href='https:\/\/hermesgloballojistik.com.tr\/wp-content\/uploads\/2022\/05\/EB_7126.jpg'><img decoding=\"async\" width=\"1000\" height=\"667\" src=\"https:\/\/hermesgloballojistik.com.tr\/wp-content\/uploads\/2022\/05\/EB_7126.jpg\" class=\"attachment-full size-full\" alt=\"\" srcset=\"https:\/\/hermesgloballojistik.com.tr\/wp-content\/uploads\/2022\/05\/EB_7126.jpg 1000w, https:\/\/hermesgloballojistik.com.tr\/wp-content\/uploads\/2022\/05\/EB_7126-300x200.jpg 300w, https:\/\/hermesgloballojistik.com.tr\/wp-content\/uploads\/2022\/05\/EB_7126-768x512.jpg 768w\" sizes=\"(max-width: 1000px) 100vw, 1000px\" \/><\/a>\n\t\t<\/div><\/div><div class='gallery-item' style='float: left; width: 25%;'>\n\t\t<div class='gallery-icon'>\n\t\t\t<a href='https:\/\/hermesgloballojistik.com.tr\/wp-content\/uploads\/2022\/05\/8.jpg'><img loading=\"lazy\" decoding=\"async\" width=\"1000\" height=\"667\" src=\"https:\/\/hermesgloballojistik.com.tr\/wp-content\/uploads\/2022\/05\/8.jpg\" class=\"attachment-full size-full\" alt=\"\" srcset=\"https:\/\/hermesgloballojistik.com.tr\/wp-content\/uploads\/2022\/05\/8.jpg 1000w, https:\/\/hermesgloballojistik.com.tr\/wp-content\/uploads\/2022\/05\/8-300x200.jpg 300w, https:\/\/hermesgloballojistik.com.tr\/wp-content\/uploads\/2022\/05\/8-768x512.jpg 768w\" sizes=\"(max-width: 1000px) 100vw, 1000px\" \/><\/a>\n\t\t<\/div><\/div><div class='gallery-item' style='float: left; width: 25%;'>\n\t\t<div class='gallery-icon'>\n\t\t\t<a href='https:\/\/hermesgloballojistik.com.tr\/wp-content\/uploads\/2022\/05\/SEKERPINAR-ANA-SAYFA-GORSELI-1.jpg'><img loading=\"lazy\" decoding=\"async\" width=\"1000\" height=\"667\" src=\"https:\/\/hermesgloballojistik.com.tr\/wp-content\/uploads\/2022\/05\/SEKERPINAR-ANA-SAYFA-GORSELI-1.jpg\" class=\"attachment-full size-full\" alt=\"\" srcset=\"https:\/\/hermesgloballojistik.com.tr\/wp-content\/uploads\/2022\/05\/SEKERPINAR-ANA-SAYFA-GORSELI-1.jpg 1000w, https:\/\/hermesgloballojistik.com.tr\/wp-content\/uploads\/2022\/05\/SEKERPINAR-ANA-SAYFA-GORSELI-1-300x200.jpg 300w, https:\/\/hermesgloballojistik.com.tr\/wp-content\/uploads\/2022\/05\/SEKERPINAR-ANA-SAYFA-GORSELI-1-768x512.jpg 768w\" sizes=\"(max-width: 1000px) 100vw, 1000px\" \/><\/a>\n\t\t<\/div><\/div><br style=\"clear: both\"><\/div>\n\n\n\t\t<\/div>\n\t<\/div>\n<\/div><\/div><\/div><!-- CWS Column --> <\/div><\/div><\/div><div class=\"vc_row-full-width vc_clearfix\"><\/div><\/div>","protected":false},"excerpt":{"rendered":"Serbest Depolama Hermes Global, Pelitli 15000 m2, Had\u0131mk\u00f6y 1800 m2, \u015eekerp\u0131nar 300 m2 olmak \u00fczere 17000 m2\u2018nin \u00fczerinde serbest depolama alan\u0131na sahipdir. Millile\u015fmi\u015f ya da yurti\u00e7i al\u0131mlar\u0131n\u0131z olan her t\u00fcrl\u00fc emtian\u0131z\u0131n \u00fcr\u00fcn kabul\u00fcnden ba\u015flayarak, depolama ve araca y\u00fckleme s\u00fcre\u00e7lerini eksiksiz y\u00fcr\u00fctmekteyiz. Antrepomuzda millile\u015fme s\u00fcreci tamamlanan mallar serbest depoya al\u0131nmakta ve sevkiyatlar\u0131 ger\u00e7ekle\u015ftirilmektedir. M\u00fc\u015fteri memnuniyeti odakl\u0131 hizmet anlay\u0131\u015f\u0131m\u0131z, personel ve ekipmanlar\u0131m\u0131z\u0131n yeterlili\u011fi bize lojistikte h\u0131zl\u0131 ve kaliteli hizmet sunma imkan\u0131 sa\u011flamaktad\u0131r. Depolar\u0131m\u0131zda mal\u0131n\u0131z\u0131 hasars\u0131z, g\u00fcvenli, temiz ve d\u00fczenli olarak her t\u00fcrl\u00fc riske hatta deprem riskine kar\u015f\u0131 bile sigortal\u0131 olarak, muhafaza etmekteyiz. KATMA DE\u011eERL\u0130 LOJ\u0130ST\u0130K H\u0130ZMETLER Mal Kabul Kalite Kontrol S\u00fcreci Sevk \u00f6ncesi kalite kontrol Sipari\u015f haz\u0131rlama Paketleme Kutulama Birle\u015ftirme Par\u00e7alama Yeniden ambalajlama Etiketleme Fiyat etiketi basma Kullanim talimat\u0131 ekleme Asorti olu\u015fturma Ask\u0131lama \u00dct\u00fcleme G\u00fcvenlik band\u0131 takma Promosyon paketleri haz\u0131rlama Kampanyal\u0131 \u00fcr\u00fcn paketi haz\u0131rlama Garanti kart\u0131 ekleme","protected":false},"author":2,"featured_media":0,"parent":0,"menu_order":0,"comment_status":"closed","ping_status":"closed","template":"","meta":{"footnotes":""},"class_list":["post-3540","page","type-page","status-publish","hentry"],"_links":{"self":[{"href":"https:\/\/hermesgloballojistik.com.tr\/en\/wp-json\/wp\/v2\/pages\/3540","targetHints":{"allow":["GET"]}}],"collection":[{"href":"https:\/\/hermesgloballojistik.com.tr\/en\/wp-json\/wp\/v2\/pages"}],"about":[{"href":"https:\/\/hermesgloballojistik.com.tr\/en\/wp-json\/wp\/v2\/types\/page"}],"author":[{"embeddable":true,"href":"https:\/\/hermesgloballojistik.com.tr\/en\/wp-json\/wp\/v2\/users\/2"}],"replies":[{"embeddable":true,"href":"https:\/\/hermesgloballojistik.com.tr\/en\/wp-json\/wp\/v2\/comments?post=3540"}],"version-history":[{"count":0,"href":"https:\/\/hermesgloballojistik.com.tr\/en\/wp-json\/wp\/v2\/pages\/3540\/revisions"}],"wp:attachment":[{"href":"https:\/\/hermesgloballojistik.com.tr\/en\/wp-json\/wp\/v2\/media?parent=3540"}],"curies":[{"name":"wp","href":"https:\/\/api.w.org\/{rel}","templated":true}]}}