{"id":3503,"date":"2022-03-04T09:54:38","date_gmt":"2022-03-04T09:54:38","guid":{"rendered":"https:\/\/hermesgloballojistik.com.tr\/?page_id=3503"},"modified":"2024-05-15T14:38:19","modified_gmt":"2024-05-15T14:38:19","slug":"sertifikalarimiz","status":"publish","type":"page","link":"https:\/\/hermesgloballojistik.com.tr\/en\/sertifikalarimiz\/","title":{"rendered":"Our Certificates"},"content":{"rendered":"<!-- CWS Row --><div class=\"cws-content clearfix\"><div class=\"vc_row wpb_row vc_row-fluid vc_custom_1646381776792\"><div class=\"wpb_column vc_column_container vc_col-sm-12 cws-column\"><div class=\"cws_vc_column-inner\"><div class=\"wpb_column vc_column_container vc_col-sm-12\"><div class=\"vc_column-inner\"><div class=\"wpb_wrapper\"><div class='cws_textmodule cws_vc_shortcode_module  vc_custom_1652868609300' id='cws_textmodule_69de522e19780'><div class='cws_textmodule_wrapper'><div class='cws_textmodule_text text_align_center'><div class='cws_textmodule_titles display_block'><h3 class='cws_textmodule_title'><span>Our Certificates<\/span><\/h3><\/div><\/div><\/div><\/div><\/div><\/div><\/div><!-- CWS Column --> <\/div><\/div><\/div><\/div><!-- CWS Row --><div class=\"cws-content clearfix\"><div class=\"vc_row wpb_row vc_row-fluid\"><div class=\"wpb_column vc_column_container vc_col-sm-3 vc_col-has-fill vc_col-has-border vc_col-has-padding vc_col-has-margin cws-column\"><div class=\"cws_vc_column-inner vc_custom_1647944106751\"><div class=\"wpb_column vc_column_container vc_col-sm-3 vc_col-has-fill\"><div class=\"vc_column-inner vc_custom_1647944106751\"><div class=\"wpb_wrapper\">\n\t<div  class=\"wpb_single_image wpb_content_element vc_align_center\">\n\t\t\n\t\t<figure class=\"wpb_wrapper vc_figure\">\n\t\t\t<a class=\"\" data-lightbox=\"lightbox[rel-3503-937856906]\" href=\"https:\/\/hermesgloballojistik.com.tr\/wp-content\/uploads\/2024\/04\/HERMES_GDP-_TR-724x1024.jpg\" target=\"_self\"><img fetchpriority=\"high\" decoding=\"async\" width=\"1653\" height=\"2338\" src=\"https:\/\/hermesgloballojistik.com.tr\/wp-content\/uploads\/2024\/04\/HERMES_GDP-_TR.jpg\" class=\"vc_single_image-img attachment-full\" alt=\"\" title=\"HERMES_GDP _TR\" srcset=\"https:\/\/hermesgloballojistik.com.tr\/wp-content\/uploads\/2024\/04\/HERMES_GDP-_TR.jpg 1653w, https:\/\/hermesgloballojistik.com.tr\/wp-content\/uploads\/2024\/04\/HERMES_GDP-_TR-212x300.jpg 212w, https:\/\/hermesgloballojistik.com.tr\/wp-content\/uploads\/2024\/04\/HERMES_GDP-_TR-724x1024.jpg 724w, https:\/\/hermesgloballojistik.com.tr\/wp-content\/uploads\/2024\/04\/HERMES_GDP-_TR-768x1086.jpg 768w, https:\/\/hermesgloballojistik.com.tr\/wp-content\/uploads\/2024\/04\/HERMES_GDP-_TR-1086x1536.jpg 1086w, https:\/\/hermesgloballojistik.com.tr\/wp-content\/uploads\/2024\/04\/HERMES_GDP-_TR-1448x2048.jpg 1448w, https:\/\/hermesgloballojistik.com.tr\/wp-content\/uploads\/2024\/04\/HERMES_GDP-_TR-8x12.jpg 8w\" sizes=\"(max-width: 1653px) 100vw, 1653px\" \/><\/a>\n\t\t<\/figure>\n\t<\/div>\n<h4 style=\"text-align: left;font-family:Acme;font-weight:400;font-style:normal\" class=\"vc_custom_heading\" >GDP<\/h4><\/div><\/div><\/div><!-- CWS Column --> <\/div><\/div><div class=\"wpb_column vc_column_container vc_col-sm-3 vc_col-has-fill vc_col-has-border vc_col-has-padding vc_col-has-margin cws-column\"><div class=\"cws_vc_column-inner vc_custom_1646684951396\"><div class=\"wpb_column vc_column_container vc_col-sm-3 vc_col-has-fill\"><div class=\"vc_column-inner vc_custom_1646684951396\"><div class=\"wpb_wrapper\">\n\t<div  class=\"wpb_single_image wpb_content_element vc_align_left\">\n\t\t\n\t\t<figure class=\"wpb_wrapper vc_figure\">\n\t\t\t<a class=\"\" data-lightbox=\"lightbox[rel-3503-2763143366]\" href=\"https:\/\/hermesgloballojistik.com.tr\/wp-content\/uploads\/2022\/03\/ISO-IEC-27001-2013-724x1024.jpg\" target=\"_self\"><img decoding=\"async\" width=\"826\" height=\"1168\" src=\"https:\/\/hermesgloballojistik.com.tr\/wp-content\/uploads\/2022\/03\/ISO-IEC-27001-2013.jpg\" class=\"vc_single_image-img attachment-full\" alt=\"\" title=\"ISO-IEC-27001-2013\" srcset=\"https:\/\/hermesgloballojistik.com.tr\/wp-content\/uploads\/2022\/03\/ISO-IEC-27001-2013.jpg 826w, https:\/\/hermesgloballojistik.com.tr\/wp-content\/uploads\/2022\/03\/ISO-IEC-27001-2013-212x300.jpg 212w, https:\/\/hermesgloballojistik.com.tr\/wp-content\/uploads\/2022\/03\/ISO-IEC-27001-2013-724x1024.jpg 724w, https:\/\/hermesgloballojistik.com.tr\/wp-content\/uploads\/2022\/03\/ISO-IEC-27001-2013-768x1086.jpg 768w\" sizes=\"(max-width: 826px) 100vw, 826px\" \/><\/a>\n\t\t<\/figure>\n\t<\/div>\n<h4 style=\"text-align: left;font-family:Acme;font-weight:400;font-style:normal\" class=\"vc_custom_heading\" ><a href=\"https:\/\/hermesgloballojistik.com.tr\/wp-content\/uploads\/2022\/03\/HERMES-27001-2022-SERT..pdf\">ISO9001-2008<\/a><\/h4><\/div><\/div><\/div><!-- CWS Column --> <\/div><\/div><div class=\"wpb_column vc_column_container vc_col-sm-3 vc_col-has-fill vc_col-has-border vc_col-has-padding vc_col-has-margin cws-column\"><div class=\"cws_vc_column-inner vc_custom_1646684958441\"><div class=\"wpb_column vc_column_container vc_col-sm-3 vc_col-has-fill\"><div class=\"vc_column-inner vc_custom_1646684958441\"><div class=\"wpb_wrapper\">\n\t<div  class=\"wpb_single_image wpb_content_element vc_align_left\">\n\t\t\n\t\t<figure class=\"wpb_wrapper vc_figure\">\n\t\t\t<a class=\"\" data-lightbox=\"lightbox[rel-3503-2897968151]\" href=\"https:\/\/hermesgloballojistik.com.tr\/wp-content\/uploads\/2024\/05\/ISO-9001-2015-TR-724x1024.jpg\" target=\"_self\"><img decoding=\"async\" width=\"827\" height=\"1169\" src=\"https:\/\/hermesgloballojistik.com.tr\/wp-content\/uploads\/2024\/05\/ISO-9001-2015-TR.jpg\" class=\"vc_single_image-img attachment-full\" alt=\"\" title=\"ISO-9001-2015-TR\" srcset=\"https:\/\/hermesgloballojistik.com.tr\/wp-content\/uploads\/2024\/05\/ISO-9001-2015-TR.jpg 827w, https:\/\/hermesgloballojistik.com.tr\/wp-content\/uploads\/2024\/05\/ISO-9001-2015-TR-212x300.jpg 212w, https:\/\/hermesgloballojistik.com.tr\/wp-content\/uploads\/2024\/05\/ISO-9001-2015-TR-724x1024.jpg 724w, https:\/\/hermesgloballojistik.com.tr\/wp-content\/uploads\/2024\/05\/ISO-9001-2015-TR-768x1086.jpg 768w, https:\/\/hermesgloballojistik.com.tr\/wp-content\/uploads\/2024\/05\/ISO-9001-2015-TR-8x12.jpg 8w\" sizes=\"(max-width: 827px) 100vw, 827px\" \/><\/a>\n\t\t<\/figure>\n\t<\/div>\n<h4 style=\"text-align: left;font-family:Acme;font-weight:400;font-style:normal\" class=\"vc_custom_heading\" >ISO-9001-2015 TR<\/h4><\/div><\/div><\/div><!-- CWS Column --> <\/div><\/div><div class=\"wpb_column vc_column_container vc_col-sm-3 vc_col-has-fill vc_col-has-border vc_col-has-padding vc_col-has-margin cws-column\"><div class=\"cws_vc_column-inner vc_custom_1648135956321\"><div class=\"wpb_column vc_column_container vc_col-sm-3 vc_col-has-fill\"><div class=\"vc_column-inner vc_custom_1648135956321\"><div class=\"wpb_wrapper\">\n\t<div  class=\"wpb_single_image wpb_content_element vc_align_left\">\n\t\t\n\t\t<figure class=\"wpb_wrapper vc_figure\">\n\t\t\t<a class=\"\" data-lightbox=\"lightbox[rel-3503-2418634700]\" href=\"https:\/\/hermesgloballojistik.com.tr\/wp-content\/uploads\/2024\/05\/ISO-9001-2015-EN-724x1024.jpg\" target=\"_self\"><img loading=\"lazy\" decoding=\"async\" width=\"827\" height=\"1169\" src=\"https:\/\/hermesgloballojistik.com.tr\/wp-content\/uploads\/2024\/05\/ISO-9001-2015-EN.jpg\" class=\"vc_single_image-img attachment-full\" alt=\"\" title=\"ISO-9001-2015-EN\" srcset=\"https:\/\/hermesgloballojistik.com.tr\/wp-content\/uploads\/2024\/05\/ISO-9001-2015-EN.jpg 827w, https:\/\/hermesgloballojistik.com.tr\/wp-content\/uploads\/2024\/05\/ISO-9001-2015-EN-212x300.jpg 212w, https:\/\/hermesgloballojistik.com.tr\/wp-content\/uploads\/2024\/05\/ISO-9001-2015-EN-724x1024.jpg 724w, https:\/\/hermesgloballojistik.com.tr\/wp-content\/uploads\/2024\/05\/ISO-9001-2015-EN-768x1086.jpg 768w, https:\/\/hermesgloballojistik.com.tr\/wp-content\/uploads\/2024\/05\/ISO-9001-2015-EN-8x12.jpg 8w\" sizes=\"(max-width: 827px) 100vw, 827px\" \/><\/a>\n\t\t<\/figure>\n\t<\/div>\n<h4 style=\"text-align: left;font-family:Acme;font-weight:400;font-style:normal\" class=\"vc_custom_heading\" >ISO-9001-2015 EN<\/h4><\/div><\/div><\/div><!-- CWS Column --> <\/div><\/div><\/div><\/div><!-- CWS Row --><div class=\"cws-content clearfix\"><div class=\"vc_row wpb_row vc_row-fluid vc_custom_1647944168564\"><div class=\"wpb_column vc_column_container vc_col-sm-3 vc_col-has-fill vc_col-has-border vc_col-has-padding vc_col-has-margin cws-column\"><div class=\"cws_vc_column-inner vc_custom_1646381352484\"><div class=\"wpb_column vc_column_container vc_col-sm-3 vc_col-has-fill\"><div class=\"vc_column-inner vc_custom_1646381352484\"><div class=\"wpb_wrapper\">\n\t<div  class=\"wpb_single_image wpb_content_element vc_align_left\">\n\t\t\n\t\t<figure class=\"wpb_wrapper vc_figure\">\n\t\t\t<a class=\"\" data-lightbox=\"lightbox[rel-3503-931993204]\" href=\"https:\/\/hermesgloballojistik.com.tr\/wp-content\/uploads\/2024\/05\/ISO-45001-2018-TR-724x1024.jpg\" target=\"_self\"><img loading=\"lazy\" decoding=\"async\" width=\"827\" height=\"1169\" src=\"https:\/\/hermesgloballojistik.com.tr\/wp-content\/uploads\/2024\/05\/ISO-45001-2018-TR.jpg\" class=\"vc_single_image-img attachment-full\" alt=\"\" title=\"ISO-45001-2018-TR\" srcset=\"https:\/\/hermesgloballojistik.com.tr\/wp-content\/uploads\/2024\/05\/ISO-45001-2018-TR.jpg 827w, https:\/\/hermesgloballojistik.com.tr\/wp-content\/uploads\/2024\/05\/ISO-45001-2018-TR-212x300.jpg 212w, https:\/\/hermesgloballojistik.com.tr\/wp-content\/uploads\/2024\/05\/ISO-45001-2018-TR-724x1024.jpg 724w, https:\/\/hermesgloballojistik.com.tr\/wp-content\/uploads\/2024\/05\/ISO-45001-2018-TR-768x1086.jpg 768w, https:\/\/hermesgloballojistik.com.tr\/wp-content\/uploads\/2024\/05\/ISO-45001-2018-TR-8x12.jpg 8w\" sizes=\"(max-width: 827px) 100vw, 827px\" \/><\/a>\n\t\t<\/figure>\n\t<\/div>\n<h4 style=\"text-align: left;font-family:Acme;font-weight:400;font-style:normal\" class=\"vc_custom_heading\" >ISO-45001-2018 TR<\/h4><\/div><\/div><\/div><!-- CWS Column --> <\/div><\/div><div class=\"wpb_column vc_column_container vc_col-sm-3 vc_col-has-fill vc_col-has-border vc_col-has-padding vc_col-has-margin cws-column\"><div class=\"cws_vc_column-inner vc_custom_1646684951396\"><div class=\"wpb_column vc_column_container vc_col-sm-3 vc_col-has-fill\"><div class=\"vc_column-inner vc_custom_1646684951396\"><div class=\"wpb_wrapper\">\n\t<div  class=\"wpb_single_image wpb_content_element vc_align_left\">\n\t\t\n\t\t<figure class=\"wpb_wrapper vc_figure\">\n\t\t\t<a class=\"\" data-lightbox=\"lightbox[rel-3503-2944453772]\" href=\"https:\/\/hermesgloballojistik.com.tr\/wp-content\/uploads\/2024\/05\/ISO-45001-2018-EN-724x1024.jpg\" target=\"_self\"><img loading=\"lazy\" decoding=\"async\" width=\"827\" height=\"1169\" src=\"https:\/\/hermesgloballojistik.com.tr\/wp-content\/uploads\/2024\/05\/ISO-45001-2018-EN.jpg\" class=\"vc_single_image-img attachment-full\" alt=\"\" title=\"ISO-45001-2018-EN\" srcset=\"https:\/\/hermesgloballojistik.com.tr\/wp-content\/uploads\/2024\/05\/ISO-45001-2018-EN.jpg 827w, https:\/\/hermesgloballojistik.com.tr\/wp-content\/uploads\/2024\/05\/ISO-45001-2018-EN-212x300.jpg 212w, https:\/\/hermesgloballojistik.com.tr\/wp-content\/uploads\/2024\/05\/ISO-45001-2018-EN-724x1024.jpg 724w, https:\/\/hermesgloballojistik.com.tr\/wp-content\/uploads\/2024\/05\/ISO-45001-2018-EN-768x1086.jpg 768w, https:\/\/hermesgloballojistik.com.tr\/wp-content\/uploads\/2024\/05\/ISO-45001-2018-EN-8x12.jpg 8w\" sizes=\"(max-width: 827px) 100vw, 827px\" \/><\/a>\n\t\t<\/figure>\n\t<\/div>\n<h4 style=\"text-align: left;font-family:Acme;font-weight:400;font-style:normal\" class=\"vc_custom_heading\" >ISO-45001-2018 EN<\/h4><\/div><\/div><\/div><!-- CWS Column --> <\/div><\/div><div class=\"wpb_column vc_column_container vc_col-sm-3 vc_col-has-fill vc_col-has-border vc_col-has-padding vc_col-has-margin cws-column\"><div class=\"cws_vc_column-inner vc_custom_1646684958441\"><div class=\"wpb_column vc_column_container vc_col-sm-3 vc_col-has-fill\"><div class=\"vc_column-inner vc_custom_1646684958441\"><div class=\"wpb_wrapper\">\n\t<div  class=\"wpb_single_image wpb_content_element vc_align_left\">\n\t\t\n\t\t<figure class=\"wpb_wrapper vc_figure\">\n\t\t\t<a class=\"\" data-lightbox=\"lightbox[rel-3503-3716096030]\" href=\"https:\/\/hermesgloballojistik.com.tr\/wp-content\/uploads\/2024\/05\/ISO-14001-2015-TR-724x1024.jpg\" target=\"_self\"><img loading=\"lazy\" decoding=\"async\" width=\"827\" height=\"1169\" src=\"https:\/\/hermesgloballojistik.com.tr\/wp-content\/uploads\/2024\/05\/ISO-14001-2015-TR.jpg\" class=\"vc_single_image-img attachment-full\" alt=\"\" title=\"ISO-14001-2015-TR\" srcset=\"https:\/\/hermesgloballojistik.com.tr\/wp-content\/uploads\/2024\/05\/ISO-14001-2015-TR.jpg 827w, https:\/\/hermesgloballojistik.com.tr\/wp-content\/uploads\/2024\/05\/ISO-14001-2015-TR-212x300.jpg 212w, https:\/\/hermesgloballojistik.com.tr\/wp-content\/uploads\/2024\/05\/ISO-14001-2015-TR-724x1024.jpg 724w, https:\/\/hermesgloballojistik.com.tr\/wp-content\/uploads\/2024\/05\/ISO-14001-2015-TR-768x1086.jpg 768w, https:\/\/hermesgloballojistik.com.tr\/wp-content\/uploads\/2024\/05\/ISO-14001-2015-TR-8x12.jpg 8w\" sizes=\"(max-width: 827px) 100vw, 827px\" \/><\/a>\n\t\t<\/figure>\n\t<\/div>\n<h4 style=\"text-align: left;font-family:Acme;font-weight:400;font-style:normal\" class=\"vc_custom_heading\" >ISO-14001-2015 TR<\/h4><\/div><\/div><\/div><!-- CWS Column --> <\/div><\/div><div class=\"wpb_column vc_column_container vc_col-sm-3 vc_col-has-fill vc_col-has-border vc_col-has-padding vc_col-has-margin cws-column\"><div class=\"cws_vc_column-inner vc_custom_1648135950029\"><div class=\"wpb_column vc_column_container vc_col-sm-3 vc_col-has-fill\"><div class=\"vc_column-inner vc_custom_1648135950029\"><div class=\"wpb_wrapper\">\n\t<div  class=\"wpb_single_image wpb_content_element vc_align_left\">\n\t\t\n\t\t<figure class=\"wpb_wrapper vc_figure\">\n\t\t\t<a class=\"\" data-lightbox=\"lightbox[rel-3503-733744143]\" href=\"https:\/\/hermesgloballojistik.com.tr\/wp-content\/uploads\/2024\/05\/ISO-14001-2015-EN-724x1024.jpg\" target=\"_self\"><img loading=\"lazy\" decoding=\"async\" width=\"827\" height=\"1169\" src=\"https:\/\/hermesgloballojistik.com.tr\/wp-content\/uploads\/2024\/05\/ISO-14001-2015-EN.jpg\" class=\"vc_single_image-img attachment-full\" alt=\"\" title=\"ISO-14001-2015-EN\" srcset=\"https:\/\/hermesgloballojistik.com.tr\/wp-content\/uploads\/2024\/05\/ISO-14001-2015-EN.jpg 827w, https:\/\/hermesgloballojistik.com.tr\/wp-content\/uploads\/2024\/05\/ISO-14001-2015-EN-212x300.jpg 212w, https:\/\/hermesgloballojistik.com.tr\/wp-content\/uploads\/2024\/05\/ISO-14001-2015-EN-724x1024.jpg 724w, https:\/\/hermesgloballojistik.com.tr\/wp-content\/uploads\/2024\/05\/ISO-14001-2015-EN-768x1086.jpg 768w, https:\/\/hermesgloballojistik.com.tr\/wp-content\/uploads\/2024\/05\/ISO-14001-2015-EN-8x12.jpg 8w\" sizes=\"(max-width: 827px) 100vw, 827px\" \/><\/a>\n\t\t<\/figure>\n\t<\/div>\n<h4 style=\"text-align: left;font-family:Acme;font-weight:400;font-style:normal\" class=\"vc_custom_heading\" >ISO-14001-2015 EN<\/h4><\/div><\/div><\/div><!-- CWS Column --> <\/div><\/div><\/div><\/div><!-- CWS Row --><div class=\"cws-content clearfix\"><div class=\"vc_row wpb_row vc_row-fluid vc_custom_1647944168564\"><div class=\"wpb_column vc_column_container vc_col-sm-3 vc_col-has-fill vc_col-has-border vc_col-has-padding vc_col-has-margin cws-column\"><div class=\"cws_vc_column-inner vc_custom_1646381352484\"><div class=\"wpb_column vc_column_container vc_col-sm-3 vc_col-has-fill\"><div class=\"vc_column-inner vc_custom_1646381352484\"><div class=\"wpb_wrapper\">\n\t<div  class=\"wpb_single_image wpb_content_element vc_align_left\">\n\t\t\n\t\t<figure class=\"wpb_wrapper vc_figure\">\n\t\t\t<a class=\"\" data-lightbox=\"lightbox[rel-3503-3011468908]\" href=\"https:\/\/hermesgloballojistik.com.tr\/wp-content\/uploads\/2024\/05\/ISO-27001-2013-EN-724x1024.jpg\" target=\"_self\"><img loading=\"lazy\" decoding=\"async\" width=\"827\" height=\"1169\" src=\"https:\/\/hermesgloballojistik.com.tr\/wp-content\/uploads\/2024\/05\/ISO-27001-2013-EN.jpg\" class=\"vc_single_image-img attachment-full\" alt=\"\" title=\"ISO-27001-2013-EN\" srcset=\"https:\/\/hermesgloballojistik.com.tr\/wp-content\/uploads\/2024\/05\/ISO-27001-2013-EN.jpg 827w, https:\/\/hermesgloballojistik.com.tr\/wp-content\/uploads\/2024\/05\/ISO-27001-2013-EN-212x300.jpg 212w, https:\/\/hermesgloballojistik.com.tr\/wp-content\/uploads\/2024\/05\/ISO-27001-2013-EN-724x1024.jpg 724w, https:\/\/hermesgloballojistik.com.tr\/wp-content\/uploads\/2024\/05\/ISO-27001-2013-EN-768x1086.jpg 768w, https:\/\/hermesgloballojistik.com.tr\/wp-content\/uploads\/2024\/05\/ISO-27001-2013-EN-8x12.jpg 8w\" sizes=\"(max-width: 827px) 100vw, 827px\" \/><\/a>\n\t\t<\/figure>\n\t<\/div>\n<h4 style=\"text-align: left;font-family:Acme;font-weight:400;font-style:normal\" class=\"vc_custom_heading\" >ISO-27001-2013 TR<\/h4><\/div><\/div><\/div><!-- CWS Column --> <\/div><\/div><div class=\"wpb_column vc_column_container vc_col-sm-3 vc_col-has-fill vc_col-has-border vc_col-has-padding vc_col-has-margin cws-column\"><div class=\"cws_vc_column-inner vc_custom_1646684951396\"><div class=\"wpb_column vc_column_container vc_col-sm-3 vc_col-has-fill\"><div class=\"vc_column-inner vc_custom_1646684951396\"><div class=\"wpb_wrapper\">\n\t<div  class=\"wpb_single_image wpb_content_element vc_align_left\">\n\t\t\n\t\t<figure class=\"wpb_wrapper vc_figure\">\n\t\t\t<a class=\"\" data-lightbox=\"lightbox[rel-3503-3643901228]\" href=\"https:\/\/hermesgloballojistik.com.tr\/wp-content\/uploads\/2024\/05\/ISO-27001-2013-EN-724x1024.jpg\" target=\"_self\"><img loading=\"lazy\" decoding=\"async\" width=\"827\" height=\"1169\" src=\"https:\/\/hermesgloballojistik.com.tr\/wp-content\/uploads\/2024\/05\/ISO-27001-2013-EN.jpg\" class=\"vc_single_image-img attachment-full\" alt=\"\" title=\"ISO-27001-2013-EN\" srcset=\"https:\/\/hermesgloballojistik.com.tr\/wp-content\/uploads\/2024\/05\/ISO-27001-2013-EN.jpg 827w, https:\/\/hermesgloballojistik.com.tr\/wp-content\/uploads\/2024\/05\/ISO-27001-2013-EN-212x300.jpg 212w, https:\/\/hermesgloballojistik.com.tr\/wp-content\/uploads\/2024\/05\/ISO-27001-2013-EN-724x1024.jpg 724w, https:\/\/hermesgloballojistik.com.tr\/wp-content\/uploads\/2024\/05\/ISO-27001-2013-EN-768x1086.jpg 768w, https:\/\/hermesgloballojistik.com.tr\/wp-content\/uploads\/2024\/05\/ISO-27001-2013-EN-8x12.jpg 8w\" sizes=\"(max-width: 827px) 100vw, 827px\" \/><\/a>\n\t\t<\/figure>\n\t<\/div>\n<h4 style=\"text-align: left;font-family:Acme;font-weight:400;font-style:normal\" class=\"vc_custom_heading\" >ISO-27001-2013 EN<\/h4><\/div><\/div><\/div><!-- CWS Column --> <\/div><\/div><div class=\"wpb_column vc_column_container vc_col-sm-3 vc_col-has-fill vc_col-has-border vc_col-has-padding vc_col-has-margin cws-column\"><div class=\"cws_vc_column-inner vc_custom_1646684958441\"><div class=\"wpb_column vc_column_container vc_col-sm-3 vc_col-has-fill\"><div class=\"vc_column-inner vc_custom_1646684958441\"><div class=\"wpb_wrapper\">\n\t<div  class=\"wpb_single_image wpb_content_element vc_align_left\">\n\t\t\n\t\t<figure class=\"wpb_wrapper vc_figure\">\n\t\t\t<a class=\"\" data-lightbox=\"lightbox[rel-3503-3831504595]\" href=\"https:\/\/hermesgloballojistik.com.tr\/wp-content\/uploads\/2023\/03\/depo-derecelendirme-belgesi.jpg\" target=\"_self\"><img loading=\"lazy\" decoding=\"async\" width=\"618\" height=\"870\" src=\"https:\/\/hermesgloballojistik.com.tr\/wp-content\/uploads\/2023\/03\/depo-derecelendirme-belgesi.jpg\" class=\"vc_single_image-img attachment-full\" alt=\"\" title=\"depo-derecelendirme-belgesi\" srcset=\"https:\/\/hermesgloballojistik.com.tr\/wp-content\/uploads\/2023\/03\/depo-derecelendirme-belgesi.jpg 618w, https:\/\/hermesgloballojistik.com.tr\/wp-content\/uploads\/2023\/03\/depo-derecelendirme-belgesi-213x300.jpg 213w, https:\/\/hermesgloballojistik.com.tr\/wp-content\/uploads\/2023\/03\/depo-derecelendirme-belgesi-9x12.jpg 9w\" sizes=\"(max-width: 618px) 100vw, 618px\" \/><\/a>\n\t\t<\/figure>\n\t<\/div>\n<h4 style=\"text-align: left;font-family:Acme;font-weight:400;font-style:normal\" class=\"vc_custom_heading\" ><a href=\"https:\/\/hermesgloballojistik.com.tr\/wp-content\/uploads\/2023\/03\/LSS.PR_.07.EK_.01A-23.01-Depolama-Derecelendirme-Belgesi-Hermes.pdf\">Depolama Derecelendirme Belgesi<\/a><\/h4><\/div><\/div><\/div><!-- CWS Column --> <\/div><\/div><div class=\"wpb_column vc_column_container vc_col-sm-3 vc_col-has-fill vc_col-has-border vc_col-has-padding vc_col-has-margin cws-column\"><div class=\"cws_vc_column-inner vc_custom_1648135950029\"><div class=\"wpb_column vc_column_container vc_col-sm-3 vc_col-has-fill\"><div class=\"vc_column-inner vc_custom_1648135950029\"><div class=\"wpb_wrapper\"><\/div><\/div><\/div><!-- CWS Column --> <\/div><\/div><\/div><\/div><!-- CWS Row --><div class=\"cws-content clearfix\"><div class=\"vc_row wpb_row vc_row-fluid vc_custom_1652868687487\"><div class=\"wpb_column vc_column_container vc_col-sm-12 cws-column\"><div class=\"cws_vc_column-inner\"><div class=\"wpb_column vc_column_container vc_col-sm-12\"><div class=\"vc_column-inner\"><div class=\"wpb_wrapper\"><div class='cws_textmodule cws_vc_shortcode_module  vc_custom_1676669272086' id='cws_textmodule_69de522e2f260'><div class='cws_textmodule_wrapper'><div class='cws_textmodule_text text_align_center'><div class='cws_textmodule_titles display_block'><h3 class='cws_textmodule_title'><span>Our Inspections<\/span><\/h3><\/div><div class='cws_textmodule_content'><div class='text_content_wrapper'><p style=\"text-align: center;\">Customs consultant authorized with contract<\/p>\n<p style=\"text-align: center;\">District Head of Department of Fire Station<\/p>\n<p style=\"text-align: center;\">Responsible Manager (for chemical materials)<\/p>\n<p style=\"text-align: center;\">Occupational Safety Specialist and Physician<\/p>\n<p style=\"text-align: center;\">Supplier for periodical check and maintenance of extinguishing installation, automatic and mobile fire extinguishers<\/p>\n<p style=\"text-align: center;\">Contracted supplier for maintenance of cold storage<\/p>\n<p style=\"text-align: center;\">Pest and insect control system<\/p>\n<p style=\"text-align: center;\">Hazardous Substance Safety Adviser<\/p>\n<\/div><\/div><\/div><\/div><\/div><\/div><\/div><\/div><!-- CWS Column --> <\/div><\/div><\/div><\/div>","protected":false},"excerpt":{"rendered":"Sertifikalar\u0131m\u0131z GDP ISO9001-2008 ISO-9001-2015 TR ISO-9001-2015 EN ISO-45001-2018 TR ISO-45001-2018 EN ISO-14001-2015 TR ISO-14001-2015 EN ISO-27001-2013 TR ISO-27001-2013 EN Depolama Derecelendirme Belgesi DenetimlerimizS\u00f6zle\u015fmeli yetkilendirilmi\u015f g\u00fcmr\u00fck m\u00fc\u015faviri \u0130tfaiye il\u00e7e Daire Ba\u015fkanl\u0131\u011f\u0131 Mesul M\u00fcd\u00fcr (kimyevi maddeler i\u00e7in) \u0130\u015f g\u00fcvenli\u011fi uzman ve hekimi Yang\u0131n tesistat\u0131 , otomatik ve mobil yang\u0131n s\u00f6nd\u00fcr\u00fcc\u00fclerin periyodik kontrol ve bak\u0131m\u0131\u00a0 i\u00e7in tedarik\u00e7i So\u011fuk hava deposu bak\u0131m\u0131 i\u00e7in s\u00f6zle\u015fmeli tedarik\u00e7i Pes ve Ha\u015fere Kontrol sistemi Tehlikeli Madde G\u00fcvenlik Dan\u0131\u015fman\u0131","protected":false},"author":2,"featured_media":0,"parent":0,"menu_order":0,"comment_status":"closed","ping_status":"closed","template":"","meta":{"footnotes":""},"class_list":["post-3503","page","type-page","status-publish","hentry"],"_links":{"self":[{"href":"https:\/\/hermesgloballojistik.com.tr\/en\/wp-json\/wp\/v2\/pages\/3503","targetHints":{"allow":["GET"]}}],"collection":[{"href":"https:\/\/hermesgloballojistik.com.tr\/en\/wp-json\/wp\/v2\/pages"}],"about":[{"href":"https:\/\/hermesgloballojistik.com.tr\/en\/wp-json\/wp\/v2\/types\/page"}],"author":[{"embeddable":true,"href":"https:\/\/hermesgloballojistik.com.tr\/en\/wp-json\/wp\/v2\/users\/2"}],"replies":[{"embeddable":true,"href":"https:\/\/hermesgloballojistik.com.tr\/en\/wp-json\/wp\/v2\/comments?post=3503"}],"version-history":[{"count":13,"href":"https:\/\/hermesgloballojistik.com.tr\/en\/wp-json\/wp\/v2\/pages\/3503\/revisions"}],"predecessor-version":[{"id":4436,"href":"https:\/\/hermesgloballojistik.com.tr\/en\/wp-json\/wp\/v2\/pages\/3503\/revisions\/4436"}],"wp:attachment":[{"href":"https:\/\/hermesgloballojistik.com.tr\/en\/wp-json\/wp\/v2\/media?parent=3503"}],"curies":[{"name":"wp","href":"https:\/\/api.w.org\/{rel}","templated":true}]}}